{"id":3748,"date":"2018-06-04T11:35:29","date_gmt":"2018-06-04T10:35:29","guid":{"rendered":"https:\/\/www.saphy.com\/healthcare-cosmetique\/?post_type=product&#038;p=3748"},"modified":"2024-02-01T15:45:49","modified_gmt":"2024-02-01T14:45:49","slug":"gommage-visage-au-chocolat","status":"publish","type":"product","link":"https:\/\/www.saphy.com\/healthcare-cosmetique\/produit\/gommage-visage-au-chocolat\/","title":{"rendered":"Gommage visage au chocolat Yellow rose cosmetics"},"content":{"rendered":"<h1 id=\"tw-target-text\" class=\"tw-data-text tw-ta tw-text-small\" dir=\"ltr\" data-placeholder=\"Traduction\"><span lang=\"fr\">GOMMAGE VISAGE AU CHOCOLAT YELLOW ROSE COSMETICS<\/span><\/h1>\n<p class=\"tw-data-text tw-ta tw-text-small\" dir=\"ltr\" data-placeholder=\"Traduction\"><span lang=\"fr\">Un gommage visage sous forme de gel\u00a0 riche en cacao bien connu pour son action antistress sur la peau gr\u00e2ce sous forme de Micro-granules exfoliantes ,Micro-billes fines biod\u00e9gradables qui aident \u00e0 \u00e9liminer les cellules mortes et les impuret\u00e9s.\u00a0 avec une teneur \u00e9lev\u00e9e en polyph\u00e9nols (antioxydants forts), la caf\u00e9ine et la th\u00e9obromine ont\u00a0 des propri\u00e9t\u00e9s tonifiantes et raffermissantes, des vitamines et des prot\u00e9ines. Le beurre de cacao , extrait de graines de cacao (Theobroma cacao haricots) et a \u00e9t\u00e9 utilis\u00e9 pour garder la peau douce et souple pendant des si\u00e8cles. C&rsquo;est l&rsquo;un des gras naturels les plus stables et les plus concentr\u00e9s. Le beurre de cacao aide \u00e9galement le niveau d&rsquo;humidit\u00e9 de l&rsquo;\u00e9piderme tout en cr\u00e9ant une barri\u00e8re naturelle entre la peau sensible et l&rsquo;environnement. Huile de jojoba Une cire liquide naturelle qui ressemble beaucoup au s\u00e9bum humain. \u00c9mollient et hydratant, apaise et traite la peau ab\u00eem\u00e9e, laissant une sensation de non-gras. Huile de camomille utilis\u00e9e pour ses propri\u00e9t\u00e9s de conditionnement de la peau, apaisante et anti-inflammatoire. Allantoine Nourrissante, apaisant et facteur de gu\u00e9rison. Aide \u00e0 restaurer la peau ab\u00eem\u00e9e et poss\u00e8de des propri\u00e9t\u00e9s anti-inflammatoires. avec des ingr\u00e9dients de cacao. Nettoie efficacement la peau, \u00e9limine les cellules mortes et les impuret\u00e9s sans irriter la peau. Laisse la peau propre, douce et lisse. Il convient d&rsquo;utiliser apr\u00e8s le gommage au chocolat Yellow rose cosmetics<a href=\"https:\/\/www.saphy.com\/healthcare-cosmetique\/produit\/masque-visage-au-chocolat-yellow-rose-cosmetiques\/\"> le masque au chocolat yellow rose cosmetics<\/a> . <\/span><\/p>\n<p class=\"tw-data-text tw-ta tw-text-small\" dir=\"ltr\" data-placeholder=\"Traduction\"><span lang=\"fr\">En utilisant ce produit: <\/span><\/p>\n<p class=\"tw-data-text tw-ta tw-text-small\" dir=\"ltr\" data-placeholder=\"Traduction\"><span lang=\"fr\">Utilisez 1 \u00e0 3 fois par semaine selon le type de peau. Appliquer avec de l\u00e9gers mouvements ascendants sur le visage et le cou en \u00e9vitant le contour des yeux. Laissez une couche mince pendant environ 2 minutes. Continuez en massant doucement en utilisant des mouvements circulaires vers le haut pendant environ 2 minutes. Rincez \u00e0 l&rsquo;eau ou avec un coton impr\u00e9gn\u00e9 de <a href=\"https:\/\/www.saphy.com\/healthcare-cosmetique\/produit\/lotion-azulene-yellow-rose-cosmetics\/\">lotion azul\u00e8ne Yellow rose cosmetics<\/a> . \u00c9viter l&rsquo;utilisation sur la peau irrit\u00e9e et \/ ou couperose. Peut \u00eatre efficacement combin\u00e9 avec d&rsquo;autres produits de soin visage au chocolat Yellow rose cosmetics. <\/span><\/p>\n<p dir=\"ltr\" data-placeholder=\"Traduction\">50 ML<\/p>\n<p>&nbsp;<\/p>\n<p><strong>CHOCOLATE FACE SCRUB YELLOW ROSE COSMETICS<\/strong><\/p>\n<p>Special exfoliating face scrub gel with Cacao ingredients.<\/p>\n<p>Effectively cleanses the skin, removes dead skin cells and impurities without irritating the skin.<\/p>\n<p>Leaves the skin clean, soft and smooth. Prepares also the skin to receive the active ingredients of the Yellow Rose Chocolate Face Treatment products.<\/p>\n<dl class=\"primary\">\n<dt>Using this Product:<\/dt>\n<\/dl>\n<p>Use 1 to 3 times per week according to skin type. Apply with gentle upward movements over face and neck avoiding the eye-contour area. Leave on a thin layer for about 2 minutes. Continue by massaging gently using circular-upward movements for about 2 minutes. Cleanse any remainders and tone the skin by using the appropriate Yellow Rose lotion. Avoid use on irritated and\/or couperose skin.\u00a0Can be effectively combined with the other Yellow Rose Chocolate Face Treatment products.<\/p>\n<p>Main Ingredients:<\/p>\n<dl class=\"ingredients\">\n<dt>Exfoliating micro-granules\u00a0Biodegradable fine micro-beads that help remove dead skin cells and impurities.\u00a0Cacao extract\u00a0Extract from Theobroma cacao beans with high content of polyphenols (strong anti-oxidants), Caffeine and Theobromine with toning and firming properties, Vitamins and Proteins.\u00a0Cacao butter\u00a0It is extracted from cacao seeds (Theobroma cacao beans) and has been used to keep skin soft and supple for centuries. It is one of the most stable, highly concentrated natural fats known. Cacao butter also helps retain the moisture level of the epidermis while it creates a natural barrier between sensitive skin and the environment.\u00a0Jojoba oil\u00a0A natural liquid wax closely resembling human sebum. Emollient and moisturiser, soothes and treats damaged skin, leaving a non-greasy after-feel.\u00a0Chamomile oil\u00a0Used for its skin conditioning, soothing and anti-inflammatory properties.\u00a0Allantoin\u00a0Nourishing, soothing and healing factor. Helps restore damaged skin and has anti-inflammatory properties.<\/dt>\n<\/dl>\n","protected":false},"excerpt":{"rendered":"<h1 id=\"tw-target-text\" class=\"tw-data-text tw-ta tw-text-small\" dir=\"ltr\" data-placeholder=\"Traduction\"><span lang=\"fr\">GOMMAGE VISAGE AU CHOCOLAT YELLOW ROSE COSMETICS<\/span><\/h1>\n<p class=\"tw-data-text tw-ta tw-text-small\" dir=\"ltr\" data-placeholder=\"Traduction\"><span lang=\"fr\">Un gommage visage sous forme de gel\u00a0 riche en cacao bien connu pour son action antistress sur la peau gr\u00e2ce sous forme de Micro-granules exfoliantes ,Micro-billes fines biod\u00e9gradables qui aident \u00e0 \u00e9liminer les cellules mortes et les impuret\u00e9s.\u00a0 avec une teneur \u00e9lev\u00e9e en polyph\u00e9nols (antioxydants forts), la caf\u00e9ine et la th\u00e9obromine ont\u00a0 des propri\u00e9t\u00e9s tonifiantes et raffermissantes, des vitamines et des prot\u00e9ines. Le beurre de cacao , extrait de graines de cacao (Theobroma cacao haricots) et a \u00e9t\u00e9 utilis\u00e9 pour garder la peau douce et souple pendant des si\u00e8cles. C&rsquo;est l&rsquo;un des gras naturels les plus stables et les plus concentr\u00e9s. Le beurre de cacao aide \u00e9galement le niveau d&rsquo;humidit\u00e9 de l&rsquo;\u00e9piderme tout en cr\u00e9ant une barri\u00e8re naturelle entre la peau sensible et l&rsquo;environnement. Huile de jojoba Une cire liquide naturelle qui ressemble beaucoup au s\u00e9bum humain. \u00c9mollient et hydratant, apaise et traite la peau ab\u00eem\u00e9e, laissant une sensation de non-gras. Huile de camomille utilis\u00e9e pour ses propri\u00e9t\u00e9s de conditionnement de la peau, apaisante et anti-inflammatoire. Allantoine Nourrissante, apaisant et facteur de gu\u00e9rison. Aide \u00e0 restaurer la peau ab\u00eem\u00e9e et poss\u00e8de des propri\u00e9t\u00e9s anti-inflammatoires. avec des ingr\u00e9dients de cacao. Nettoie efficacement la peau, \u00e9limine les cellules mortes et les impuret\u00e9s sans irriter la peau. Laisse la peau propre, douce et lisse. Il convient d&rsquo;utiliser apr\u00e8s le gommage au chocolat Yellow rose cosmetics<a href=\"https:\/\/www.saphy.com\/healthcare-cosmetique\/produit\/masque-visage-au-chocolat-yellow-rose-cosmetiques\/\"> le masque au chocolat yellow rose cosmetics<\/a> . <\/span><\/p>\n<p class=\"tw-data-text tw-ta tw-text-small\" dir=\"ltr\" data-placeholder=\"Traduction\"><span lang=\"fr\">En utilisant ce produit: <\/span><\/p>\n<p class=\"tw-data-text tw-ta tw-text-small\" dir=\"ltr\" data-placeholder=\"Traduction\"><span lang=\"fr\">Utilisez 1 \u00e0 3 fois par semaine selon le type de peau. Appliquer avec de l\u00e9gers mouvements ascendants sur le visage et le cou en \u00e9vitant le contour des yeux. Laissez une couche mince pendant environ 2 minutes. Continuez en massant doucement en utilisant des mouvements circulaires vers le haut pendant environ 2 minutes. Rincez \u00e0 l&rsquo;eau ou avec un coton impr\u00e9gn\u00e9 de <a href=\"https:\/\/www.saphy.com\/healthcare-cosmetique\/produit\/lotion-azulene-yellow-rose-cosmetics\/\">lotion azul\u00e8ne Yellow rose cosmetics<\/a> . \u00c9viter l&rsquo;utilisation sur la peau irrit\u00e9e et \/ ou couperose. Peut \u00eatre efficacement combin\u00e9 avec d&rsquo;autres produits de soin visage au chocolat Yellow rose cosmetics. <\/span><\/p>\n<p dir=\"ltr\" data-placeholder=\"Traduction\">50 ML<\/p>\n<p>&nbsp;<\/p>\n<p><strong>CHOCOLATE FACE SCRUB YELLOW ROSE COSMETICS<\/strong><\/p>\n<p>Special exfoliating face scrub gel with Cacao ingredients.<\/p>\n<p>Effectively cleanses the skin, removes dead skin cells and impurities without irritating the skin.<\/p>\n<p>Leaves the skin clean, soft and smooth. Prepares also the skin to receive the active ingredients of the Yellow Rose Chocolate Face Treatment products.<\/p>\n<dl class=\"primary\">\n<dt>Using this Product:<\/dt>\n<\/dl>\n<p>Use 1 to 3 times per week according to skin type. Apply with gentle upward movements over face and neck avoiding the eye-contour area. Leave on a thin layer for about 2 minutes. Continue by massaging gently using circular-upward movements for about 2 minutes. Cleanse any remainders and tone the skin by using the appropriate Yellow Rose lotion. Avoid use on irritated and\/or couperose skin.\u00a0Can be effectively combined with the other Yellow Rose Chocolate Face Treatment products.<\/p>\n<p>Main Ingredients:<\/p>\n<dl class=\"ingredients\">\n<dt>Exfoliating micro-granules\u00a0Biodegradable fine micro-beads that help remove dead skin cells and impurities.\u00a0Cacao extract\u00a0Extract from Theobroma cacao beans with high content of polyphenols (strong anti-oxidants), Caffeine and Theobromine with toning and firming properties, Vitamins and Proteins.\u00a0Cacao butter\u00a0It is extracted from cacao seeds (Theobroma cacao beans) and has been used to keep skin soft and supple for centuries. It is one of the most stable, highly concentrated natural fats known. Cacao butter also helps retain the moisture level of the epidermis while it creates a natural barrier between sensitive skin and the environment.\u00a0Jojoba oil\u00a0A natural liquid wax closely resembling human sebum. Emollient and moisturiser, soothes and treats damaged skin, leaving a non-greasy after-feel.\u00a0Chamomile oil\u00a0Used for its skin conditioning, soothing and anti-inflammatory properties.\u00a0Allantoin\u00a0Nourishing, soothing and healing factor. Helps restore damaged skin and has anti-inflammatory properties.<\/dt>\n<\/dl>\n","protected":false},"featured_media":4098,"comment_status":"open","ping_status":"closed","template":"","meta":[],"_links":{"self":[{"href":"https:\/\/www.saphy.com\/healthcare-cosmetique\/wp-json\/wp\/v2\/product\/3748"}],"collection":[{"href":"https:\/\/www.saphy.com\/healthcare-cosmetique\/wp-json\/wp\/v2\/product"}],"about":[{"href":"https:\/\/www.saphy.com\/healthcare-cosmetique\/wp-json\/wp\/v2\/types\/product"}],"replies":[{"embeddable":true,"href":"https:\/\/www.saphy.com\/healthcare-cosmetique\/wp-json\/wp\/v2\/comments?post=3748"}],"wp:featuredmedia":[{"embeddable":true,"href":"https:\/\/www.saphy.com\/healthcare-cosmetique\/wp-json\/wp\/v2\/media\/4098"}],"wp:attachment":[{"href":"https:\/\/www.saphy.com\/healthcare-cosmetique\/wp-json\/wp\/v2\/media?parent=3748"}],"curies":[{"name":"wp","href":"https:\/\/api.w.org\/{rel}","templated":true}]}}