{"id":3751,"date":"2018-06-04T11:57:53","date_gmt":"2018-06-04T10:57:53","guid":{"rendered":"https:\/\/www.saphy.com\/healthcare-cosmetique\/?post_type=product&#038;p=3751"},"modified":"2023-11-27T11:40:16","modified_gmt":"2023-11-27T10:40:16","slug":"creme-visage-au-chocolat-yellow-rose-cosmetiques","status":"publish","type":"product","link":"https:\/\/www.saphy.com\/healthcare-cosmetique\/produit\/creme-visage-au-chocolat-yellow-rose-cosmetiques\/","title":{"rendered":"Cr\u00e8me visage au chocolat Yellow Rose Cosmetics"},"content":{"rendered":"<h1 id=\"tw-target-text\" class=\"tw-data-text tw-ta tw-text-small\" dir=\"ltr\" data-placeholder=\"Traduction\"><span lang=\"fr\">CR\u00c8ME VISAGE AU CHOCOLAT YELLOW ROSE COSMETICS<\/span><\/h1>\n<p class=\"tw-data-text tw-ta tw-text-small\" dir=\"ltr\" data-placeholder=\"Traduction\">La c<span lang=\"fr\">r\u00e8me visage au chocolat Yellow Rose Cosm\u00e9tiques hydrate votre peau pendant 24 heures gr\u00e2ce \u00e0 sa texture\u00a0 douce et riche, pour un soin du visage anti-stress et revitalisant. Une formulation unique \u00e0 base de Cacao, d&rsquo;actifs anti-\u00e2ge efficaces et d&rsquo;extraits naturels. Elle\u00a0 agit efficacement contre les signes du vieillissement, prot\u00e9geant la peau jour et nuit de la d\u00e9shydratation. Revitalis\u00e9 de l&rsquo;int\u00e9rieur du visage appara\u00eet plus lumineux, \u00e9lastique et ferme. Sa texture \u00e9l\u00e9gante le rend id\u00e9al pour le traitement de massage facial. Pour les peaux s\u00e8ches et normales. <\/span><\/p>\n<p class=\"tw-data-text tw-ta tw-text-small\" dir=\"ltr\" data-placeholder=\"Traduction\"><span lang=\"fr\">En utilisant ce produit: <\/span><\/p>\n<p class=\"tw-data-text tw-ta tw-text-small\" dir=\"ltr\" data-placeholder=\"Traduction\"><span lang=\"fr\">Utilisez tous les jours, matin et soir. Appliquer sur une peau propre et masser doucement jusqu&rsquo;\u00e0 absorption.<br \/>\n<\/span><span lang=\"fr\">Peut \u00eatre combin\u00e9 efficacement avec les autres produits de soin visage au chocolat Yellow rose cosmetics . <\/span><\/p>\n<p class=\"tw-data-text tw-ta tw-text-small\" dir=\"ltr\" data-placeholder=\"Traduction\"><span lang=\"fr\">Les ingr\u00e9dients principaux: <\/span><\/p>\n<p class=\"tw-data-text tw-ta tw-text-small\" dir=\"ltr\" data-placeholder=\"Traduction\"><span lang=\"fr\">Extrait de cacao A des polyph\u00e9nols, qui sont des anti-oxydants puissants, de la caf\u00e9ine et de la th\u00e9obromine aux propri\u00e9t\u00e9s tonifiantes et raffermissantes, des vitamines et des prot\u00e9ines. Beurre de cacao Hydratant et apaisant. Pentapeptide anti-\u00e2ge sp\u00e9cial \u00ab\u00a0R\u00e9tinol\u00a0\u00bb Contribue \u00e0 r\u00e9duire les rides et active la synth\u00e8se naturelle des macromol\u00e9cules de la matrice extracellulaire (collag\u00e8ne, \u00e9lastine, glycosaminoglycanes) dans les fibroblastes r\u00e9parant et remodelant le tissu cutan\u00e9 (effet \u00ab\u00a0R\u00e9tinol\u00a0\u00bb). Phytost\u00e9rols aux propri\u00e9t\u00e9s apaisantes, hydratantes et r\u00e9g\u00e9n\u00e9rantes. Ils pr\u00e9viennent le vieillissement de la peau en am\u00e9liorant le m\u00e9tabolisme de la peau et en r\u00e9duisant la sensibilit\u00e9 aux rayons UV et \u00e0 l&rsquo;inflammation. C\u00e9ramides Les mol\u00e9cules lipidiques trouv\u00e9es dans la membrane cellulaire bicouche et ont un r\u00f4le structurel et efficace dans le cercle de vie cellulaire. Ils prot\u00e8gent la barri\u00e8re hydrolipidique de la peau et hydratent. Acide hyaluronique Hydratant tr\u00e8s efficace. Kombuchka Extrait de fermentation de th\u00e9 noir qui aide \u00e0 restaurer le volume et l&rsquo;\u00e9paisseur de la peau, tout en augmentant sa brillance et son \u00e9lasticit\u00e9 (effet \u00ab\u00a0lipofilling\u00a0\u00bb). Diac\u00e9tyl Boldine active \u00e0 partir de l&rsquo;\u00e9corce du Boldo chilien, prot\u00e8ge de l&rsquo;irritation, contrebalance la formation de m\u00e9lanine et \u00e9claircit la peau Contient aussi Vitamines (E, A et C), extrait de camomille, avocat et huiles d&rsquo;olive, prot\u00e9ines de bl\u00e9, karit\u00e9 Beurre, huile de jojoba, d-panth\u00e9nol (pro-vitamine B5)<br \/>\net Allanto\u00efne.<\/span><\/p>\n<p><strong>YELLOW ROSE COSMETICS CHOCOLATE FACE CREAM<\/strong><\/p>\n<p>Soft and rich 24hour cream, for an anti-stess and revitalising face care.<br \/>\nA unique formulation based on Cacao, efficient anti-ageing active ingredients and natural extracts.<\/p>\n<p>It acts effectively against signs of ageing, protecting the skin day and night from dehydration. Revitalised from within the face appears more luminous, elastic and firm.<\/p>\n<p>Its elegant texture makes it ideal for facial massage treatment.<br \/>\nFor dry and normal skin types.<\/p>\n<p>Using this Product:<\/p>\n<p>Use daily, morning and evening. Apply to clean skin and massage gently until absorbed. Can be combined effectively with the other Yellow Rose Chocolate Face Treatment products.<\/p>\n<p>Main Ingredients:<br \/>\nCacao extract Has polyphenols, that are strong anti-oxidants, Caffeine and Theobromine with toning and firming properties, Vitamins and Proteins. Cacao butter Moisturising and soothing. Special \u201cRetinol like\u201d anti-ageing Pentapeptide Contributes to reducing wrinkles and activates the natural synthesis of extracellular matrix macromolecules (collagen, elastin, glycosaminoglycans) in fibroblasts repairing and remodelling the skin tissue (\u201cRetinol like\u201d effect). Phytosterols With soothing, moisturising and regenerating properties. They prevent skin ageing by improving skin metabolism and by reducing sensitivity to UV radiation and inflammation. Ceramides Lipid molecules found in the bilayer cell membrane and have structural and effective role in cell life circle. They protect the hydrolipidic barrier of the skin and moisturise. Hyaluronic acid Highly efficient moisturiser. Kombuchka Black tea fermentation extract that helps restore skin\u2019s volume and thickness, while increasing its brightness and elasticity (\u201clipofilling\u201d effect). Diacetyl Boldine active from the bark of the Chilean Boldo tree, protects from irritation, counter-balances the formation of melanin and brightens the skin Contains also Vitamins (E, A and C), Chamomile extract, Avocado and Olive oils, Wheat proteins, Shea Butter, Jojoba oil, d-Panthenol (pro-Vitamin B5) and Allantoin.<\/p>\n","protected":false},"excerpt":{"rendered":"<h1 id=\"tw-target-text\" class=\"tw-data-text tw-ta tw-text-small\" dir=\"ltr\" data-placeholder=\"Traduction\"><span lang=\"fr\">CR\u00c8ME VISAGE AU CHOCOLAT YELLOW ROSE COSMETICS<\/span><\/h1>\n<p class=\"tw-data-text tw-ta tw-text-small\" dir=\"ltr\" data-placeholder=\"Traduction\">La c<span lang=\"fr\">r\u00e8me visage au chocolat Yellow Rose Cosm\u00e9tiques hydrate votre peau pendant 24 heures gr\u00e2ce \u00e0 sa texture\u00a0 douce et riche, pour un soin du visage anti-stress et revitalisant. Une formulation unique \u00e0 base de Cacao, d&rsquo;actifs anti-\u00e2ge efficaces et d&rsquo;extraits naturels. Elle\u00a0 agit efficacement contre les signes du vieillissement, prot\u00e9geant la peau jour et nuit de la d\u00e9shydratation. Revitalis\u00e9 de l&rsquo;int\u00e9rieur du visage appara\u00eet plus lumineux, \u00e9lastique et ferme. Sa texture \u00e9l\u00e9gante le rend id\u00e9al pour le traitement de massage facial. Pour les peaux s\u00e8ches et normales. <\/span><\/p>\n<p class=\"tw-data-text tw-ta tw-text-small\" dir=\"ltr\" data-placeholder=\"Traduction\"><span lang=\"fr\">En utilisant ce produit: <\/span><\/p>\n<p class=\"tw-data-text tw-ta tw-text-small\" dir=\"ltr\" data-placeholder=\"Traduction\"><span lang=\"fr\">Utilisez tous les jours, matin et soir. Appliquer sur une peau propre et masser doucement jusqu&rsquo;\u00e0 absorption.<br \/>\n<\/span><span lang=\"fr\">Peut \u00eatre combin\u00e9 efficacement avec les autres produits de soin visage au chocolat Yellow rose cosmetics . <\/span><\/p>\n<p class=\"tw-data-text tw-ta tw-text-small\" dir=\"ltr\" data-placeholder=\"Traduction\"><span lang=\"fr\">Les ingr\u00e9dients principaux: <\/span><\/p>\n<p class=\"tw-data-text tw-ta tw-text-small\" dir=\"ltr\" data-placeholder=\"Traduction\"><span lang=\"fr\">Extrait de cacao A des polyph\u00e9nols, qui sont des anti-oxydants puissants, de la caf\u00e9ine et de la th\u00e9obromine aux propri\u00e9t\u00e9s tonifiantes et raffermissantes, des vitamines et des prot\u00e9ines. Beurre de cacao Hydratant et apaisant. Pentapeptide anti-\u00e2ge sp\u00e9cial \u00ab\u00a0R\u00e9tinol\u00a0\u00bb Contribue \u00e0 r\u00e9duire les rides et active la synth\u00e8se naturelle des macromol\u00e9cules de la matrice extracellulaire (collag\u00e8ne, \u00e9lastine, glycosaminoglycanes) dans les fibroblastes r\u00e9parant et remodelant le tissu cutan\u00e9 (effet \u00ab\u00a0R\u00e9tinol\u00a0\u00bb). Phytost\u00e9rols aux propri\u00e9t\u00e9s apaisantes, hydratantes et r\u00e9g\u00e9n\u00e9rantes. Ils pr\u00e9viennent le vieillissement de la peau en am\u00e9liorant le m\u00e9tabolisme de la peau et en r\u00e9duisant la sensibilit\u00e9 aux rayons UV et \u00e0 l&rsquo;inflammation. C\u00e9ramides Les mol\u00e9cules lipidiques trouv\u00e9es dans la membrane cellulaire bicouche et ont un r\u00f4le structurel et efficace dans le cercle de vie cellulaire. Ils prot\u00e8gent la barri\u00e8re hydrolipidique de la peau et hydratent. Acide hyaluronique Hydratant tr\u00e8s efficace. Kombuchka Extrait de fermentation de th\u00e9 noir qui aide \u00e0 restaurer le volume et l&rsquo;\u00e9paisseur de la peau, tout en augmentant sa brillance et son \u00e9lasticit\u00e9 (effet \u00ab\u00a0lipofilling\u00a0\u00bb). Diac\u00e9tyl Boldine active \u00e0 partir de l&rsquo;\u00e9corce du Boldo chilien, prot\u00e8ge de l&rsquo;irritation, contrebalance la formation de m\u00e9lanine et \u00e9claircit la peau Contient aussi Vitamines (E, A et C), extrait de camomille, avocat et huiles d&rsquo;olive, prot\u00e9ines de bl\u00e9, karit\u00e9 Beurre, huile de jojoba, d-panth\u00e9nol (pro-vitamine B5)<br \/>\net Allanto\u00efne.<\/span><\/p>\n<p><strong>YELLOW ROSE COSMETICS CHOCOLATE FACE CREAM<\/strong><\/p>\n<p>Soft and rich 24hour cream, for an anti-stess and revitalising face care.<br \/>\nA unique formulation based on Cacao, efficient anti-ageing active ingredients and natural extracts.<\/p>\n<p>It acts effectively against signs of ageing, protecting the skin day and night from dehydration. Revitalised from within the face appears more luminous, elastic and firm.<\/p>\n<p>Its elegant texture makes it ideal for facial massage treatment.<br \/>\nFor dry and normal skin types.<\/p>\n<p>Using this Product:<\/p>\n<p>Use daily, morning and evening. Apply to clean skin and massage gently until absorbed. Can be combined effectively with the other Yellow Rose Chocolate Face Treatment products.<\/p>\n<p>Main Ingredients:<br \/>\nCacao extract Has polyphenols, that are strong anti-oxidants, Caffeine and Theobromine with toning and firming properties, Vitamins and Proteins. Cacao butter Moisturising and soothing. Special \u201cRetinol like\u201d anti-ageing Pentapeptide Contributes to reducing wrinkles and activates the natural synthesis of extracellular matrix macromolecules (collagen, elastin, glycosaminoglycans) in fibroblasts repairing and remodelling the skin tissue (\u201cRetinol like\u201d effect). Phytosterols With soothing, moisturising and regenerating properties. They prevent skin ageing by improving skin metabolism and by reducing sensitivity to UV radiation and inflammation. Ceramides Lipid molecules found in the bilayer cell membrane and have structural and effective role in cell life circle. They protect the hydrolipidic barrier of the skin and moisturise. Hyaluronic acid Highly efficient moisturiser. Kombuchka Black tea fermentation extract that helps restore skin\u2019s volume and thickness, while increasing its brightness and elasticity (\u201clipofilling\u201d effect). Diacetyl Boldine active from the bark of the Chilean Boldo tree, protects from irritation, counter-balances the formation of melanin and brightens the skin Contains also Vitamins (E, A and C), Chamomile extract, Avocado and Olive oils, Wheat proteins, Shea Butter, Jojoba oil, d-Panthenol (pro-Vitamin B5) and Allantoin.<\/p>\n","protected":false},"featured_media":4097,"comment_status":"open","ping_status":"closed","template":"","meta":[],"_links":{"self":[{"href":"https:\/\/www.saphy.com\/healthcare-cosmetique\/wp-json\/wp\/v2\/product\/3751"}],"collection":[{"href":"https:\/\/www.saphy.com\/healthcare-cosmetique\/wp-json\/wp\/v2\/product"}],"about":[{"href":"https:\/\/www.saphy.com\/healthcare-cosmetique\/wp-json\/wp\/v2\/types\/product"}],"replies":[{"embeddable":true,"href":"https:\/\/www.saphy.com\/healthcare-cosmetique\/wp-json\/wp\/v2\/comments?post=3751"}],"wp:featuredmedia":[{"embeddable":true,"href":"https:\/\/www.saphy.com\/healthcare-cosmetique\/wp-json\/wp\/v2\/media\/4097"}],"wp:attachment":[{"href":"https:\/\/www.saphy.com\/healthcare-cosmetique\/wp-json\/wp\/v2\/media?parent=3751"}],"curies":[{"name":"wp","href":"https:\/\/api.w.org\/{rel}","templated":true}]}}