{"id":3767,"date":"2018-06-05T12:13:04","date_gmt":"2018-06-05T11:13:04","guid":{"rendered":"https:\/\/www.saphy.com\/healthcare-cosmetique\/?post_type=product&#038;p=3767"},"modified":"2024-09-30T11:01:04","modified_gmt":"2024-09-30T10:01:04","slug":"gommage-corps-au-chocolat-yellow-rose-cosmetiques","status":"publish","type":"product","link":"https:\/\/www.saphy.com\/healthcare-cosmetique\/produit\/gommage-corps-au-chocolat-yellow-rose-cosmetiques\/","title":{"rendered":"Gommage Corps au Chocolat Yellow Rose Cosm\u00e9tiques"},"content":{"rendered":"<h1 id=\"tw-target-text\" class=\"tw-data-text tw-ta tw-text-small\" dir=\"ltr\" data-placeholder=\"Traduction\">Gommage Corps au Chocolat Yellow Rose Cosm\u00e9tiques<\/h1>\n<p class=\"tw-data-text tw-ta tw-text-small\" dir=\"ltr\" data-placeholder=\"Traduction\"><span lang=\"fr\">Gommage hydratant, g\u00e9lifiant, exfoliant \u00e0 l&rsquo;extrait de cacao et au beurre. Aide \u00e0 \u00e9liminer les cellules mortes de la peau et laisse la peau douce et lisse. Pr\u00e9pare la peau \u00e0 recevoir les actifs de soins minceur et raffermissants du corps et notamment des produits de soin Yellow Rose pour le corps au chocolat.<\/span><\/p>\n<p dir=\"ltr\" data-placeholder=\"Traduction\">Un rituel de beaut\u00e9 pour le corps \u00e0 faire chaque matin ou soir avant l&rsquo;hydratation.<\/p>\n<p class=\"tw-data-text tw-ta tw-text-small\" dir=\"ltr\" data-placeholder=\"Traduction\"><strong>Conseil d&rsquo;utilisation<\/strong><span lang=\"fr\"><strong>:<\/strong> Utiliser au besoin. Appliquer sur une peau propre et masser avec de l\u00e9gers mouvements circulaires. Retirer les restes avec de l&rsquo;eau. Peut \u00eatre combin\u00e9 efficacement avec les autres produits Yellow Rose Chocolate Body. <\/span><\/p>\n<p class=\"tw-data-text tw-ta tw-text-small\" dir=\"ltr\" data-placeholder=\"Traduction\"><span lang=\"fr\"><strong>Les ingr\u00e9dients principaux:<\/strong> Micro-granules exfoliants Micro-billes fines biod\u00e9gradables pour l&rsquo;exfoliation corporelle. Extrait de cacao Extrait naturel du cacao (Theobroma cacao), riche en caf\u00e9ine et en th\u00e9obromine, utilis\u00e9 dans les th\u00e9rapies amincissantes et anticellulite, car il aide \u00e0 dissoudre les graisses excessives et \u00e0 raffermir la peau. Beurre de cacao Il est extrait de graines de cacao (Theobroma cacao haricots) et a \u00e9t\u00e9 utilis\u00e9 pour garder la peau douce et souple pendant des si\u00e8cles. C&rsquo;est l&rsquo;un des gras naturels les plus stables et les plus concentr\u00e9s connus. Le beurre de cacao aide \u00e9galement \u00e0 maintenir le niveau d&rsquo;humidit\u00e9 de l&rsquo;\u00e9piderme tout en cr\u00e9ant une barri\u00e8re naturelle entre la peau sensible et l&rsquo;environnement.<\/span><\/p>\n<p class=\"tw-data-text tw-ta tw-text-small\" dir=\"ltr\" data-placeholder=\"Traduction\"><span lang=\"fr\"><br \/>\nHuile essentielle naturelle de pamplemousse Tonifie la peau, stimule le syst\u00e8me lymphatique et combat la cellulite. Huile de camomille Utilis\u00e9e pour ses propri\u00e9t\u00e9s de conditionnement de la peau, apaisante et anti-inflammatoire. L&rsquo;huile de jojoba La jojoba est une cire liquide hautement p\u00e9n\u00e9trante et ressemblant \u00e9troitement au s\u00e9bum humain. \u00c9mollient et hydratant, apaise et traite la peau ab\u00eem\u00e9e, laissant une sensation de non-gras.<br \/>\nAllanto\u00efne Nourrissant, apaisant et facteur de gu\u00e9rison aide \u00e0 restaurer la peau endommag\u00e9e et a des propri\u00e9t\u00e9s anti-inflammatoires.<\/span><\/p>\n<p dir=\"ltr\" data-placeholder=\"Traduction\"><strong>CHOCOLATE BODY SCRUB<\/strong><\/p>\n<p dir=\"ltr\" data-placeholder=\"Traduction\">Moisturising, gel-based, exfoliating scrub with Cacao extract and butter.<br \/>\nHelps remove dead skin cells and leaves skin soft and smooth.<br \/>\nPrepares the skin to receive the active ingredients of body slimming and firming treatments and especially of the Yellow Rose Chocolate Body treatment products.<\/p>\n<p dir=\"ltr\" data-placeholder=\"Traduction\"><strong>Using this Product:<\/strong><br \/>\nUse as required. Apply to clean skin and massage with gentle circular movements. Remove the remainders with water. Can be combined effectively with the other Yellow Rose Chocolate Body products.<\/p>\n<p dir=\"ltr\" data-placeholder=\"Traduction\"><strong>Main Ingredients:<\/strong><br \/>\nExfoliating micro-granules Biodegradable fine micro-beads for body exfoliation.<br \/>\nCacao extract Natural extract from the Cacao tree (Theobroma cacao), rich in Caffeine and Theobromine that are used in slimming and anti-cellulite therapies because they help dissolve excessive fat and firm the skin. Cacao butter It is extracted from cacao seeds (Theobroma cacao beans) and has been used to keep skin soft and supple for centuries. It is one of the most stable, highly concentrated natural fats known. Cacao butter also helps retain the moisture level of the epidermis while it creates a natural barrier between sensitive skin and the environment.<br \/>\nGrapefruit natural essential oil Tones the skin, boosts the lymphatic system and fights cellulite. Chamomile oil Used for its skin conditioning, soothing and anti-inflammatory properties. Jojoba oil Jojoba is a liquid wax highly penetrating and closely resembling human sebum. Emollient and moisturiser, soothes and treats damaged skin, leaving a non-greasy after-feel. Allantoin Nourishing, soothing and healing factor helps restore damaged skin and has anti-inflammatory properties.<\/p>\n<p dir=\"ltr\" data-placeholder=\"Traduction\">\n","protected":false},"excerpt":{"rendered":"<h1 id=\"tw-target-text\" class=\"tw-data-text tw-ta tw-text-small\" dir=\"ltr\" data-placeholder=\"Traduction\">Gommage Corps au Chocolat Yellow Rose Cosm\u00e9tiques<\/h1>\n<p class=\"tw-data-text tw-ta tw-text-small\" dir=\"ltr\" data-placeholder=\"Traduction\"><span lang=\"fr\">Gommage hydratant, g\u00e9lifiant, exfoliant \u00e0 l&rsquo;extrait de cacao et au beurre. Aide \u00e0 \u00e9liminer les cellules mortes de la peau et laisse la peau douce et lisse. Pr\u00e9pare la peau \u00e0 recevoir les actifs de soins minceur et raffermissants du corps et notamment des produits de soin Yellow Rose pour le corps au chocolat.<\/span><\/p>\n<p dir=\"ltr\" data-placeholder=\"Traduction\">Un rituel de beaut\u00e9 pour le corps \u00e0 faire chaque matin ou soir avant l&rsquo;hydratation.<\/p>\n<p class=\"tw-data-text tw-ta tw-text-small\" dir=\"ltr\" data-placeholder=\"Traduction\"><strong>Conseil d&rsquo;utilisation<\/strong><span lang=\"fr\"><strong>:<\/strong> Utiliser au besoin. Appliquer sur une peau propre et masser avec de l\u00e9gers mouvements circulaires. Retirer les restes avec de l&rsquo;eau. Peut \u00eatre combin\u00e9 efficacement avec les autres produits Yellow Rose Chocolate Body. <\/span><\/p>\n<p class=\"tw-data-text tw-ta tw-text-small\" dir=\"ltr\" data-placeholder=\"Traduction\"><span lang=\"fr\"><strong>Les ingr\u00e9dients principaux:<\/strong> Micro-granules exfoliants Micro-billes fines biod\u00e9gradables pour l&rsquo;exfoliation corporelle. Extrait de cacao Extrait naturel du cacao (Theobroma cacao), riche en caf\u00e9ine et en th\u00e9obromine, utilis\u00e9 dans les th\u00e9rapies amincissantes et anticellulite, car il aide \u00e0 dissoudre les graisses excessives et \u00e0 raffermir la peau. Beurre de cacao Il est extrait de graines de cacao (Theobroma cacao haricots) et a \u00e9t\u00e9 utilis\u00e9 pour garder la peau douce et souple pendant des si\u00e8cles. C&rsquo;est l&rsquo;un des gras naturels les plus stables et les plus concentr\u00e9s connus. Le beurre de cacao aide \u00e9galement \u00e0 maintenir le niveau d&rsquo;humidit\u00e9 de l&rsquo;\u00e9piderme tout en cr\u00e9ant une barri\u00e8re naturelle entre la peau sensible et l&rsquo;environnement.<\/span><\/p>\n<p class=\"tw-data-text tw-ta tw-text-small\" dir=\"ltr\" data-placeholder=\"Traduction\"><span lang=\"fr\"><br \/>\nHuile essentielle naturelle de pamplemousse Tonifie la peau, stimule le syst\u00e8me lymphatique et combat la cellulite. Huile de camomille Utilis\u00e9e pour ses propri\u00e9t\u00e9s de conditionnement de la peau, apaisante et anti-inflammatoire. L&rsquo;huile de jojoba La jojoba est une cire liquide hautement p\u00e9n\u00e9trante et ressemblant \u00e9troitement au s\u00e9bum humain. \u00c9mollient et hydratant, apaise et traite la peau ab\u00eem\u00e9e, laissant une sensation de non-gras.<br \/>\nAllanto\u00efne Nourrissant, apaisant et facteur de gu\u00e9rison aide \u00e0 restaurer la peau endommag\u00e9e et a des propri\u00e9t\u00e9s anti-inflammatoires.<\/span><\/p>\n<p dir=\"ltr\" data-placeholder=\"Traduction\"><strong>CHOCOLATE BODY SCRUB<\/strong><\/p>\n<p dir=\"ltr\" data-placeholder=\"Traduction\">Moisturising, gel-based, exfoliating scrub with Cacao extract and butter.<br \/>\nHelps remove dead skin cells and leaves skin soft and smooth.<br \/>\nPrepares the skin to receive the active ingredients of body slimming and firming treatments and especially of the Yellow Rose Chocolate Body treatment products.<\/p>\n<p dir=\"ltr\" data-placeholder=\"Traduction\"><strong>Using this Product:<\/strong><br \/>\nUse as required. Apply to clean skin and massage with gentle circular movements. Remove the remainders with water. Can be combined effectively with the other Yellow Rose Chocolate Body products.<\/p>\n<p dir=\"ltr\" data-placeholder=\"Traduction\"><strong>Main Ingredients:<\/strong><br \/>\nExfoliating micro-granules Biodegradable fine micro-beads for body exfoliation.<br \/>\nCacao extract Natural extract from the Cacao tree (Theobroma cacao), rich in Caffeine and Theobromine that are used in slimming and anti-cellulite therapies because they help dissolve excessive fat and firm the skin. Cacao butter It is extracted from cacao seeds (Theobroma cacao beans) and has been used to keep skin soft and supple for centuries. It is one of the most stable, highly concentrated natural fats known. Cacao butter also helps retain the moisture level of the epidermis while it creates a natural barrier between sensitive skin and the environment.<br \/>\nGrapefruit natural essential oil Tones the skin, boosts the lymphatic system and fights cellulite. Chamomile oil Used for its skin conditioning, soothing and anti-inflammatory properties. Jojoba oil Jojoba is a liquid wax highly penetrating and closely resembling human sebum. Emollient and moisturiser, soothes and treats damaged skin, leaving a non-greasy after-feel. Allantoin Nourishing, soothing and healing factor helps restore damaged skin and has anti-inflammatory properties.<\/p>\n<p dir=\"ltr\" data-placeholder=\"Traduction\">\n","protected":false},"featured_media":4099,"comment_status":"open","ping_status":"closed","template":"","meta":[],"_links":{"self":[{"href":"https:\/\/www.saphy.com\/healthcare-cosmetique\/wp-json\/wp\/v2\/product\/3767"}],"collection":[{"href":"https:\/\/www.saphy.com\/healthcare-cosmetique\/wp-json\/wp\/v2\/product"}],"about":[{"href":"https:\/\/www.saphy.com\/healthcare-cosmetique\/wp-json\/wp\/v2\/types\/product"}],"replies":[{"embeddable":true,"href":"https:\/\/www.saphy.com\/healthcare-cosmetique\/wp-json\/wp\/v2\/comments?post=3767"}],"wp:featuredmedia":[{"embeddable":true,"href":"https:\/\/www.saphy.com\/healthcare-cosmetique\/wp-json\/wp\/v2\/media\/4099"}],"wp:attachment":[{"href":"https:\/\/www.saphy.com\/healthcare-cosmetique\/wp-json\/wp\/v2\/media?parent=3767"}],"curies":[{"name":"wp","href":"https:\/\/api.w.org\/{rel}","templated":true}]}}