{"id":4159,"date":"2019-01-11T09:12:37","date_gmt":"2019-01-11T08:12:37","guid":{"rendered":"https:\/\/www.saphy.com\/healthcare-cosmetique\/?post_type=product&#038;p=4159"},"modified":"2026-01-12T13:36:17","modified_gmt":"2026-01-12T12:36:17","slug":"ayurslim-himalaya-herbals","status":"publish","type":"product","link":"https:\/\/www.saphy.com\/healthcare-cosmetique\/produit\/ayurslim-himalaya-herbals\/","title":{"rendered":"AYURSLIM HIMALAYA HERBALS"},"content":{"rendered":"<p>AYURSLIM HIMALAYA HERBALS<\/p>\n<p>Compl\u00e9ment alimentaire<\/p>\n<p>Ayurslim des laboratoires Himalaya Herbals est une formule unique brevet\u00e9e \u00e0 base de plantes ayurv\u00e9diques qui agissent en synergie pour vous aider \u00e0 perdre du poids.<\/p>\n<p>Garcinia Cambodgia aide \u00e0 inhiber la production de lipides en limitant la synth\u00e8se des acides gras<\/p>\n<p>Guggul (Commniphora wightii)<br \/>\nAide \u00e0 soutenir le maintien \u00e0 la normale le niveau de cholest\u00e9rol<\/p>\n<p>Gymnema Sylvestre<br \/>\nPrend en charge la diminution des envies de sucre et de sucreries.<\/p>\n<p>Composition pour 4 g\u00e9lules\u00a0 (dose journali\u00e8re recommand\u00e9e):\u00a0 1200 mg de poudre d\u2019\u00e9corce<br \/>\nde fruit de Garcinia cambogia, G\u00e9lules v\u00e9g\u00e9tariennes (Hydroxypropylm\u00e9thylcellulose)<br \/>\n(\u00e9paississant)), 280 mg de poudre de Ol\u00e9ogum r\u00e9sine de Balsamodendron mukul,<br \/>\nMicrocristalline cellulose (\u00e9mulsifiant), 40 mg de poudre de feuilles de Gymnema sylvestre, 40 mg de poudre d\u2019\u00e9corce de fruit de Terminalia chebula, 40 mg de poudre de d\u2019extrait de<br \/>\ngraine de Trigonella foenum-graeceum, G\u00e9lules v\u00e9g\u00e9tariennes (eau, carragh\u00e9nane<br \/>\n(stabilisateur), ac\u00e9tate de potassium(antioxydant)).<\/p>\n<p>Boite de 60 G\u00e9lules v\u00e9g\u00e9tales.<\/p>\n<p>Les compl\u00e9ments alimentaires ne doivent pas se substituer \u00e0 une alimentation<br \/>\nriche et vari\u00e9e et \u00e0 un mode de vie sain.<\/p>\n<p>Conseil d\u2019utilisation d&rsquo;Ayurslim Himalaya Herbals : 4 g\u00e9lules par jour apr\u00e8s les repas \u00e0 avaler avec un grand verre d\u2019eau. Ne pas d\u00e9passer la dose journali\u00e8re recommand\u00e9e.<\/p>\n<p>L&rsquo;utilisation d\u2019 Ayurslim Himalaya Herbals\u00a0 est contre-indiqu\u00e9 chez les personnes pr\u00e9sentant une jaunisse ou insuffisance r\u00e9nale. Pour les personnes qui souffrent d\u00e9j\u00e0 des probl\u00e8mes comme le diab\u00e8te, des probl\u00e8mes du coeur et l&rsquo;hypertension, il est recommand\u00e9 de demander l\u2019avis de son m\u00e9decin traitant avant de prendre le traitement. Ne convient pas aux femmes enceintes, aux enfants de moins de 14 ans et aux femmes qui allaitent. A conserver dans un endroit frais et sec, \u00e0 une temp\u00e9rature inf\u00e9rieure \u00e0 30\u00b0C et \u00e0 l\u2019abri du soleil, hors de port\u00e9e des enfants.<\/p>\n<p>&nbsp;<\/p>\n","protected":false},"excerpt":{"rendered":"<p>AYURSLIM HIMALAYA HERBALS Compl\u00e9ment alimentaire Ayurslim des laboratoires Himalaya Herbals est une formule unique brevet\u00e9e \u00e0 base de plantes ayurv\u00e9diques qui agissent en synergie pour vous aider \u00e0 perdre du poids. Garcinia Cambodgia aide \u00e0 inhiber la production de lipides en limitant la synth\u00e8se des acides gras Guggul (Commniphora wightii) Aide \u00e0 soutenir le maintien [&hellip;]<\/p>\n","protected":false},"featured_media":4160,"comment_status":"open","ping_status":"closed","template":"","meta":[],"_links":{"self":[{"href":"https:\/\/www.saphy.com\/healthcare-cosmetique\/wp-json\/wp\/v2\/product\/4159"}],"collection":[{"href":"https:\/\/www.saphy.com\/healthcare-cosmetique\/wp-json\/wp\/v2\/product"}],"about":[{"href":"https:\/\/www.saphy.com\/healthcare-cosmetique\/wp-json\/wp\/v2\/types\/product"}],"replies":[{"embeddable":true,"href":"https:\/\/www.saphy.com\/healthcare-cosmetique\/wp-json\/wp\/v2\/comments?post=4159"}],"wp:featuredmedia":[{"embeddable":true,"href":"https:\/\/www.saphy.com\/healthcare-cosmetique\/wp-json\/wp\/v2\/media\/4160"}],"wp:attachment":[{"href":"https:\/\/www.saphy.com\/healthcare-cosmetique\/wp-json\/wp\/v2\/media?parent=4159"}],"curies":[{"name":"wp","href":"https:\/\/api.w.org\/{rel}","templated":true}]}}