{"id":4241,"date":"2019-04-03T15:04:41","date_gmt":"2019-04-03T14:04:41","guid":{"rendered":"https:\/\/www.saphy.com\/healthcare-cosmetique\/?post_type=product&#038;p=4241"},"modified":"2026-02-16T17:34:30","modified_gmt":"2026-02-16T16:34:30","slug":"cold-balm-himalaya-herbals","status":"publish","type":"product","link":"https:\/\/www.saphy.com\/healthcare-cosmetique\/produit\/cold-balm-himalaya-herbals\/","title":{"rendered":"COLD BALM HIMALAYA HERBALS"},"content":{"rendered":"<p>COLD BALM HIMALAYA HERBALS<\/p>\n<p>Une formule ayurv\u00e9dique \u00e0 base de plantes qui aident \u00e0 mieux supporter les coup de froid.<\/p>\n<p>Principaux composants botaniques:<br \/>\nCamphre (Cinnamomum camphora)<br \/>\nBlue Tree Gum (Eucalyptus globulus)<br \/>\nMenthe des champs (Mentha arvensis)<br \/>\nPin(Pinus roxburghii)<br \/>\nMuscade (Myristica fragrans)<\/p>\n<p>Conseil d\u2019utilisation:<br \/>\nS\u2019applique localement sur le nez et le front et les bronches .Usage externe uniquement<\/p>\n<p>COLD BALM HIMALAYA HERBALS<br \/>\nAn Ayurvedic herbal formula that helps to better support the cold stroke.<br \/>\nMain botanical components:<br \/>\nCamphor (Cinnamomum camphora) Blue tree gum (Eucalyptus globulus)<br \/>\nMint of the fields (Mentha arvensis)<br \/>\nPine (Pinus roxburghii)<br \/>\nNutmeg (Myristica fragrans)<br \/>\nUse tip:<br \/>\nApplies locally on the nose and forehead and bronchi. External use only<\/p>\n<p>&nbsp;<\/p>\n","protected":false},"excerpt":{"rendered":"<p>COLD BALM HIMALAYA HERBALS Une formule ayurv\u00e9dique \u00e0 base de plantes qui aident \u00e0 mieux supporter les coup de froid. Principaux composants botaniques: Camphre (Cinnamomum camphora) Blue Tree Gum (Eucalyptus globulus) Menthe des champs (Mentha arvensis) Pin(Pinus roxburghii) Muscade (Myristica fragrans) Conseil d\u2019utilisation: S\u2019applique localement sur le nez et le front et les bronches .Usage [&hellip;]<\/p>\n","protected":false},"featured_media":4242,"comment_status":"open","ping_status":"closed","template":"","meta":[],"_links":{"self":[{"href":"https:\/\/www.saphy.com\/healthcare-cosmetique\/wp-json\/wp\/v2\/product\/4241"}],"collection":[{"href":"https:\/\/www.saphy.com\/healthcare-cosmetique\/wp-json\/wp\/v2\/product"}],"about":[{"href":"https:\/\/www.saphy.com\/healthcare-cosmetique\/wp-json\/wp\/v2\/types\/product"}],"replies":[{"embeddable":true,"href":"https:\/\/www.saphy.com\/healthcare-cosmetique\/wp-json\/wp\/v2\/comments?post=4241"}],"wp:featuredmedia":[{"embeddable":true,"href":"https:\/\/www.saphy.com\/healthcare-cosmetique\/wp-json\/wp\/v2\/media\/4242"}],"wp:attachment":[{"href":"https:\/\/www.saphy.com\/healthcare-cosmetique\/wp-json\/wp\/v2\/media?parent=4241"}],"curies":[{"name":"wp","href":"https:\/\/api.w.org\/{rel}","templated":true}]}}