{"id":4258,"date":"2019-04-18T11:40:12","date_gmt":"2019-04-18T10:40:12","guid":{"rendered":"https:\/\/www.saphy.com\/healthcare-cosmetique\/?post_type=product&#038;p=4258"},"modified":"2024-04-02T09:48:11","modified_gmt":"2024-04-02T08:48:11","slug":"shampooing-volume-thickness-himalaya-herbals-400-ml","status":"publish","type":"product","link":"https:\/\/www.saphy.com\/healthcare-cosmetique\/produit\/shampooing-volume-thickness-himalaya-herbals-400-ml\/","title":{"rendered":"SHAMPOOING VOLUME &#038; THICKNESS HIMALAYA HERBALS 400 ML"},"content":{"rendered":"<p>SHAMPOOING VOLUME &amp; THICKNESS HIMALAYA HERBALS 400 ML<\/p>\n<p>&nbsp;<\/p>\n<p>Vos cheveux sont plats et mous? La formule du shampooing Volume et Ressort Himalaya est riche en huile de coco qui aide \u00e0 apporter tenue et l\u00e9g\u00e8ret\u00e9 aux cheveux fins .<\/p>\n<p><b>Ingr\u00e9dients principaux :\u00a0 <\/b>Huile de coco<\/p>\n<p>Conseil d\u2019utilisation: Mouillez vos cheveux et masser d\u00e9licatement le cuir chevelu et l\u2019ensemble de la chevelure . Rincer abondamment. R\u00e9p\u00e9ter si n\u00e9cessaire<\/p>\n<p>Format familial 400 ml<\/p>\n<p>Ingredients: Aqua, Sodium Laureth Sulfate, Cocamidopropyl Betaine, Dimethiconol&amp;TEA-Dodecylbenzenesulfonate&amp;Trideceth-10, Glycol Distearate, Parfum, Glycerin, Sodium Chloride, Sodium Benzoate, Carbomer, Guar Hydroxypropyltrimonium Chloride, Salicylic Acid, Sodium Hydroxide, Disodium EDTA, Hydroxypropyltrimonium Hydrolyzed Wheat Protein, PEG-45M, Hydrolyzed Soy Protein, Cocos Nucifera (Coconut) Oil, Benzyl Salicylate, Linalool<\/p>\n","protected":false},"excerpt":{"rendered":"<p>SHAMPOOING VOLUME &amp; THICKNESS HIMALAYA HERBALS 400 ML &nbsp; Vos cheveux sont plats et mous? La formule du shampooing Volume et Ressort Himalaya est riche en huile de coco qui aide \u00e0 apporter tenue et l\u00e9g\u00e8ret\u00e9 aux cheveux fins . Ingr\u00e9dients principaux :\u00a0 Huile de coco Conseil d\u2019utilisation: Mouillez vos cheveux et masser d\u00e9licatement le [&hellip;]<\/p>\n","protected":false},"featured_media":4259,"comment_status":"open","ping_status":"closed","template":"","meta":[],"_links":{"self":[{"href":"https:\/\/www.saphy.com\/healthcare-cosmetique\/wp-json\/wp\/v2\/product\/4258"}],"collection":[{"href":"https:\/\/www.saphy.com\/healthcare-cosmetique\/wp-json\/wp\/v2\/product"}],"about":[{"href":"https:\/\/www.saphy.com\/healthcare-cosmetique\/wp-json\/wp\/v2\/types\/product"}],"replies":[{"embeddable":true,"href":"https:\/\/www.saphy.com\/healthcare-cosmetique\/wp-json\/wp\/v2\/comments?post=4258"}],"wp:featuredmedia":[{"embeddable":true,"href":"https:\/\/www.saphy.com\/healthcare-cosmetique\/wp-json\/wp\/v2\/media\/4259"}],"wp:attachment":[{"href":"https:\/\/www.saphy.com\/healthcare-cosmetique\/wp-json\/wp\/v2\/media?parent=4258"}],"curies":[{"name":"wp","href":"https:\/\/api.w.org\/{rel}","templated":true}]}}