{"id":4261,"date":"2019-04-18T11:58:49","date_gmt":"2019-04-18T10:58:49","guid":{"rendered":"https:\/\/www.saphy.com\/healthcare-cosmetique\/?post_type=product&#038;p=4261"},"modified":"2024-04-02T09:47:51","modified_gmt":"2024-04-02T08:47:51","slug":"shampooing-antipelliculaire-soothing-moisturizing-himalaya-400ml","status":"publish","type":"product","link":"https:\/\/www.saphy.com\/healthcare-cosmetique\/produit\/shampooing-antipelliculaire-soothing-moisturizing-himalaya-400ml\/","title":{"rendered":"SHAMPOOING ANTIPELLICULAIRE SOOTHING &#038; MOISTURIZING HIMALAYA 400ML"},"content":{"rendered":"<p>SHAMPOOING ANTIPELLICULAIRE SOOTHING &amp; MOISTURIZING HIMALAYA 400ML<\/p>\n<p>&nbsp;<\/p>\n<p>Vos cheveux sont sujets aux pellicules? La formule du shampooing antipelliculaire apaise et hydrate Himalaya est riche en huile d&rsquo;arbre \u00e0 th\u00e9 et\u00a0 en aloe vera\u00a0 aux bienfaits purifiant et apaisant.<\/p>\n<p><b>Ingr\u00e9dients principaux : Huile d\u2019arbre \u00e0 th\u00e9 <\/b>. Aloe Vera<\/p>\n<p>Conseil d\u2019utilisation: Mouillez vos cheveux et masser d\u00e9licatement le cuir chevelu et l\u2019ensemble de la chevelure . Rincer abondamment. R\u00e9p\u00e9ter si n\u00e9cessaire<\/p>\n<p>Format familial 400 ml<\/p>\n<p>Ingredients: Aqua,Sodium Laureth Sulfate, Cocamidopropyl Betaine, Dimethiconol &amp; TEA-Dodecylbenzenesulfonate&amp;Trideceth-10, Glycol Distearate, Parfum, Glycerin, Sodium Benzoate, Climbazole, Carbomer, Guar Hydoxypropyltrimonium Chloride, Salicylic Acid, Sodium Chloride, Sodium Hydroxide, Disodium EDTA, Hydroxypropyltrimonium Hydrolyzed Wheat Protein, PEG-45M, Hydrolyzed Soy Protein, Melaleuca Alternifolia (Tea Tree) Leaf Oil, Aloe Barbadensis Leaf Juice, Rosmarinus Officinalis (Rosemary) Leaf Oil, Hexyl Cinnamal, Linalool, Limonene, Alpha-Isomethyl Ionone<\/p>\n","protected":false},"excerpt":{"rendered":"<p>SHAMPOOING ANTIPELLICULAIRE SOOTHING &amp; MOISTURIZING HIMALAYA 400ML &nbsp; Vos cheveux sont sujets aux pellicules? La formule du shampooing antipelliculaire apaise et hydrate Himalaya est riche en huile d&rsquo;arbre \u00e0 th\u00e9 et\u00a0 en aloe vera\u00a0 aux bienfaits purifiant et apaisant. Ingr\u00e9dients principaux : Huile d\u2019arbre \u00e0 th\u00e9 . Aloe Vera Conseil d\u2019utilisation: Mouillez vos cheveux et [&hellip;]<\/p>\n","protected":false},"featured_media":4262,"comment_status":"open","ping_status":"closed","template":"","meta":[],"_links":{"self":[{"href":"https:\/\/www.saphy.com\/healthcare-cosmetique\/wp-json\/wp\/v2\/product\/4261"}],"collection":[{"href":"https:\/\/www.saphy.com\/healthcare-cosmetique\/wp-json\/wp\/v2\/product"}],"about":[{"href":"https:\/\/www.saphy.com\/healthcare-cosmetique\/wp-json\/wp\/v2\/types\/product"}],"replies":[{"embeddable":true,"href":"https:\/\/www.saphy.com\/healthcare-cosmetique\/wp-json\/wp\/v2\/comments?post=4261"}],"wp:featuredmedia":[{"embeddable":true,"href":"https:\/\/www.saphy.com\/healthcare-cosmetique\/wp-json\/wp\/v2\/media\/4262"}],"wp:attachment":[{"href":"https:\/\/www.saphy.com\/healthcare-cosmetique\/wp-json\/wp\/v2\/media?parent=4261"}],"curies":[{"name":"wp","href":"https:\/\/api.w.org\/{rel}","templated":true}]}}