{"id":4263,"date":"2019-04-18T12:19:54","date_gmt":"2019-04-18T11:19:54","guid":{"rendered":"https:\/\/www.saphy.com\/healthcare-cosmetique\/?post_type=product&#038;p=4263"},"modified":"2022-11-30T16:31:08","modified_gmt":"2022-11-30T15:31:08","slug":"shampooing-antihairfall-himalaya-400ml","status":"publish","type":"product","link":"https:\/\/www.saphy.com\/healthcare-cosmetique\/produit\/shampooing-antihairfall-himalaya-400ml\/","title":{"rendered":"SHAMPOOING ANTIHAIRFALL HIMALAYA 400ML"},"content":{"rendered":"<p>SHAMPOOING ANTIHAIRFALL HIMALAYA 400ML<\/p>\n<p>&nbsp;<\/p>\n<p>Vos cheveux sont faibles et sujets \u00e0 la chute des cheveux? La formule du shampooing antichute Himalaya est riche en huile de ricin et en caf\u00e9ine\u00a0 qui aident \u00e0 maitriser la chute des cheveux due \u00e0 la casse .<\/p>\n<p>Ingr\u00e9dients principaux<b>: <\/b>Huile de Ricin\u2022 Caf\u00e9ine<\/p>\n<p>Conseil d\u2019utilisation: Mouillez vos cheveux et masser d\u00e9licatement le cuir chevelu et l\u2019ensemble de la chevelure . Rincer abondamment. R\u00e9p\u00e9ter si n\u00e9cessaire<\/p>\n<p>Format familial 400 ml<\/p>\n<table style=\"height: 200px;\" width=\"737\">\n<tbody>\n<tr>\n<td width=\"501\">Ingredients: Aqua, Sodium Laureth Sulfate, Cocamidopropyl Betaine, Dimethiconol &amp; TEA-Dodecylbenzenesulfonate &amp; Trideceth-10, Glycol Distearate, Parfum, Glycerin, Sodium Chloride, Sodium Benzoate, Carbomer, Guar\u00a0 Hydroxypropyltrimonium Chloride, Salicylic Acid, Sodium Hydroxide, Disodium EDTA, Hydroxypropyltrimonium Hydrolyzed Wheat Protein, PEG-45M, Caffeine, Hydrolyzed Soy Protein, Ricinus Communis (Castor) Seed Oil, Eclipta Prostrata Extract, Benzyl Salicylate, Linalool<\/td>\n<\/tr>\n<\/tbody>\n<\/table>\n","protected":false},"excerpt":{"rendered":"<p>SHAMPOOING ANTIHAIRFALL HIMALAYA 400ML &nbsp; Vos cheveux sont faibles et sujets \u00e0 la chute des cheveux? La formule du shampooing antichute Himalaya est riche en huile de ricin et en caf\u00e9ine\u00a0 qui aident \u00e0 maitriser la chute des cheveux due \u00e0 la casse . Ingr\u00e9dients principaux: Huile de Ricin\u2022 Caf\u00e9ine Conseil d\u2019utilisation: Mouillez vos cheveux [&hellip;]<\/p>\n","protected":false},"featured_media":4265,"comment_status":"open","ping_status":"closed","template":"","meta":[],"_links":{"self":[{"href":"https:\/\/www.saphy.com\/healthcare-cosmetique\/wp-json\/wp\/v2\/product\/4263"}],"collection":[{"href":"https:\/\/www.saphy.com\/healthcare-cosmetique\/wp-json\/wp\/v2\/product"}],"about":[{"href":"https:\/\/www.saphy.com\/healthcare-cosmetique\/wp-json\/wp\/v2\/types\/product"}],"replies":[{"embeddable":true,"href":"https:\/\/www.saphy.com\/healthcare-cosmetique\/wp-json\/wp\/v2\/comments?post=4263"}],"wp:featuredmedia":[{"embeddable":true,"href":"https:\/\/www.saphy.com\/healthcare-cosmetique\/wp-json\/wp\/v2\/media\/4265"}],"wp:attachment":[{"href":"https:\/\/www.saphy.com\/healthcare-cosmetique\/wp-json\/wp\/v2\/media?parent=4263"}],"curies":[{"name":"wp","href":"https:\/\/api.w.org\/{rel}","templated":true}]}}