{"id":4302,"date":"2019-07-18T11:34:30","date_gmt":"2019-07-18T10:34:30","guid":{"rendered":"https:\/\/www.saphy.com\/healthcare-cosmetique\/?post_type=product&#038;p=4302"},"modified":"2019-07-18T11:34:30","modified_gmt":"2019-07-18T10:34:30","slug":"eau-micellaire-nettoyante-pour-peaux-sensibles-yellow-rose-cosmetics","status":"publish","type":"product","link":"https:\/\/www.saphy.com\/healthcare-cosmetique\/produit\/eau-micellaire-nettoyante-pour-peaux-sensibles-yellow-rose-cosmetics\/","title":{"rendered":"Eau Micellaire Nettoyante pour peaux sensibles Yellow rose cosmetics"},"content":{"rendered":"<p>Eau Micellaire Nettoyante pour peaux sensibles Yellow rose cosmetics<\/p>\n<p>Eau micellaire pour d\u00e9maquiller et nettoyer en douceur le visage, les yeux, les l\u00e8vres et le cou.<\/p>\n<p>Elimine les impuret\u00e9s et enl\u00e8ve les traces de maquillage efficacement en un seul geste, sans irriter la peau.<\/p>\n<p>Laisse la peau propre, fra\u00eeche et douce.<\/p>\n<p>Adapt\u00e9e \u00e0 tous les types de peau.<\/p>\n<p>Id\u00e9ale pour les peaux sensibles.<\/p>\n<p>Test\u00e9 sous contr\u00f4le ophtalmologique et dermatologique sur peaux sensibles.<\/p>\n<p>Convient aux porteurs de lentilles de contact.<\/p>\n<p>Conseil d&rsquo;utilisation:\u00a0 Appliquer d\u00e9licatement sur le visage, les yeux, les l\u00e8vres et le cou \u00e0 l\u2019aide d\u2019un coton.<\/p>\n<p>Ne pas rincer.<\/p>\n<p>Utiliser tous les jours, matin et soir.<\/p>\n<p>Les ingr\u00e9dients principaux<br \/>\nContient<br \/>\ndes micelles sp\u00e9ciales pour un nettoyage doux, des extraits apaisants d\u2019Euphrasie et de Calendula, des extraits antioxydants de Th\u00e9 Blanc et de feuilles d\u2019Olivier, de l\u2019acide Glycyrrhetinique apaisant, de l\u2019extrait de Concombre, de l\u2019Allanto\u00efne et du Panth\u00e9nol.<\/p>\n","protected":false},"excerpt":{"rendered":"<p>Eau Micellaire Nettoyante pour peaux sensibles Yellow rose cosmetics Eau micellaire pour d\u00e9maquiller et nettoyer en douceur le visage, les yeux, les l\u00e8vres et le cou. Elimine les impuret\u00e9s et enl\u00e8ve les traces de maquillage efficacement en un seul geste, sans irriter la peau. Laisse la peau propre, fra\u00eeche et douce. Adapt\u00e9e \u00e0 tous les [&hellip;]<\/p>\n","protected":false},"featured_media":4303,"comment_status":"open","ping_status":"closed","template":"","meta":[],"_links":{"self":[{"href":"https:\/\/www.saphy.com\/healthcare-cosmetique\/wp-json\/wp\/v2\/product\/4302"}],"collection":[{"href":"https:\/\/www.saphy.com\/healthcare-cosmetique\/wp-json\/wp\/v2\/product"}],"about":[{"href":"https:\/\/www.saphy.com\/healthcare-cosmetique\/wp-json\/wp\/v2\/types\/product"}],"replies":[{"embeddable":true,"href":"https:\/\/www.saphy.com\/healthcare-cosmetique\/wp-json\/wp\/v2\/comments?post=4302"}],"wp:featuredmedia":[{"embeddable":true,"href":"https:\/\/www.saphy.com\/healthcare-cosmetique\/wp-json\/wp\/v2\/media\/4303"}],"wp:attachment":[{"href":"https:\/\/www.saphy.com\/healthcare-cosmetique\/wp-json\/wp\/v2\/media?parent=4302"}],"curies":[{"name":"wp","href":"https:\/\/api.w.org\/{rel}","templated":true}]}}