{"id":4346,"date":"2019-11-13T15:28:44","date_gmt":"2019-11-13T14:28:44","guid":{"rendered":"https:\/\/www.saphy.com\/healthcare-cosmetique\/?post_type=product&#038;p=4346"},"modified":"2022-10-24T10:39:53","modified_gmt":"2022-10-24T09:39:53","slug":"creme-de-jour-spf-15-youth-eternity-himalaya-herbals","status":"publish","type":"product","link":"https:\/\/www.saphy.com\/healthcare-cosmetique\/produit\/creme-de-jour-spf-15-youth-eternity-himalaya-herbals\/","title":{"rendered":"CREME DE JOUR SPF 15 YOUTH ETERNITY  HIMALAYA HERBALS"},"content":{"rendered":"<h2>Cr\u00e8me de jour SPF 15\u00a0 Youth Eternity *Himalaya<\/h2>\n<p>*Eternelle jeunesse en Fran\u00e7ais<\/p>\n<p>Issue\u00a0 de la recherche sur les cellules souches v\u00e9g\u00e9tales\u00a0\u00bb<\/p>\n<p>La cr\u00e8me de jour Himalaya Youth Eternity est une formulation anti-\u00e2ge r\u00e9volutionnaire bas\u00e9e sur la recherche sur les cellules souches v\u00e9g\u00e9tales et les actifs \u00e0 base de plantes exotiques.<\/p>\n<p>Les cellules souches v\u00e9g\u00e9tales Edelweiss sont riches en antioxydants. Woodfordia, Rose Myrtle et Cipadessa r\u00e9gulent les g\u00e8nes de la jeunesse et travaillent avec votre matrice inn\u00e9e de cellules cutan\u00e9es, responsable du m\u00e9canisme anti-\u00e2ge de votre peau. Cette cr\u00e8me de jour l\u00e9g\u00e8re, non grasse et \u00e0 absorption rapide est un puissant m\u00e9lange d&rsquo;extraits botaniques qui r\u00e9duit les ridules, les rides et repulpe votre peau, la laissant ainsi remarquablement saine et plus jeune.<\/p>\n<p>Mode d&#8217;emploi: Appliquez g\u00e9n\u00e9reusement la cr\u00e8me de jour Himalaya Youth Eternity sur le visage et le cou parfaitement nettoy\u00e9s, une ou deux fois par jour. Pour de meilleurs r\u00e9sultats, utilisez quotidiennement avec la cr\u00e8me de nuit Himalaya Youth Eternity et la cr\u00e8me contour des yeux Himalaya Youth Eternity .\u00a0\u00bb<\/p>\n<p>\u00ab\u00a0Ingr\u00e9dients: Eau, homosalate, salicylate d&rsquo;\u00e9thylhexyle, m\u00e9thoxycinnamate d&rsquo;\u00e9thylhexyle, st\u00e9arate de glyc\u00e9ryle SE,<br \/>\nButyle, m\u00e9thoxydibenzoylm\u00e9thane, octocryl\u00e8ne, alcool c\u00e9tylique, st\u00e9arate de sorbitan, ph\u00e9noxy\u00e9thanol, sodium<br \/>\nCetearyl Sulfate, Parfum, Glyc\u00e9rine, Benzoate de Sodium, Carbom\u00e8re, Culture de cellules de m\u00e9rist\u00e8me de Leontopodium alpinum,Cocoate de saccharose, ac\u00e9tate de tocoph\u00e9rol, \u00e9thylhexylglyc\u00e9rine, hydroxyde de sodium, EDTA disodique,<br \/>\nExtrait de fleur \/ feuille \/ tige de Cipadessa Baccifera, extrait de fleur \/ feuille \/ de tige de Rhodomyrtus Tomentosa,<br \/>\nExtrait de fleur Woodfordia Fruticosa, Cl 14700, Hexyl Cinnamal, Butylph\u00e9nyl m\u00e9thylpropional, Linalol, BenzylSalicylate, Limon\u00e8ne, Isom\u00e9thyl Ionone, G\u00e9raniol, Coumarine, Citronellol.<\/p>\n<p>Conditionnement:50ml<\/p>\n<p>POUR USAGE EXTERNE UNIQUEMENT<br \/>\nTest\u00e9 cliniquement et dermatologiquement<\/p>\n<p>&nbsp;<\/p>\n","protected":false},"excerpt":{"rendered":"<p>Cr\u00e8me de jour SPF 15\u00a0 Youth Eternity *Himalaya *Eternelle jeunesse en Fran\u00e7ais Issue\u00a0 de la recherche sur les cellules souches v\u00e9g\u00e9tales\u00a0\u00bb La cr\u00e8me de jour Himalaya Youth Eternity est une formulation anti-\u00e2ge r\u00e9volutionnaire bas\u00e9e sur la recherche sur les cellules souches v\u00e9g\u00e9tales et les actifs \u00e0 base de plantes exotiques. Les cellules souches v\u00e9g\u00e9tales Edelweiss [&hellip;]<\/p>\n","protected":false},"featured_media":4347,"comment_status":"open","ping_status":"closed","template":"","meta":[],"_links":{"self":[{"href":"https:\/\/www.saphy.com\/healthcare-cosmetique\/wp-json\/wp\/v2\/product\/4346"}],"collection":[{"href":"https:\/\/www.saphy.com\/healthcare-cosmetique\/wp-json\/wp\/v2\/product"}],"about":[{"href":"https:\/\/www.saphy.com\/healthcare-cosmetique\/wp-json\/wp\/v2\/types\/product"}],"replies":[{"embeddable":true,"href":"https:\/\/www.saphy.com\/healthcare-cosmetique\/wp-json\/wp\/v2\/comments?post=4346"}],"wp:featuredmedia":[{"embeddable":true,"href":"https:\/\/www.saphy.com\/healthcare-cosmetique\/wp-json\/wp\/v2\/media\/4347"}],"wp:attachment":[{"href":"https:\/\/www.saphy.com\/healthcare-cosmetique\/wp-json\/wp\/v2\/media?parent=4346"}],"curies":[{"name":"wp","href":"https:\/\/api.w.org\/{rel}","templated":true}]}}