{"id":4418,"date":"2020-04-24T14:26:28","date_gmt":"2020-04-24T13:26:28","guid":{"rendered":"https:\/\/www.saphy.com\/healthcare-cosmetique\/?post_type=product&#038;p=4418"},"modified":"2024-02-05T11:17:47","modified_gmt":"2024-02-05T10:17:47","slug":"masque-peel-off-au-collagene-yellow-rose-cosmetics","status":"publish","type":"product","link":"https:\/\/www.saphy.com\/healthcare-cosmetique\/produit\/masque-peel-off-au-collagene-yellow-rose-cosmetics\/","title":{"rendered":"MASQUE PEEL OFF AU COLLAGENE YELLOW ROSE COSMETICS"},"content":{"rendered":"<p>MASQUE PEEL OFF AU COLLAGENE YELLOW ROSE COSMETICS<\/p>\n<p>Le Masque au Collag\u00e8ne marin est sp\u00e9cialement con\u00e7u pour booster le\u00a0 renouvellement cellulaire et pour aider \u00e0 combattre le vieillissement cutan\u00e9.<\/p>\n<p>Un\u00a0 des bienfaits du collag\u00e8ne est utilis\u00e9 pour aider la peau \u00e0 mieux se d\u00e9fendre contre les d\u00e9gradations des tissus de la peau ,il est utilis\u00e9 pour am\u00e9liorer l&rsquo;apparence des rides de la peau.<br \/>\nUne bonne production de collag\u00e8ne nous permet d&rsquo;avoir une peau saine, belle et jeune.<\/p>\n<p>Masques de poudre d\u2019alginate pour le visage (de qualit\u00e9 pharmaceutique) qui sont faciles \u00e0 utiliser (m\u00e9lang\u00e9s avec de l\u2019eau et enlev\u00e9s en une seule pi\u00e8ce).<\/p>\n<p>Ce soin hydrate les couches sup\u00e9rieures de l\u2019\u00e9piderme et am\u00e9liore\u00a0 la texture de la peau.<\/p>\n<p>Utilisation<br \/>\nM\u00e9langer pour 2 minutes 25g de poudre avec 50 ml d\u2019eau, jusqu\u2019 \u00e0 ce que la p\u00e2te soit homog\u00e8ne. Laisser reposer le m\u00e9lange pendant 1-2 minutes dans le bol (pour une meilleure dispersion des ingr\u00e9dients actifs) et m\u00e9langer \u00e0 nouveau intens\u00e9ment. Laisser le masque pendant 15-20 minutes. Se retire en une seule pi\u00e8ce. Enlever les r\u00e9sidus avec de l\u2019eau et\/ou avec un \u2019Yellow Rose\u2019 lotion.<\/p>\n<p>&nbsp;<\/p>\n","protected":false},"excerpt":{"rendered":"<p>MASQUE PEEL OFF AU COLLAGENE YELLOW ROSE COSMETICS Le Masque au Collag\u00e8ne marin est sp\u00e9cialement con\u00e7u pour booster le\u00a0 renouvellement cellulaire et pour aider \u00e0 combattre le vieillissement cutan\u00e9. Un\u00a0 des bienfaits du collag\u00e8ne est utilis\u00e9 pour aider la peau \u00e0 mieux se d\u00e9fendre contre les d\u00e9gradations des tissus de la peau ,il est utilis\u00e9 [&hellip;]<\/p>\n","protected":false},"featured_media":4419,"comment_status":"open","ping_status":"closed","template":"","meta":[],"_links":{"self":[{"href":"https:\/\/www.saphy.com\/healthcare-cosmetique\/wp-json\/wp\/v2\/product\/4418"}],"collection":[{"href":"https:\/\/www.saphy.com\/healthcare-cosmetique\/wp-json\/wp\/v2\/product"}],"about":[{"href":"https:\/\/www.saphy.com\/healthcare-cosmetique\/wp-json\/wp\/v2\/types\/product"}],"replies":[{"embeddable":true,"href":"https:\/\/www.saphy.com\/healthcare-cosmetique\/wp-json\/wp\/v2\/comments?post=4418"}],"wp:featuredmedia":[{"embeddable":true,"href":"https:\/\/www.saphy.com\/healthcare-cosmetique\/wp-json\/wp\/v2\/media\/4419"}],"wp:attachment":[{"href":"https:\/\/www.saphy.com\/healthcare-cosmetique\/wp-json\/wp\/v2\/media?parent=4418"}],"curies":[{"name":"wp","href":"https:\/\/api.w.org\/{rel}","templated":true}]}}