{"id":4437,"date":"2020-05-20T14:31:16","date_gmt":"2020-05-20T13:31:16","guid":{"rendered":"https:\/\/www.saphy.com\/healthcare-cosmetique\/?post_type=product&#038;p=4437"},"modified":"2023-11-27T10:53:36","modified_gmt":"2023-11-27T09:53:36","slug":"huile-de-neem-bio-fushi-50-ml-fraichement-pressee","status":"publish","type":"product","link":"https:\/\/www.saphy.com\/healthcare-cosmetique\/produit\/huile-de-neem-bio-fushi-50-ml-fraichement-pressee\/","title":{"rendered":"Huile de Calendula  Fushi 100 ml Fraichement press\u00e9e"},"content":{"rendered":"<p>Huile de Calendula 100% pure Fushi Fresh-Pressed\u00ae, fabriqu\u00e9e en infusant des fleurs de calendula dans de l&rsquo;huile d&rsquo;Amande douce bio, pour offrir une huile adoucissante et apaisante pour tous les types de peau et id\u00e9ale pour la peau de b\u00e9b\u00e9.<\/p>\n<pre id=\"tw-target-text\" class=\"tw-data-text tw-text-large tw-ta\" dir=\"ltr\" data-placeholder=\"Traduction\"><\/pre>\n<p>L&rsquo;huile de calendula est une huile apaisante douce, id\u00e9ale pour la peau de b\u00e9b\u00e9, et pour soigner les peaux irrit\u00e9es et enflamm\u00e9es. Fabriqu\u00e9 avec une infusion \u00e0 haute r\u00e9sistance de fleurs pures de calendula, mac\u00e9r\u00e9es dans de l&rsquo;huile d&rsquo;amande douce biologique pendant trois mois pour cr\u00e9er une huile th\u00e9rapeutique luxueuse pour la gu\u00e9rison de la peau. L&rsquo;huile d&rsquo;amande douce r\u00e9siste \u00e0 l&rsquo;oxydation, ce qui en fait l&rsquo;huile de support id\u00e9ale pour cr\u00e9er une huile de calendula de qualit\u00e9 sup\u00e9rieure qui nourrit et prot\u00e8ge tous les types de peau.<\/p>\n<p>Liste compl\u00e8te des ingr\u00e9dients<br \/>\nCalendula officinalis flores (fleurs de souci britanniques fra\u00eeches biologiques), Prunus dulcis (huile d&rsquo;amande douce biologique non raffin\u00e9e et press\u00e9e \u00e0 froid). L&rsquo;huile de Fushi Calendula est infus\u00e9e trois fois pendant 3 mois sur un ratio de 1: 1 d&rsquo;herbe \u00e0 l&rsquo;huile. Cela fournit un minimum garanti de 4000 mg \/ litre de terp\u00e8nes test\u00e9 en laboratoire. Triple infusion sur une p\u00e9riode de 3 mois. Certifi\u00e9 biologique par la Soil Association License No: DA22368.<\/p>\n<p>&nbsp;<\/p>\n<div class=\"ULSxyf\">\n<div class=\"MjjYud\">\n<div class=\"KIy09e obcontainer wDYxhc\" data-md=\"77\" data-hveid=\"CAYQAA\" data-ved=\"2ahUKEwjm87eJz_j6AhUEnRoKHV9GBAkQkCl6BAgGEAA\">\n<div id=\"tw-main\" data-hveid=\"CAYQAQ\">\n<div id=\"tw-container\" data-cp=\"1\" data-is-ver=\"false\" data-nnttsvi=\"1\" data-sbsl=\"ru,uk\" data-sm=\"1\" data-ssbp=\"true\" data-sugg-time=\"500\" data-sugg-url=\"https:\/\/clients1.google.com\/complete\/search\" data-uilc=\"fr\">\n<div id=\"tw-ob\" class=\"tw-src-ltr\">\n<div class=\"oSioSc\">\n<div id=\"tw-target\">\n<div id=\"kAz1tf\" class=\"g9WsWb\">\n<div id=\"tw-target-text-container\" class=\"tw-ta-container F0azHf tw-nfl\" tabindex=\"0\">\n<p>Comment l&rsquo;utiliser ?:<br \/>\nMasser doucement sur peau humide ou s\u00e8che apr\u00e8s la douche. Parfait comme hydratant pour tout le corps. Id\u00e9al pour les b\u00e9b\u00e9s et les enfants.<\/p>\n<p>Ce produit est naturel donc \u00e0 utiliser dans les 12 mois apr\u00e8s ouverture. Conserver dans un endroit sombre et frais.<\/p>\n<\/div>\n<div class=\"iYB33c\">\n<div class=\"dlJLJe\">\n<div data-cviv=\"false\" data-ved=\"2ahUKEwjm87eJz_j6AhUEnRoKHV9GBAkQz_AEegQIBhAP\">\n<div class=\"U9URNb\"><\/div>\n<\/div>\n<\/div>\n<div id=\"tw-tmenu\" class=\"tw-menu\">\n<p>&nbsp;<\/p>\n<div class=\"U4KnXc QlcHMc\" data-cgi-param=\"tob_sbp\" data-direction=\"1\" data-fp-cid=\"\" data-id=\"translate_search_button\" data-spor=\"false\" data-ved=\"2ahUKEwjm87eJz_j6AhUEnRoKHV9GBAkQj4QJegQIBhAV\"><\/div>\n<\/div>\n<\/div>\n<\/div>\n<\/div>\n<\/div>\n<\/div>\n<div id=\"tw-images\"><\/div>\n<div class=\"dURPtb\"><\/div>\n<div>\n<div><\/div>\n<\/div>\n<\/div>\n<div class=\"KFFQ0c xKf9F\"><\/div>\n<\/div>\n<\/div>\n<\/div>\n<\/div>\n<div class=\"ULSxyf\">\n<div class=\"MjjYud\">\n<div id=\"jW4n4\" tabindex=\"-1\" data-promoid=\"19028234\" data-urs=\"true\">\n<div>\n<div class=\"fHIdc fwsf4b PnU5cd ECOb7c\" role=\"dialog\" aria-labelledby=\"task-text\" aria-modal=\"true\" data-ui=\"__1\" data-hveid=\"CAUQAA\" data-ved=\"2ahUKEwjm87eJz_j6AhUEnRoKHV9GBAkQoMAEKAB6BAgFEAA\">\n<div class=\"LO47Ff ECOb7c ecyvVe CkBlJd ifrS0b\">\n<div class=\"cspiec\">\n<div class=\"dwHDvd\"><\/div>\n<\/div>\n<div><\/div>\n<\/div>\n<\/div>\n<\/div>\n<\/div>\n<\/div>\n<\/div>\n<div class=\"AgwBye\">\n<div class=\"ULSxyf\">\n<div class=\"MjjYud\">\n<p>&nbsp;<\/p>\n<div class=\"g Ww4FFb vt6azd tF2Cxc\" lang=\"fr\" data-hveid=\"CBoQAA\" data-ved=\"2ahUKEwjm87eJz_j6AhUEnRoKHV9GBAkQFSgAegQIGhAA\">\n<div class=\"kvH3mc BToiNc UK95Uc\" data-sokoban-container=\"ih6Jnb_IHsOob\">\n<div class=\"Z26q7c UK95Uc jGGQ5e\" data-header-feature=\"0\"><\/div>\n<\/div>\n<\/div>\n<\/div>\n<\/div>\n<\/div>\n","protected":false},"excerpt":{"rendered":"<p>Huile de Calendula 100% pure Fushi Fresh-Pressed\u00ae, fabriqu\u00e9e en infusant des fleurs de calendula dans de l&rsquo;huile d&rsquo;Amande douce bio, pour offrir une huile adoucissante et apaisante pour tous les types de peau et id\u00e9ale pour la peau de b\u00e9b\u00e9. L&rsquo;huile de calendula est une huile apaisante douce, id\u00e9ale pour la peau de b\u00e9b\u00e9, et [&hellip;]<\/p>\n","protected":false},"featured_media":5148,"comment_status":"open","ping_status":"closed","template":"","meta":[],"_links":{"self":[{"href":"https:\/\/www.saphy.com\/healthcare-cosmetique\/wp-json\/wp\/v2\/product\/4437"}],"collection":[{"href":"https:\/\/www.saphy.com\/healthcare-cosmetique\/wp-json\/wp\/v2\/product"}],"about":[{"href":"https:\/\/www.saphy.com\/healthcare-cosmetique\/wp-json\/wp\/v2\/types\/product"}],"replies":[{"embeddable":true,"href":"https:\/\/www.saphy.com\/healthcare-cosmetique\/wp-json\/wp\/v2\/comments?post=4437"}],"wp:featuredmedia":[{"embeddable":true,"href":"https:\/\/www.saphy.com\/healthcare-cosmetique\/wp-json\/wp\/v2\/media\/5148"}],"wp:attachment":[{"href":"https:\/\/www.saphy.com\/healthcare-cosmetique\/wp-json\/wp\/v2\/media?parent=4437"}],"curies":[{"name":"wp","href":"https:\/\/api.w.org\/{rel}","templated":true}]}}