{"id":4446,"date":"2020-05-25T14:06:33","date_gmt":"2020-05-25T13:06:33","guid":{"rendered":"https:\/\/www.saphy.com\/healthcare-cosmetique\/?post_type=product&#038;p=4446"},"modified":"2023-11-27T10:54:06","modified_gmt":"2023-11-27T09:54:06","slug":"huile-de-nigelle-bio-fraichement-pressee-100-ml-fushi","status":"publish","type":"product","link":"https:\/\/www.saphy.com\/healthcare-cosmetique\/produit\/huile-de-nigelle-bio-fraichement-pressee-100-ml-fushi\/","title":{"rendered":"Huile de graines de Cumin noir bio fraichement pr\u00e9ss\u00e9e 100 ml Fushi"},"content":{"rendered":"<p>Huile de graines de Cumin noir bio fraichement pr\u00e9ss\u00e9e 100 ml Fushi<\/p>\n<p>&nbsp;<\/p>\n<p>L&rsquo;huile de graines de Cumin noir bio fraichement pr\u00e9ss\u00e9e 100 ml Fushi&rsquo; est r\u00e9put\u00e9e pour ses diff\u00e9rents bienfaits\u00a0 .La graine de cumin noir est une plante\u00a0 m\u00e9dicinale importante qui a \u00e9t\u00e9 utilis\u00e9e pendant des si\u00e8cles dans les pays arabes, africains et asiatiques.<br \/>\nL\u2019huile de graines de Cumin noir est riche en om\u00e9ga 6 et 9, vitamine B1, B2, B3, acide folique et de nombreux min\u00e9raux, y compris le fer et le calcium.<\/p>\n<p>Cette ancienne huile \u00e9nergisante stimule la vitalit\u00e9 et aide \u00e0 calmer le syst\u00e8me nerveux<br \/>\nL\u2019huile de nigelle\u00a0 est pris\u00e9e \u00a0 pour aider \u00e0 am\u00e9liorer l\u2019\u00e9tat des cheveux, de la peau et des ongles. Elle est utilis\u00e9e pour am\u00e9liorer la peau en cas d&rsquo;acn\u00e9 ou de d\u00e9mangeaisons.<br \/>\nNos huiles sont press\u00e9es \u00e0 partir de la r\u00e9colte fra\u00eeche de graines, de noix et de grains de cette saison, afin de conserver la puissance et l\u2019efficacit\u00e9 de qualit\u00e9.<br \/>\nL&rsquo;huile de graines de Cumin noir bio fraichement pr\u00e9ss\u00e9e 100 ml Fushi est une huile naturelle non standardis\u00e9e, non raffin\u00e9e . Chaque lot varie et affiche un ensemble de caract\u00e9ristiques uniques. Les s\u00e9diments ou les particules naturelles des ingr\u00e9dients peuvent \u00eatre visibles dans l\u2019huile. C\u2019est tout simplement \u00e0 nos huiles n\u2019\u00e9tant jamais raffin\u00e9es, d\u00e9sodoris\u00e9es ou filtr\u00e9es.<\/p>\n<p>&nbsp;<\/p>\n<p>Fushi, qui signifie \u00ab vie \u00e9ternelle \u00bb, a commenc\u00e9 avec le patrimoine culturel combin\u00e9 de Rannesh et Ria et des recettes familiales ayurv\u00e9diques transmises par leurs grands-parents qui m\u00e9langeaient des huiles et des herbes infus\u00e9es pour cr\u00e9er des rem\u00e8des purs et naturels.<br \/>\nDans notre atelier de Londres, nous nous inspirons toujours de l\u2019ancien et du nouveau et nous sommes passionn\u00e9s par la livraison de produits purs, honn\u00eates et soigneusement cr\u00e9\u00e9s.<\/p>\n<p>&nbsp;<\/p>\n<p>&nbsp;<\/p>\n","protected":false},"excerpt":{"rendered":"<p>Huile de graines de Cumin noir bio fraichement pr\u00e9ss\u00e9e 100 ml Fushi &nbsp; L&rsquo;huile de graines de Cumin noir bio fraichement pr\u00e9ss\u00e9e 100 ml Fushi&rsquo; est r\u00e9put\u00e9e pour ses diff\u00e9rents bienfaits\u00a0 .La graine de cumin noir est une plante\u00a0 m\u00e9dicinale importante qui a \u00e9t\u00e9 utilis\u00e9e pendant des si\u00e8cles dans les pays arabes, africains et asiatiques. [&hellip;]<\/p>\n","protected":false},"featured_media":4447,"comment_status":"open","ping_status":"closed","template":"","meta":[],"_links":{"self":[{"href":"https:\/\/www.saphy.com\/healthcare-cosmetique\/wp-json\/wp\/v2\/product\/4446"}],"collection":[{"href":"https:\/\/www.saphy.com\/healthcare-cosmetique\/wp-json\/wp\/v2\/product"}],"about":[{"href":"https:\/\/www.saphy.com\/healthcare-cosmetique\/wp-json\/wp\/v2\/types\/product"}],"replies":[{"embeddable":true,"href":"https:\/\/www.saphy.com\/healthcare-cosmetique\/wp-json\/wp\/v2\/comments?post=4446"}],"wp:featuredmedia":[{"embeddable":true,"href":"https:\/\/www.saphy.com\/healthcare-cosmetique\/wp-json\/wp\/v2\/media\/4447"}],"wp:attachment":[{"href":"https:\/\/www.saphy.com\/healthcare-cosmetique\/wp-json\/wp\/v2\/media?parent=4446"}],"curies":[{"name":"wp","href":"https:\/\/api.w.org\/{rel}","templated":true}]}}