{"id":4448,"date":"2020-05-25T14:15:28","date_gmt":"2020-05-25T13:15:28","guid":{"rendered":"https:\/\/www.saphy.com\/healthcare-cosmetique\/?post_type=product&#038;p=4448"},"modified":"2022-10-24T11:26:43","modified_gmt":"2022-10-24T10:26:43","slug":"huile-de-coco-fractionee-bio-fraichement-pressee-100ml-fushi","status":"publish","type":"product","link":"https:\/\/www.saphy.com\/healthcare-cosmetique\/produit\/huile-de-coco-fractionee-bio-fraichement-pressee-100ml-fushi\/","title":{"rendered":"Huile de graines de sesame bio fraichement press\u00e9e 100ml Fushi"},"content":{"rendered":"<p>Huile de graines de s\u00e9same bio fraichement press\u00e9e 100ml Fushi<\/p>\n<p>L&rsquo;huile de s\u00e9same 100 % pure Fushi Fresh-Pressed\u00ae est une huile nourrissante riche en vitamine E et l&rsquo;une des huiles cutan\u00e9es les plus p\u00e9n\u00e9trantes utilis\u00e9es en Ayurveda pour les massages et les soins de la peau.<\/p>\n<p>L&rsquo;huile de graines de s\u00e9same est utilis\u00e9e comme huile de gu\u00e9rison depuis des milliers d&rsquo;ann\u00e9es en Inde et est une huile tr\u00e8s populaire dans la pratique de l&rsquo;Ayurveda, l&rsquo;ancien syst\u00e8me de sant\u00e9 indien. L&rsquo;huile de graines de s\u00e9same est riche en vitamine E et id\u00e9ale comme huile de massage et soin de la peau. Il peut \u00eatre utilis\u00e9 pour le massage du visage, les soins de la peau anti-\u00e2ge et l&rsquo;hydratation quotidienne du corps.<\/p>\n<p>Ingr\u00e9dients :Huile de graines de s\u00e9same (Sesamum indicum), press\u00e9e \u00e0 froid, non raffin\u00e9e, biologique et certifi\u00e9e Fair for Life. Pays d&rsquo;origine : Ouganda Sans : bl\u00e9, ingr\u00e9dients contenant du gluten, soja, produits laitiers, colorants artificiels, ar\u00f4mes et conservateurs.<\/p>\n<p>Conseil d&rsquo;utilisation:<br \/>\nMasser doucement sur peau humide ou s\u00e8che apr\u00e8s la douche. Utilisez-le comme huile de massage et m\u00e9langez-le avec vos huiles essentielles pr\u00e9f\u00e9r\u00e9es.<\/p>\n<p>Ce produit est naturel donc \u00e0 utiliser dans les 12 mois apr\u00e8s ouverture. Conserver dans un endroit sombre et frais.<\/p>\n","protected":false},"excerpt":{"rendered":"<p>Huile de graines de s\u00e9same bio fraichement press\u00e9e 100ml Fushi L&rsquo;huile de s\u00e9same 100 % pure Fushi Fresh-Pressed\u00ae est une huile nourrissante riche en vitamine E et l&rsquo;une des huiles cutan\u00e9es les plus p\u00e9n\u00e9trantes utilis\u00e9es en Ayurveda pour les massages et les soins de la peau. L&rsquo;huile de graines de s\u00e9same est utilis\u00e9e comme huile [&hellip;]<\/p>\n","protected":false},"featured_media":4449,"comment_status":"open","ping_status":"closed","template":"","meta":[],"_links":{"self":[{"href":"https:\/\/www.saphy.com\/healthcare-cosmetique\/wp-json\/wp\/v2\/product\/4448"}],"collection":[{"href":"https:\/\/www.saphy.com\/healthcare-cosmetique\/wp-json\/wp\/v2\/product"}],"about":[{"href":"https:\/\/www.saphy.com\/healthcare-cosmetique\/wp-json\/wp\/v2\/types\/product"}],"replies":[{"embeddable":true,"href":"https:\/\/www.saphy.com\/healthcare-cosmetique\/wp-json\/wp\/v2\/comments?post=4448"}],"wp:featuredmedia":[{"embeddable":true,"href":"https:\/\/www.saphy.com\/healthcare-cosmetique\/wp-json\/wp\/v2\/media\/4449"}],"wp:attachment":[{"href":"https:\/\/www.saphy.com\/healthcare-cosmetique\/wp-json\/wp\/v2\/media?parent=4448"}],"curies":[{"name":"wp","href":"https:\/\/api.w.org\/{rel}","templated":true}]}}