{"id":4450,"date":"2020-05-25T14:26:16","date_gmt":"2020-05-25T13:26:16","guid":{"rendered":"https:\/\/www.saphy.com\/healthcare-cosmetique\/?post_type=product&#038;p=4450"},"modified":"2023-11-27T10:53:21","modified_gmt":"2023-11-27T09:53:21","slug":"gel-douche-peaux-sensibles-bio-bringer-of-peace-fushi-250ml","status":"publish","type":"product","link":"https:\/\/www.saphy.com\/healthcare-cosmetique\/produit\/gel-douche-peaux-sensibles-bio-bringer-of-peace-fushi-250ml\/","title":{"rendered":"Gel Douche Peaux Sensibles Bio bringer of peace Fushi 250ml"},"content":{"rendered":"<p>Gel Douche Peaux Sensibles Bio bringer of peace Fushi 250ml<\/p>\n<p>&nbsp;<\/p>\n<p>Le gel douche Peaux sensibles bio Bringer of peace Fushi est\u00a0 ultra-apaisant et nettoyant et a \u00e9t\u00e9 formul\u00e9 pour nettoyer et calmer doucement la peau sensible. Cette formule innovante contient Fresh-ground\u00ae Indian Babul qui est connu pour ses merveilleuses propri\u00e9t\u00e9s rajeunissantes de peau, le baume de citron apaisant, qui laisse la peau se\u00a0 nourrie et magnifiquement hydrat\u00e9e, et la douce feuille interieure d&rsquo;Aloe Vera\u00a0 qui est connue pour ses propri\u00e9t\u00e9s apaisantes pour la peau sensible.<br \/>\nLes herbes fushi sont biologiques, fra\u00eechement r\u00e9colt\u00e9es et triplement infus\u00e9es. Calmant et doux fraichement pr\u00e9ss\u00e9e\u00ae le Calendula est infus\u00e9 dans l\u2019huile d\u2019amande douce qui est facilement absorb\u00e9e dans la peau. L&rsquo;Huile de graines Passion\u00ae fraichement press\u00e9e ,l&rsquo; huile de noix de coco fractionn\u00e9e etl&rsquo; huile d\u2019argousier sont tous connus pour leurs excellentes qualit\u00e9s hydratantes.<br \/>\nLe gel douche Peaux sensibles bio Bringer of peace Fushi est apaisant et doux pour la peau; particuli\u00e8rement formul\u00e9 pour les types de peau sensibles, la peau s\u00e8che, l\u2019ecz\u00e9ma et le psoriasis. Cette lotion est infus\u00e9e \u00e0 50% de baume au citron qui apporte un \u00e9l\u00e9ment naturellement parfum\u00e9 avec un parfum frais et agrumes.<br \/>\nCette lotion est faite \u00e0 l\u2019aide de baume de citron cultiv\u00e9 biodynamiquement, triplement infus\u00e9 dans l\u2019eau durant 90 jours.<br \/>\nNous n\u2019utilisons que nos huiles froides et fra\u00eechement press\u00e9es fra\u00eechement press\u00e9es dans nos soins de la peau. Celles-ci sont fra\u00eechement press\u00e9s de la r\u00e9colte de chaque saison pour offrir une qualit\u00e9 et une efficacit\u00e9 maximales.<br \/>\nPour l\u2019exp\u00e9rience de traitement compl\u00e8t utilisez le lait corps peaux sensibles\u00a0 Bringer of Peace Fushi.<br \/>\nLes produits de soins corporels de Fushi sont exempts de parabens, de produits p\u00e9trochimiques, de SLS, de PEG et de parfums artificiels.<br \/>\nNous avons l\u00e9g\u00e8rement chang\u00e9 l\u2019odeur du Bringer of Peace Body Wash et Body Lotion. Le parfum 100% organique contient maintenant des notes apaisantes et \u00e9difiantes de bergamote, de basilic, de lime, de thym et de mandarine. Les deux formules restent assez douces et apaisantes pour \u00eatre utilis\u00e9es m\u00eame par la peau la plus sensible.<\/p>\n<p>Ingr\u00e9dients:<br \/>\nAqua (eau), Coco-sulfate de sodium (\u00e0 partir de<br \/>\nhuile de coco), Cocamidopropyl betaine (\u00e0 partir d&rsquo;huile de coco), Decyl<br \/>\nglucoside (\u00e0 partir d&rsquo;huile de ma\u00efs), Glyc\u00e9rine (\u00e0 partir d&rsquo;huile v\u00e9g\u00e9tale), Caprylyl<br \/>\n\/ glucoside de capryle (\u00e0 partir de sucres de fruits), huile de graines de Passiflora edulis +<br \/>\n(huile de graines de fruit de la passion fushi), huile de graines de Prunus amygdalus dulcis +<br \/>\n(huile d&rsquo;amande douce dor\u00e9e fushi ), extrait de fleur de Calendula officinalis<br \/>\n(fleur de souci biologique),Extrait de fleur de Passiflora incarnata<br \/>\n(passiflore biologique),Poudre d\u2019 \u00e9corce de tige d&rsquo;Acacia arabica<br \/>\n(babul indien bio), extrait de feuille de Melissa officinalis<br \/>\n(m\u00e9lisse bio), poudre de jus de feuilles d&rsquo;Aloe barbadensis (fushi<br \/>\nalo\u00e8s mexicain), triglyc\u00e9ride caprylique \/ caprique (fushi<br \/>\nhuile de coco fractionn\u00e9e), huile de fruit d&rsquo;Hippophae rhamnoides (fushi<br \/>\nhuile d&rsquo;argousier), Lauryl glucoside (\u00e0 partir de sucres de fruits), Glyceryl<br \/>\nol\u00e9ate (de noix de coco), Coco-glucoside (de noix de coco et de fruits<br \/>\nsucres), acide citrique (conservateur de qualit\u00e9 alimentaire \u00e0 base de fruits), l\u00e9vulinique<br \/>\nacide (de qualit\u00e9 alimentaire \u00e0 partir de fruits), l\u00e9vulinate de sodium (\u00e0 partir de ma\u00efs),<br \/>\nBenzoate de sodium (conservateur de qualit\u00e9 alimentaire \u00e0 base d&rsquo;huile de coco),<br \/>\nParfum (parfum naturel), Phytate de sodium (\u00e0 partir de son de bl\u00e9),<br \/>\nPh\u00e9noxy\u00e9thanol (conservateur naturel du th\u00e9 vert), Benzyl<br \/>\nSalicylate *, Butylph\u00e9nyl m\u00e9thylpropional *, Hexyl cinnamal *.<\/p>\n<p><strong>\u00c0 propos de Fushi<\/strong><br \/>\nFushi Wellbeing est accr\u00e9dit\u00e9 \u00e9thiquement et a \u00e9t\u00e9 r\u00e9compens\u00e9 par l\u2019Organisation \u00e9thique pour son engagement \u00e0 r\u00e9duire les d\u00e9chets environnementaux, la pollution, le travail des enfants, l\u2019exp\u00e9rimentation animale et d\u2019autres pratiques commerciales d\u00e9loyales. Nous croyons en l\u2019honn\u00eatet\u00e9 envers nos clients, gentils avec notre plan\u00e8te et responsables de nos actions. Fushi s\u2019est engag\u00e9 \u00e0 redonner et a r\u00e9cemment lanc\u00e9 la campagne \u00ab Arbre pour l\u2019\u00e9ternit\u00e9 \u00bb en mettant de c\u00f4t\u00e9 un pourcentage de leurs profits pour Tree Aid, une organisation caritative britannique qui utilise les arbres pour r\u00e9duire la pauvret\u00e9 et promouvoir l\u2019autonomie dans certaines des r\u00e9gions les plus pauvres d\u2019Afrique rurale.<br \/>\n<strong>Notre histoire:<\/strong><br \/>\nFushi, qui signifie \u00ab vie \u00e9ternelle \u00bb, a commenc\u00e9 avec le patrimoine culturel combin\u00e9 de Rannesh et Ria et des recettes de la famille ayuverdic transmises par leurs grands-parents qui m\u00e9langeaient des huiles et des herbes infus\u00e9es pour cr\u00e9er des rem\u00e8des naturels.<br \/>\nToujours inspir\u00e9s par les recettes originales et les ingr\u00e9dients de m\u00e9lange \u00e0 la main dans notre atelier de Londres aujourd\u2019hui, nous continuons \u00e0 construire des relations plus fortes avec nos producteurs pour offrir des produits purs, soigneusement cr\u00e9\u00e9s, de qualit\u00e9 qui am\u00e9liorent le bien-\u00eatre de nos clients.<\/p>\n","protected":false},"excerpt":{"rendered":"<p>Gel Douche Peaux Sensibles Bio bringer of peace Fushi 250ml &nbsp; Le gel douche Peaux sensibles bio Bringer of peace Fushi est\u00a0 ultra-apaisant et nettoyant et a \u00e9t\u00e9 formul\u00e9 pour nettoyer et calmer doucement la peau sensible. Cette formule innovante contient Fresh-ground\u00ae Indian Babul qui est connu pour ses merveilleuses propri\u00e9t\u00e9s rajeunissantes de peau, le [&hellip;]<\/p>\n","protected":false},"featured_media":4451,"comment_status":"open","ping_status":"closed","template":"","meta":[],"_links":{"self":[{"href":"https:\/\/www.saphy.com\/healthcare-cosmetique\/wp-json\/wp\/v2\/product\/4450"}],"collection":[{"href":"https:\/\/www.saphy.com\/healthcare-cosmetique\/wp-json\/wp\/v2\/product"}],"about":[{"href":"https:\/\/www.saphy.com\/healthcare-cosmetique\/wp-json\/wp\/v2\/types\/product"}],"replies":[{"embeddable":true,"href":"https:\/\/www.saphy.com\/healthcare-cosmetique\/wp-json\/wp\/v2\/comments?post=4450"}],"wp:featuredmedia":[{"embeddable":true,"href":"https:\/\/www.saphy.com\/healthcare-cosmetique\/wp-json\/wp\/v2\/media\/4451"}],"wp:attachment":[{"href":"https:\/\/www.saphy.com\/healthcare-cosmetique\/wp-json\/wp\/v2\/media?parent=4450"}],"curies":[{"name":"wp","href":"https:\/\/api.w.org\/{rel}","templated":true}]}}