{"id":4452,"date":"2020-05-25T14:35:47","date_gmt":"2020-05-25T13:35:47","guid":{"rendered":"https:\/\/www.saphy.com\/healthcare-cosmetique\/?post_type=product&#038;p=4452"},"modified":"2023-11-27T10:53:10","modified_gmt":"2023-11-27T09:53:10","slug":"shampooing-bio-infuse-a-largan-amalaki-fushi-230ml","status":"publish","type":"product","link":"https:\/\/www.saphy.com\/healthcare-cosmetique\/produit\/shampooing-bio-infuse-a-largan-amalaki-fushi-230ml\/","title":{"rendered":"Shampooing Bio infus\u00e9 \u00e0 l&rsquo;Argan &#038; Amalaki  Fushi 230ML"},"content":{"rendered":"<p>Shampooing Bio infus\u00e9 \u00e0 l&rsquo;Argan &amp; Amalaki Fushi 230ML<\/p>\n<p>Le\u00a0 Shampooing Bio infus\u00e9 \u00e0 l&rsquo;Argan &amp; Amalaki Fushi\u00a0 est riche en herbes ayurv\u00e9diques m\u00e9lang\u00e9 avec de l\u2019huile d\u2019argan et de Camellia fra\u00eechement press\u00e9e pour stimuler la douceur\u00a0 , faire briller et renforcer vos cheveux.<br \/>\nCe m\u00e9lange botanique innovant contient de l\u2019huile d\u2019argan\u00ae, de l\u2019huile de Camellia et de l\u2019extrait d\u2019herbes de Brahmi fraichement\u00a0 press\u00e9s\u00a0 pour raviver et restaurer les cheveux \u00e0 une brillance et un rebond brillants. Une formule unique \u00e0 l&rsquo;Amalaki (Indian Gooseberry)fraichement pr\u00e9ss\u00e9e\u00ae\u00a0 et Biotin pour aider \u00e0 reconstituer les cheveux secs, apaiser le cuir chevelu et promouvoir la sant\u00e9 des cheveux, l&rsquo;Amalaki (Indian Gooseberry), est connu comme une riche source de vitamine C et contribue \u00e0 garder les follicules pileux forts tout en nourrissant les cheveux des racines. Les huiles brahmi, argan et Cam\u00e9lia\u00ae fra\u00eechement press\u00e9es sont connues pour leurs merveilleuses propri\u00e9t\u00e9s rajeunissantes de cheveux. Parfum\u00e9 avec du Gardenia tahitien, cela laissera vos cheveux se sentir frais et parfum\u00e9.<br \/>\nCe shampooing est fabriqu\u00e9 \u00e0 partir de biodynamique cultiv\u00e9 Fresh-ground\u00ae Amalaki (Indian Gooseberry), triplement infus\u00e9 dans l\u2019eau\u00a0 durant 90 jours.<\/p>\n<p>Nous n\u2019utilisons que nos huiles non raffin\u00e9es r\u00e9put\u00e9es, d\u2019origine \u00e9thique, froides et fra\u00eeches press\u00e9es dans nos soins capillaires. Ceux-ci sont fra\u00eechement press\u00e9s de la r\u00e9colte de chaque saison pour offrir une qualit\u00e9 et une efficacit\u00e9 maximales.<br \/>\nPour l\u2019exp\u00e9rience de traitement compl\u00e8te suivre avec Argan et Amalaki Herbal conditionneur.<br \/>\nLes produits de soins capillaires de Fushi sont exempts de parabens, de produits p\u00e9trochimiques, de SLS, de PEG et de parfums artificiels.<\/p>\n<p><strong>\u00c0 propos de Fushi<\/strong><br \/>\nFushi Wellbeing est accr\u00e9dit\u00e9 \u00e9thiquement et a \u00e9t\u00e9 r\u00e9compens\u00e9 par l\u2019Organisation \u00e9thique pour son engagement \u00e0 r\u00e9duire les d\u00e9chets environnementaux, la pollution, le travail des enfants, l\u2019exp\u00e9rimentation animale et d\u2019autres pratiques commerciales d\u00e9loyales. Nous croyons en l\u2019honn\u00eatet\u00e9 envers nos clients, gentils avec notre plan\u00e8te et responsables de nos actions. Fushi s\u2019est engag\u00e9 \u00e0 redonner et a r\u00e9cemment lanc\u00e9 la campagne \u00ab Arbre pour l\u2019\u00e9ternit\u00e9 \u00bb en mettant de c\u00f4t\u00e9 un pourcentage de leurs profits pour Tree Aid, une organisation caritative britannique qui utilise les arbres pour r\u00e9duire la pauvret\u00e9 et promouvoir l\u2019autonomie dans certaines des r\u00e9gions les plus pauvres d\u2019Afrique rurale.<br \/>\n<strong>Notre histoire:<\/strong><br \/>\nFushi, qui signifie \u00ab vie \u00e9ternelle \u00bb, a commenc\u00e9 avec le patrimoine culturel combin\u00e9 de Rannesh et Ria et des recettes familiales ayurv\u00e9diques transmises par leurs grands-parents qui m\u00e9langeaient des huiles et des herbes infus\u00e9es pour cr\u00e9er des rem\u00e8des naturels.<br \/>\nToujours inspir\u00e9s par les recettes originales et les ingr\u00e9dients de m\u00e9lange \u00e0 la main dans notre atelier de Londres aujourd\u2019hui, nous continuons \u00e0 construire des relations plus fortes avec nos producteurs pour offrir des produits purs, soigneusement cr\u00e9\u00e9s, de qualit\u00e9 qui am\u00e9liorent le bien-\u00eatre de nos clients.<\/p>\n<p>&nbsp;<\/p>\n<p>&nbsp;<\/p>\n<p>&nbsp;<\/p>\n<p>Ingr\u00e9dients: Aqua (eau), Coco-sulfate de sodium (issu d\u2019huile de coco) Cocamidopropyl b\u00e9ta\u00efne (\u00e0 partir d&rsquo;huile de coco), Glyc\u00e9rine (\u00e0 partir d\u2019huile de l\u00e9gumes ), Caprylyl \/ capryl glucoside (\u00e0 partir de sucres de fruits), Decyl glucoside (\u00e0 partir d&rsquo;huile de ma\u00efs), Huile de noyau d&rsquo;Argania spinosa + (huile d&rsquo;argan marocain fushi), Huile de graines de Prunus amygdalus dulcis + (huile d&rsquo;amande douce fushi dor\u00e9e), Extrait de fruit Citrus aurantium dulcis (orange), Gardenia florida extrait de fruit (fleur de gard\u00e9nia), huile de graines d&rsquo;Helianthus annuus + (fushi huile de tournesol), Extrait de fruit d\u2019Emblica officinalis ( groseille indienne ), Extrait de Bacopa monniera (brahmi), Lauryl glucoside (\u00e0 partir de sucres de fruits), Aloe barbadensis jus de feuilles en poudre d\u2019alo\u00e8s mexicain, Glyceryl ol\u00e9ate (de noix de coco), Coco-glucoside (de sucres de noix de coco), Acide citrique (conservateur de qualit\u00e9 alimentaire \u00e0 base de fruits), acide l\u00e9vulinique (qualit\u00e9 alimentaire de fruits), L\u00e9vulinate de sodium (de ma\u00efs), Benzoate de sodium (de qualit\u00e9 alimentaire conservateur de l&rsquo;huile de coco), Parfum (parfum naturel), Caprylic \/ triglyc\u00e9ride caprique (huile de coco fractionn\u00e9e fushi), Huile essentielle de Jasmin (huile essentielle de jasmin indien fushi), Phytate de sodium (de bl\u00e9 son), Ph\u00e9noxy\u00e9thanol (conservateur naturel du th\u00e9 vert), Potassium sorbate (de baies de fruits), huile de fruit Olea europaea + (fushi bio huile d&rsquo;olive press\u00e9e \u00e0 froid), carot\u00e9no\u00efdes (de carottes), tocoph\u00e9rol (naturel d-alpha-tocoph\u00e9rol d&rsquo;huile d&rsquo;olive), palmitate d&rsquo;ascorbyle (d&rsquo;origine v\u00e9g\u00e9tale huile), Benzoate de benzyle *.<\/p>\n<p>Conseil d\u2019utilisation:<br \/>\nMassez le cuir chevelu et toute la longueur des cheveux. Rincer<br \/>\net r\u00e9p\u00e9tez. Pour des r\u00e9sultats optimals, utilisez l\u2019apr\u00e8s-shampooing \u00e0 l&rsquo;argan et \u00e0 l&rsquo;amalaki Fushi.<\/p>\n<p>Sans produits chimiques artificiels<br \/>\nNon test\u00e9 sur les animaux<br \/>\nEmballage \u00e9cologique et imprim\u00e9 avec des encres v\u00e9g\u00e9tales naturelles<\/p>\n<p>Contient: 30% d&rsquo;herbes pures et d&rsquo;huiles press\u00e9es \u00e0 froid.<\/p>\n<p>&nbsp;<\/p>\n","protected":false},"excerpt":{"rendered":"<p>Shampooing Bio infus\u00e9 \u00e0 l&rsquo;Argan &amp; Amalaki Fushi 230ML Le\u00a0 Shampooing Bio infus\u00e9 \u00e0 l&rsquo;Argan &amp; Amalaki Fushi\u00a0 est riche en herbes ayurv\u00e9diques m\u00e9lang\u00e9 avec de l\u2019huile d\u2019argan et de Camellia fra\u00eechement press\u00e9e pour stimuler la douceur\u00a0 , faire briller et renforcer vos cheveux. Ce m\u00e9lange botanique innovant contient de l\u2019huile d\u2019argan\u00ae, de l\u2019huile de [&hellip;]<\/p>\n","protected":false},"featured_media":4819,"comment_status":"open","ping_status":"closed","template":"","meta":[],"_links":{"self":[{"href":"https:\/\/www.saphy.com\/healthcare-cosmetique\/wp-json\/wp\/v2\/product\/4452"}],"collection":[{"href":"https:\/\/www.saphy.com\/healthcare-cosmetique\/wp-json\/wp\/v2\/product"}],"about":[{"href":"https:\/\/www.saphy.com\/healthcare-cosmetique\/wp-json\/wp\/v2\/types\/product"}],"replies":[{"embeddable":true,"href":"https:\/\/www.saphy.com\/healthcare-cosmetique\/wp-json\/wp\/v2\/comments?post=4452"}],"wp:featuredmedia":[{"embeddable":true,"href":"https:\/\/www.saphy.com\/healthcare-cosmetique\/wp-json\/wp\/v2\/media\/4819"}],"wp:attachment":[{"href":"https:\/\/www.saphy.com\/healthcare-cosmetique\/wp-json\/wp\/v2\/media?parent=4452"}],"curies":[{"name":"wp","href":"https:\/\/api.w.org\/{rel}","templated":true}]}}