{"id":4454,"date":"2020-05-25T15:24:45","date_gmt":"2020-05-25T14:24:45","guid":{"rendered":"https:\/\/www.saphy.com\/healthcare-cosmetique\/?post_type=product&#038;p=4454"},"modified":"2023-11-27T10:52:59","modified_gmt":"2023-11-27T09:52:59","slug":"apres-shampooing-bio-infusee-a-largan-et-amalaki-fushi-230-ml","status":"publish","type":"product","link":"https:\/\/www.saphy.com\/healthcare-cosmetique\/produit\/apres-shampooing-bio-infusee-a-largan-et-amalaki-fushi-230-ml\/","title":{"rendered":"Apr\u00e8s-Shampooing bio infus\u00e9e \u00e0 l&rsquo;Argan et Amalaki Fushi 230 ml"},"content":{"rendered":"<p>Apr\u00e8s-Shampooing bio infus\u00e9e \u00e0 l&rsquo;Argan et Amalaki Fushi 230 ml<\/p>\n<p>Un apr\u00e8s-shampooing infus\u00e9 d\u2019herbes ayurv\u00e9diques riche re m\u00e9lang\u00e9 avec argan et Amalaki fra\u00eechement press\u00e9 pour stimuler le lustre, briller et renforcer vos cheveux.<br \/>\nCe m\u00e9lange botanique innovant contient de l\u2019huile d\u2019argan et amalaki pour raviver et restaurer les cheveux \u00e0 une brillance brillante et rebondir. Unique combin\u00e9 avec Fresh-ground\u00ae extrait de Brahmi pour aider \u00e0 reconstituer les cheveux secs, apaiser le cuir chevelu et promouvoir la sant\u00e9 des cheveux. Fresh-ground\u00ae Amalaki (Indian Gooseberry), est connu comme une riche source de vitamine C et aide \u00e0 garder les follicules pileux forts tout en nourrissant les cheveux des racines. L\u2019huile d\u2019argan fra\u00eechement press\u00e9e\u00ae est connue pour ses propri\u00e9t\u00e9s efficaces de rajeunissement des cheveux. Parfum\u00e9 avec Gardenia tahitien, cela laissera vos cheveux se sentir frais et parfum\u00e9.<br \/>\nCe revitalisant est fabriqu\u00e9 \u00e0 l\u2019aide d\u2019Amalaki (Indian Gooseberry) cultiv\u00e9 en biodynamique\u00ae amalaki (Indian Gooseberry), triplement infus\u00e9 dans l\u2019aqua sur 90 jours.<br \/>\nNous n\u2019utilisons que nos huiles non raffin\u00e9es r\u00e9put\u00e9es, d\u2019origine \u00e9thique, froides et fra\u00eeches press\u00e9es dans nos soins capillaires. Ceux-ci sont fra\u00eechement press\u00e9s de la r\u00e9colte de chaque saison pour offrir une qualit\u00e9 et une efficacit\u00e9 maximales.<br \/>\nPour l\u2019utilisation compl\u00e8te de l\u2019exp\u00e9rience de traitement apr\u00e8s Argan &#8211; Amalaki Shampooing Herbal.<br \/>\nLes produits de soins capillaires de Fushi sont exempts de parabens, de produits p\u00e9trochimiques, de SLS, de PEG et de parfums artificiels.<br \/>\n\u00c0 propos de Fushi<br \/>\nFushi Wellbeing est accr\u00e9dit\u00e9 \u00e9thiquement et a \u00e9t\u00e9 r\u00e9compens\u00e9 par l\u2019Organisation \u00e9thique pour son engagement \u00e0 r\u00e9duire les d\u00e9chets environnementaux, la pollution, le travail des enfants, l\u2019exp\u00e9rimentation animale et d\u2019autres pratiques commerciales d\u00e9loyales. Nous croyons en l\u2019honn\u00eatet\u00e9 envers nos clients, gentils avec notre plan\u00e8te et responsables de nos actions. Fushi s\u2019est engag\u00e9 \u00e0 redonner et a r\u00e9cemment lanc\u00e9 la campagne \u00ab Arbre pour l\u2019\u00e9ternit\u00e9 \u00bb en mettant de c\u00f4t\u00e9 un pourcentage de leurs profits pour Tree Aid, une organisation caritative britannique qui utilise les arbres pour r\u00e9duire la pauvret\u00e9 et promouvoir l\u2019autonomie dans certaines des r\u00e9gions les plus pauvres d\u2019Afrique rurale.<br \/>\nNotre histoire:<br \/>\nFushi, qui signifie \u00ab vie \u00e9ternelle \u00bb, a commenc\u00e9 avec le patrimoine culturel combin\u00e9 de Rannesh et Ria et des recettes de la famille ayuverdic transmises par leurs grands-parents qui m\u00e9langeaient des huiles et des herbes infus\u00e9es pour cr\u00e9er des rem\u00e8des naturels.<br \/>\nToujours inspir\u00e9s par les recettes originales et les ingr\u00e9dients de m\u00e9lange \u00e0 la main dans notre atelier de Londres aujourd\u2019hui, nous continuons \u00e0 construire des relations plus fortes avec nos producteurs pour offrir des produits purs, soigneusement cr\u00e9\u00e9s, de qualit\u00e9 qui am\u00e9liorent le bien-\u00eatre de nos clients.<\/p>\n<p><strong><span>Contient:<\/span><\/strong><br \/>\n<span>80% d&rsquo;herbes biologiques et d&rsquo;huiles avec des d\u00e9tergents doux<\/span><\/p>\n<p><strong><span>Sans:<\/span><\/strong><br \/>\n<span>sulfates, parabens, PEG, produits p\u00e9trochimiques, parfum artificiel, tests sur les animaux.<\/span><\/p>\n<p><strong><span>Ingr\u00e9dients:<\/span><\/strong><\/p>\n<p><span>Aqua, alcool c\u00e9t\u00e9arylique, glycosides de paille de bl\u00e9 c\u00e9t\u00e9arylique, b\u00e9ta\u00efne, glyc\u00e9rine, huile de noyau d&rsquo;\u00a0argania spinosa\u00a0(arganier)\u00a0<\/span><sup><span>+<\/span><\/sup><span>\u00a0,\u00a0huile de\u00a0cocos nucifera (noix de coco)\u00a0<\/span><sup><span>+<\/span><\/sup><span>\u00a0, alcool benzylique, olivate d&rsquo;\u00e9thylhexyle hydrog\u00e9n\u00e9, poudre de jus de feuille d&rsquo;aloe barbadensis (aloe vera), gomme de xanthane , Beurre de Butyrospermum Parkii (Karit\u00e9), Huile de Graine de Simmondsia Chinensis (Jojoba)\u00a0<\/span><sup><span>+<\/span><\/sup><span>\u00a0, Tocoph\u00e9rol, Parfum, Extrait de Fruit de Citrus Aurantium Dulcis (Orange)\u00a0<\/span><sup><span>F<\/span><\/sup><span>\u00a0,\u00a0Extrait de Fruit de\u00a0Gard\u00e9nia Florida (Gard\u00e9nia), Huile de Jasminum Officinale (Jasmin)\u00a0<\/span><sup><span>+<\/span><\/sup><span>\u00a0, Acide D\u00e9hydroac\u00e9tique, Huile d&rsquo;olive hydrog\u00e9n\u00e9e insaponifiables, acide lactique, huile de graines d&rsquo;h\u00e9lianthus annuus (tournesol)\u00a0<\/span><sup><span>+<\/span><\/sup><span>\u00a0, huile de fruits d&rsquo;hippophae rhamnoides (argousier)\u00a0<\/span><sup><span>+<\/span><\/sup><span>, Emblica officinalis (AMLA) Fruit Extract\u00a0<\/span><sup><span>F<\/span><\/sup><span>\u00a0, Bacopa Monniera (Brahmi) Extrait\u00a0<\/span><sup><span>F<\/span><\/sup><span>\u00a0, Benzyl Benzoate\u00a0<\/span><sup><span>\u03b5<\/span><\/sup><span>\u00a0.<\/span><\/p>\n<p class=\"paragraph\"><span>\u03b5 -Composants naturels des huiles essentielles<\/span><\/p>\n<p class=\"paragraph\"><span>+ -Huiles de sushi, bio, vierges press\u00e9es \u00e0 froid et fra\u00eeches de r\u00e9colte<\/span><\/p>\n<p class=\"paragraph\"><span>F-Herbes Fushi, biologiques, fra\u00eechement r\u00e9colt\u00e9es et infus\u00e9es trois fois<\/span><\/p>\n","protected":false},"excerpt":{"rendered":"<p>Apr\u00e8s-Shampooing bio infus\u00e9e \u00e0 l&rsquo;Argan et Amalaki Fushi 230 ml Un apr\u00e8s-shampooing infus\u00e9 d\u2019herbes ayurv\u00e9diques riche re m\u00e9lang\u00e9 avec argan et Amalaki fra\u00eechement press\u00e9 pour stimuler le lustre, briller et renforcer vos cheveux. Ce m\u00e9lange botanique innovant contient de l\u2019huile d\u2019argan et amalaki pour raviver et restaurer les cheveux \u00e0 une brillance brillante et rebondir. [&hellip;]<\/p>\n","protected":false},"featured_media":4820,"comment_status":"open","ping_status":"closed","template":"","meta":[],"_links":{"self":[{"href":"https:\/\/www.saphy.com\/healthcare-cosmetique\/wp-json\/wp\/v2\/product\/4454"}],"collection":[{"href":"https:\/\/www.saphy.com\/healthcare-cosmetique\/wp-json\/wp\/v2\/product"}],"about":[{"href":"https:\/\/www.saphy.com\/healthcare-cosmetique\/wp-json\/wp\/v2\/types\/product"}],"replies":[{"embeddable":true,"href":"https:\/\/www.saphy.com\/healthcare-cosmetique\/wp-json\/wp\/v2\/comments?post=4454"}],"wp:featuredmedia":[{"embeddable":true,"href":"https:\/\/www.saphy.com\/healthcare-cosmetique\/wp-json\/wp\/v2\/media\/4820"}],"wp:attachment":[{"href":"https:\/\/www.saphy.com\/healthcare-cosmetique\/wp-json\/wp\/v2\/media?parent=4454"}],"curies":[{"name":"wp","href":"https:\/\/api.w.org\/{rel}","templated":true}]}}