{"id":4462,"date":"2020-06-04T10:06:37","date_gmt":"2020-06-04T09:06:37","guid":{"rendered":"https:\/\/www.saphy.com\/healthcare-cosmetique\/?post_type=product&#038;p=4462"},"modified":"2023-08-01T10:09:20","modified_gmt":"2023-08-01T09:09:20","slug":"holy-basil-himalaya-herbals","status":"publish","type":"product","link":"https:\/\/www.saphy.com\/healthcare-cosmetique\/produit\/holy-basil-himalaya-herbals\/","title":{"rendered":"HOLY BASIL HIMALAYA HERBALS"},"content":{"rendered":"<p>HOLY BASIL HIMALAYA HERBALS<\/p>\n<p>&nbsp;<\/p>\n<p>Himalaya Herbals est une gamme de produits efficaces et s\u00fbrs qui utilisent des herbes sp\u00e9cifiques soigneusement s\u00e9lectionn\u00e9es dans la nature qui allie le meilleur de l&rsquo;ayurveda \u00e0 des ann\u00e9es de recherche scientifique.<br \/>\nHoly basil est une plante connu sous le nom de Tulsi en sanskrit ou de basilic sacr\u00e9 en Fran\u00e7ais.<\/p>\n<p>Composition de deux g\u00e9lules :<br \/>\n500 mg de basilic sacr\u00e9 ( Ocinum Sanctum ), Microcristalline cellulose (\u00e9mulsifiant), Dicalcium phosphate (\u00e9mulsifiant), St\u00e9arate de magn\u00e9sium (agent d\u2019enrobage) Dioxyde de silicium (antiagglom\u00e9rant).<\/p>\n<p>Conseil d&rsquo;utilisation :<br \/>\n1 \u00e0 2 g\u00e9lules par jour avant les repas avec de l\u2019eau<br \/>\nBoite de 60 g\u00e9lules v\u00e9g\u00e9tales<br \/>\nNe pas utiliser chez la femme enceinte, chez les enfants de moins de 14 ans et chez la femme qui allaite. Les compl\u00e9ments alimentaires ne doivent pas \u00eatre utilis\u00e9s comme substituts d\u2019un r\u00e9gime alimentaire vari\u00e9 , \u00e9quilibr\u00e9 et \u00e0 un mode de vie sain.<br \/>\nNe pas d\u00e9passer la dose journali\u00e8re recommand\u00e9e.<br \/>\nNe pas utiliser plus de 14 jours d\u2019affil\u00e9s. .<\/p>\n","protected":false},"excerpt":{"rendered":"<p>HOLY BASIL HIMALAYA HERBALS &nbsp; Himalaya Herbals est une gamme de produits efficaces et s\u00fbrs qui utilisent des herbes sp\u00e9cifiques soigneusement s\u00e9lectionn\u00e9es dans la nature qui allie le meilleur de l&rsquo;ayurveda \u00e0 des ann\u00e9es de recherche scientifique. Holy basil est une plante connu sous le nom de Tulsi en sanskrit ou de basilic sacr\u00e9 en [&hellip;]<\/p>\n","protected":false},"featured_media":4463,"comment_status":"open","ping_status":"closed","template":"","meta":[],"_links":{"self":[{"href":"https:\/\/www.saphy.com\/healthcare-cosmetique\/wp-json\/wp\/v2\/product\/4462"}],"collection":[{"href":"https:\/\/www.saphy.com\/healthcare-cosmetique\/wp-json\/wp\/v2\/product"}],"about":[{"href":"https:\/\/www.saphy.com\/healthcare-cosmetique\/wp-json\/wp\/v2\/types\/product"}],"replies":[{"embeddable":true,"href":"https:\/\/www.saphy.com\/healthcare-cosmetique\/wp-json\/wp\/v2\/comments?post=4462"}],"wp:featuredmedia":[{"embeddable":true,"href":"https:\/\/www.saphy.com\/healthcare-cosmetique\/wp-json\/wp\/v2\/media\/4463"}],"wp:attachment":[{"href":"https:\/\/www.saphy.com\/healthcare-cosmetique\/wp-json\/wp\/v2\/media?parent=4462"}],"curies":[{"name":"wp","href":"https:\/\/api.w.org\/{rel}","templated":true}]}}