{"id":4489,"date":"2020-07-09T12:37:05","date_gmt":"2020-07-09T11:37:05","guid":{"rendered":"https:\/\/www.saphy.com\/healthcare-cosmetique\/?post_type=product&#038;p=4489"},"modified":"2025-05-06T10:11:55","modified_gmt":"2025-05-06T09:11:55","slug":"sensi-kit-hioara-k-bain-de-bouche-et-dentifrice-himalaya","status":"publish","type":"product","link":"https:\/\/www.saphy.com\/healthcare-cosmetique\/produit\/sensi-kit-hioara-k-bain-de-bouche-et-dentifrice-himalaya\/","title":{"rendered":"LOT DE 6 DENTIFRICES BOTANIQUE SIMPLY MINT  HIMALAYA 75ML"},"content":{"rendered":"<p>LOT DE 6 DENTIFRICES BOTANIQUE SIMPLY MINT HIMALAYA 75ML<\/p>\n<p>DENTIFRICE NATUREL SANS FLUOR<\/p>\n<p>Le Neem et le Triphala nettoient les dents et conf\u00e8rent \u00e0 cette formulation sa capacit\u00e9 \u00e0 \u00e9liminer la plaque dentaire et les taches de surface. Ils travaillent \u00e0 garder la bouche propre et \u00e0 vous donner un sourire naturel et radieux.<\/p>\n<p>ANTI-OXYDANT : La grenade, qui est un extrait de fruit astringent, aide \u00e0 soutenir des gencives d\u2019apparence saine en resserrant les tissus. Ce dentifrice naturel aide \u00e0 r\u00e9duire et \u00e0 pr\u00e9venir les saignements des gencives, les inflammations des gencives et autres probl\u00e8mes dentaires.<br \/>\nLes propri\u00e9t\u00e9s antibact\u00e9riennes de la menthe aident \u00e0 \u00e9liminer les mauvaises odeurs et \u00e0 pr\u00e9venir les caries. La menthe laisse \u00e9galement une sensation de fra\u00eecheur et donne une haleine fra\u00eeche.<br \/>\nCe m\u00e9lange revigorant de Neem, de Grenade et de Menthe laissera une sensation de fra\u00eecheur sur la langue et les gencives, cr\u00e9ant une sensation rafra\u00eechissante et apaisante tout en \u00e9liminant les bact\u00e9ries, en favorisant votre sant\u00e9 bucco-dentaire et en arr\u00eatant la mauvaise haleine.<\/p>\n<p>SANS INGR\u00c9DIENTS ARTIFICIELS : SANS fluorure, SANS laurylsulfate de sodium (SLS), SANS carragh\u00e9nane. .<\/p>\n","protected":false},"excerpt":{"rendered":"<p>LOT DE 6 DENTIFRICES BOTANIQUE SIMPLY MINT HIMALAYA 75ML DENTIFRICE NATUREL SANS FLUOR Le Neem et le Triphala nettoient les dents et conf\u00e8rent \u00e0 cette formulation sa capacit\u00e9 \u00e0 \u00e9liminer la plaque dentaire et les taches de surface. Ils travaillent \u00e0 garder la bouche propre et \u00e0 vous donner un sourire naturel et radieux. ANTI-OXYDANT [&hellip;]<\/p>\n","protected":false},"featured_media":3977,"comment_status":"open","ping_status":"closed","template":"","meta":[],"_links":{"self":[{"href":"https:\/\/www.saphy.com\/healthcare-cosmetique\/wp-json\/wp\/v2\/product\/4489"}],"collection":[{"href":"https:\/\/www.saphy.com\/healthcare-cosmetique\/wp-json\/wp\/v2\/product"}],"about":[{"href":"https:\/\/www.saphy.com\/healthcare-cosmetique\/wp-json\/wp\/v2\/types\/product"}],"replies":[{"embeddable":true,"href":"https:\/\/www.saphy.com\/healthcare-cosmetique\/wp-json\/wp\/v2\/comments?post=4489"}],"wp:featuredmedia":[{"embeddable":true,"href":"https:\/\/www.saphy.com\/healthcare-cosmetique\/wp-json\/wp\/v2\/media\/3977"}],"wp:attachment":[{"href":"https:\/\/www.saphy.com\/healthcare-cosmetique\/wp-json\/wp\/v2\/media?parent=4489"}],"curies":[{"name":"wp","href":"https:\/\/api.w.org\/{rel}","templated":true}]}}