{"id":4515,"date":"2020-08-21T09:37:00","date_gmt":"2020-08-21T08:37:00","guid":{"rendered":"https:\/\/www.saphy.com\/healthcare-cosmetique\/?post_type=product&#038;p=4515"},"modified":"2023-11-27T10:52:50","modified_gmt":"2023-11-27T09:52:50","slug":"biovedic-huile-eclat-pour-le-visage-fushi-30ml","status":"publish","type":"product","link":"https:\/\/www.saphy.com\/healthcare-cosmetique\/produit\/biovedic-huile-eclat-pour-le-visage-fushi-30ml\/","title":{"rendered":"BIOVEDIC HUILE ECLAT POUR LE VISAGE FUSHI 30ML"},"content":{"rendered":"<p>BIOVEDIC HUILE ECLAT POUR LE VISAGE FUSHI 30ML<\/p>\n<p>Pour une peau nourrie ,hydratee et revitalis\u00e9e \u2022 L\u2019huile de visage &#x2122; Radiance BioVedic est id\u00e9ale pour la peau terne et s\u00e8che et les ridules. \u2022 Comprend l\u2019herbe ayurv\u00e9dique Manjistha pour promouvoir l\u2019\u00e9clat \u00e0 long terme de la peau. \u2022 L\u2019huile de graines de melon kalahari favorise l\u2019\u00e9lasticit\u00e9 de la peau et d\u00e9fie l\u2019\u00e2ge. \u2022 Absorbe rapidement et laisse la peau souple, radieuse et velout\u00e9e douce.<\/p>\n<p>L\u2019huile biovedique&#x2122; Radiance Face est une huile de visage l\u00e9ger ultra-nourrissante m\u00e9lang\u00e9e \u00e0 5 incroyables huiles riches en nutriments, y compris la graine de framboise protectrice, l\u2019\u00e2ge d\u00e9fiant les graines de melon kalahari, la peau \u00e9claircissant le son de riz et la vitamine riche Moringa entre autres.<\/p>\n<p>Infus\u00e9 avec la peau rajeunissant herbe ayurv\u00e9dique Manjistha pour fournir des soins durables et la nourriture. Il absorbe rapidement et laisse la peau souple, radieuse et velout\u00e9e douce. L\u2019huile de graines de framboise rouge a d\u2019excellentes propri\u00e9t\u00e9s antioxydantes qui aide \u00e0 r\u00e9duire les dommages des radicaux libres. Il peut aider \u00e0 apaiser et stimuler la peau saine souple, en outre am\u00e9liorer le tonus et l\u2019\u00e9lasticit\u00e9 de la peau. Kalahari Melon graine est une huile qui est connu pour ses incroyables propri\u00e9t\u00e9s antioxydantes, non comodog\u00e8nes et r\u00e9paratrices. Il a une teneur incroyablement \u00e9lev\u00e9e en vitamine E et jusqu\u2019\u00e0 70% d\u2019acide linol\u00e9ique, qui favorise l\u2019\u00e9lasticit\u00e9 de la peau et est d\u00e9fiant l\u2019\u00e2ge. L\u2019huile de ma\u00efs de riz est une huile tr\u00e8s protectrice qui prot\u00e8ge la peau de la pollution et agit comme un \u00e9cran solaire naturel. Il est riche en st\u00e9rols qui aide la circulation sanguine et emp\u00eache les poches de la peau. C\u2019est une excellente source de vitamine E, et une huile tr\u00e8s p\u00e9n\u00e9trante qui s\u2019enfonce dans le derme de la peau et la garde souple et douce toute la journ\u00e9e.<\/p>\n<p>L\u2019huile De visage de rayonnement biovedique&#x2122; est id\u00e9ale pour la peau terne, les ridules et le soulagement de la peau s\u00e8che. C\u2019est l\u2019huile parfaite pour \u00e9gayer la peau et rajeunir un teint fatigu\u00e9. Inspir\u00e9e par la sagesse ayurv\u00e9dique et associ\u00e9e \u00e0 l\u2019expertise de Fushi pour le m\u00e9lange \u00e0 la main et l\u2019infusion d\u2019herbes biodynamiques fra\u00eechement moulues et d\u2019huiles fra\u00eechement press\u00e9es, la gamme imite parfaitement la passion de Fushi pour les huiles de beaut\u00e9 pures non raffin\u00e9es et les herbes ayurv\u00e9diques, afin de cr\u00e9er une collection unique et enti\u00e8rement naturelle de soins de la peau revitalisant.<\/p>\n<p>Adansonia Digitata (Huile de graines de Baobab)+, Oryza Sativa (Huile de ma\u00efs de riz), Simmondsia Chinensis (huile de jojoba)+, Prunus Avium (huile de p\u00e9pins de cerise)+, Moringa Oleifera (huile de graines de Moringa)+, Rubus Idaeus (Huile de graines de framboise)+, Crocus Sativus (Fleur de Safran) Infus\u00e9 Cocos Nucifera OilF+, Rubia Cordifolia (Manjista) Herbe infus\u00e9e Cocos Nucifera OilF+, Santalum Album (Bois de santal) Huile, Tocoph\u00e9rol 95%, Citrus Aurantium Dulcis (Orange) Huile, Pelargonium Graveolens Feuille (G\u00e9ranium) Huile , Jasminum Officinale (Jasmine) Huile, Fleur rosa Damascena (Rose Otto) Huile, Benzyl Alcohol*, Benzyl Benzoate*, Citral*, Citronellol*, Eugenol*, Farnesol*, Geraniol*, Hydroxyisohexyl 3-Cyclohex\u00e8ne*, Limonene*, Linalool*. * -Allerg\u00e8nes des huiles essentielles + -Huiles Fushi, biologiques, vierges press\u00e9es \u00e0 froid et fra\u00eeches de la r\u00e9colte F -Fushi herbes, biologiques, fra\u00eechement r\u00e9colt\u00e9es &#8211; triple infusion<\/p>\n<p>Flacon 30ml<\/p>\n<p>&nbsp;<\/p>\n","protected":false},"excerpt":{"rendered":"<p>BIOVEDIC HUILE ECLAT POUR LE VISAGE FUSHI 30ML Pour une peau nourrie ,hydratee et revitalis\u00e9e \u2022 L\u2019huile de visage &#x2122; Radiance BioVedic est id\u00e9ale pour la peau terne et s\u00e8che et les ridules. \u2022 Comprend l\u2019herbe ayurv\u00e9dique Manjistha pour promouvoir l\u2019\u00e9clat \u00e0 long terme de la peau. \u2022 L\u2019huile de graines de melon kalahari favorise [&hellip;]<\/p>\n","protected":false},"featured_media":4516,"comment_status":"open","ping_status":"closed","template":"","meta":[],"_links":{"self":[{"href":"https:\/\/www.saphy.com\/healthcare-cosmetique\/wp-json\/wp\/v2\/product\/4515"}],"collection":[{"href":"https:\/\/www.saphy.com\/healthcare-cosmetique\/wp-json\/wp\/v2\/product"}],"about":[{"href":"https:\/\/www.saphy.com\/healthcare-cosmetique\/wp-json\/wp\/v2\/types\/product"}],"replies":[{"embeddable":true,"href":"https:\/\/www.saphy.com\/healthcare-cosmetique\/wp-json\/wp\/v2\/comments?post=4515"}],"wp:featuredmedia":[{"embeddable":true,"href":"https:\/\/www.saphy.com\/healthcare-cosmetique\/wp-json\/wp\/v2\/media\/4516"}],"wp:attachment":[{"href":"https:\/\/www.saphy.com\/healthcare-cosmetique\/wp-json\/wp\/v2\/media?parent=4515"}],"curies":[{"name":"wp","href":"https:\/\/api.w.org\/{rel}","templated":true}]}}