{"id":4517,"date":"2020-08-21T09:43:18","date_gmt":"2020-08-21T08:43:18","guid":{"rendered":"https:\/\/www.saphy.com\/healthcare-cosmetique\/?post_type=product&#038;p=4517"},"modified":"2023-11-27T10:52:41","modified_gmt":"2023-11-27T09:52:41","slug":"biovedic-gel-nettoyant-enzymatique-visage-fushi","status":"publish","type":"product","link":"https:\/\/www.saphy.com\/healthcare-cosmetique\/produit\/biovedic-gel-nettoyant-enzymatique-visage-fushi\/","title":{"rendered":"BIOVEDIC GEL NETTOYANT ENZYMATIQUE VISAGE FUSHI"},"content":{"rendered":"<p>BIOVEDIC GEL NETTOYANT ENZYMATIQUE VISAGE FUSHI<\/p>\n<p>\u2022 Pour\u00a0 une peau nourrie, hydrat\u00e9e et revitalis\u00e9e.<br \/>\n\u2022 Exfoliant parfait pour rajeunir un teint d&rsquo;apparence fatigu\u00e9e.<br \/>\n\u2022 Comprend une herbe ayurv\u00e9dique Manjistha pour favoriser l&rsquo;\u00e9clat de la peau \u00e0 long terme.<br \/>\n\u2022 Contient de la Rose Otto, un parfum exaltant et beau, doux et floral.<br \/>\n\u2022 Stimule le renouvellement cellulaire de la peau et \u00e9quilibre le PH de la peau<\/p>\n<p>Le nettoyant pour le visage enzymatique Biovedic &#x2122; est formul\u00e9 pour stimuler le renouvellement cellulaire et laisser votre peau \u00e9clatante et radieuse.<\/p>\n<p>Ce nettoyant botanique rafra\u00eechissant et doux contient des herbes et des huiles revitalisantes, notamment de l&rsquo;huile de son de riz connue pour son pouvoir \u00e9claircissant et hydratant en profondeur et l&rsquo;extrait de tige de Vanshlochan pour nettoyer et raviver la peau, la laissant douce et fra\u00eeche.<\/p>\n<p>Manjistha est soigneusement infus\u00e9 dans cette formule merveilleusement nourrissante pour ses propri\u00e9t\u00e9s \u00e9claircissantes et nettoyantes pour la peau. Rose Otto est ajout\u00e9 au m\u00e9lange qui ajoute un beau parfum doux et floral. La rose est incroyablement \u00e9difiante, avec un effet calmant sur la peau. Connue pour ses incroyables propri\u00e9t\u00e9s antioxydantes et r\u00e9paratrices, l&rsquo;huile de graines de melon du Kalahari a \u00e9galement \u00e9t\u00e9 m\u00e9lang\u00e9e.<\/p>\n<p>Le nettoyant pour le visage enzymatique Biovedic &#x2122; est l&rsquo;exfoliant parfait pour rajeunir un teint d&rsquo;apparence fatigu\u00e9e, pour stimuler le renouvellement cellulaire et \u00e9quilibrer le PH de votre peau. Formul\u00e9 avec des huiles fra\u00eeches press\u00e9es et des herbes fra\u00eeches moulues pour cr\u00e9er une exfoliation nourrissante, hydratante et douce pour une peau \u00e9clatante et radieuse.<\/p>\n<p>La gamme de soins de la peau Fushi Biovedic est inspir\u00e9e des principes ayurv\u00e9diques et combine des herbes fra\u00eeches moulues et des huiles fra\u00eeches press\u00e9es pour cr\u00e9er des m\u00e9langes naturels nourrissants pour nettoyer, revitaliser et hydrater.<\/p>\n<p>Inspir\u00e9e par la sagesse ayurv\u00e9dique et combin\u00e9e \u00e0 l&rsquo;expertise de Fushi pour m\u00e9langer \u00e0 la main et infuser des herbes biodynamiques fra\u00eechement moulues et des huiles fra\u00eechement press\u00e9es, la gamme \u00e9mule parfaitement la passion de Fushi pour les huiles de beaut\u00e9 pures non raffin\u00e9es et les herbes ayurv\u00e9diques, pour cr\u00e9er une collection de soins de la peau revitalisante unique et enti\u00e8rement naturelle. .<\/p>\n<p>Convient aux v\u00e9g\u00e9taliens<\/p>\n<p>Flacon pompe en verre 150ml<\/p>\n<p>&nbsp;<\/p>\n","protected":false},"excerpt":{"rendered":"<p>BIOVEDIC GEL NETTOYANT ENZYMATIQUE VISAGE FUSHI \u2022 Pour\u00a0 une peau nourrie, hydrat\u00e9e et revitalis\u00e9e. \u2022 Exfoliant parfait pour rajeunir un teint d&rsquo;apparence fatigu\u00e9e. \u2022 Comprend une herbe ayurv\u00e9dique Manjistha pour favoriser l&rsquo;\u00e9clat de la peau \u00e0 long terme. \u2022 Contient de la Rose Otto, un parfum exaltant et beau, doux et floral. \u2022 Stimule le [&hellip;]<\/p>\n","protected":false},"featured_media":4518,"comment_status":"open","ping_status":"closed","template":"","meta":[],"_links":{"self":[{"href":"https:\/\/www.saphy.com\/healthcare-cosmetique\/wp-json\/wp\/v2\/product\/4517"}],"collection":[{"href":"https:\/\/www.saphy.com\/healthcare-cosmetique\/wp-json\/wp\/v2\/product"}],"about":[{"href":"https:\/\/www.saphy.com\/healthcare-cosmetique\/wp-json\/wp\/v2\/types\/product"}],"replies":[{"embeddable":true,"href":"https:\/\/www.saphy.com\/healthcare-cosmetique\/wp-json\/wp\/v2\/comments?post=4517"}],"wp:featuredmedia":[{"embeddable":true,"href":"https:\/\/www.saphy.com\/healthcare-cosmetique\/wp-json\/wp\/v2\/media\/4518"}],"wp:attachment":[{"href":"https:\/\/www.saphy.com\/healthcare-cosmetique\/wp-json\/wp\/v2\/media?parent=4517"}],"curies":[{"name":"wp","href":"https:\/\/api.w.org\/{rel}","templated":true}]}}