{"id":4522,"date":"2020-08-27T09:44:24","date_gmt":"2020-08-27T08:44:24","guid":{"rendered":"https:\/\/www.saphy.com\/healthcare-cosmetique\/?post_type=product&#038;p=4522"},"modified":"2025-01-16T13:05:48","modified_gmt":"2025-01-16T12:05:48","slug":"creme-extra-nourrissante-a-lhuile-dolive-150ml-himalaya-herbals","status":"publish","type":"product","link":"https:\/\/www.saphy.com\/healthcare-cosmetique\/produit\/creme-extra-nourrissante-a-lhuile-dolive-150ml-himalaya-herbals\/","title":{"rendered":"Creme extra nourrissante \u00e0 l&rsquo;huile d&rsquo;olive 150ml Himalaya Herbals"},"content":{"rendered":"<p>Creme extra nourrissante \u00e0 l&rsquo;huile d&rsquo;olive 150ml Himalaya Herbals<\/p>\n<p>La Cr\u00e8me Extra Nourrissante Himalaya est con\u00e7ue pour fournir une nutrition intense \u00e0 la peau tout en la gardant hydrat\u00e9e plus longtemps.<br \/>\nLa cr\u00e8me d&rsquo;olive extra nourrissante Himalaya est fabriqu\u00e9e \u00e0 partir d&rsquo;huile d&rsquo;olive, qui favorise l&rsquo;hydratation plus longtemps sur la peau, tandis que l&rsquo;huile d&rsquo;amande nourrit et permet une meilleure absorption. Enfin, les c\u00e9ramides v\u00e9g\u00e9tales extraites du son de riz produisent une nutrition en profondeur.<\/p>\n<p>Instructions: Appliquer la cr\u00e8me en massant doucement le corps, le cou et le visage plusieurs fois par jour. Si vous souhaitez obtenir plus d&rsquo;hydratation, vous devez l&rsquo;appliquer apr\u00e8s le bain.<\/p>\n","protected":false},"excerpt":{"rendered":"<p>Creme extra nourrissante \u00e0 l&rsquo;huile d&rsquo;olive 150ml Himalaya Herbals La Cr\u00e8me Extra Nourrissante Himalaya est con\u00e7ue pour fournir une nutrition intense \u00e0 la peau tout en la gardant hydrat\u00e9e plus longtemps. La cr\u00e8me d&rsquo;olive extra nourrissante Himalaya est fabriqu\u00e9e \u00e0 partir d&rsquo;huile d&rsquo;olive, qui favorise l&rsquo;hydratation plus longtemps sur la peau, tandis que l&rsquo;huile d&rsquo;amande [&hellip;]<\/p>\n","protected":false},"featured_media":4523,"comment_status":"open","ping_status":"closed","template":"","meta":[],"_links":{"self":[{"href":"https:\/\/www.saphy.com\/healthcare-cosmetique\/wp-json\/wp\/v2\/product\/4522"}],"collection":[{"href":"https:\/\/www.saphy.com\/healthcare-cosmetique\/wp-json\/wp\/v2\/product"}],"about":[{"href":"https:\/\/www.saphy.com\/healthcare-cosmetique\/wp-json\/wp\/v2\/types\/product"}],"replies":[{"embeddable":true,"href":"https:\/\/www.saphy.com\/healthcare-cosmetique\/wp-json\/wp\/v2\/comments?post=4522"}],"wp:featuredmedia":[{"embeddable":true,"href":"https:\/\/www.saphy.com\/healthcare-cosmetique\/wp-json\/wp\/v2\/media\/4523"}],"wp:attachment":[{"href":"https:\/\/www.saphy.com\/healthcare-cosmetique\/wp-json\/wp\/v2\/media?parent=4522"}],"curies":[{"name":"wp","href":"https:\/\/api.w.org\/{rel}","templated":true}]}}