{"id":4524,"date":"2020-08-27T09:47:52","date_gmt":"2020-08-27T08:47:52","guid":{"rendered":"https:\/\/www.saphy.com\/healthcare-cosmetique\/?post_type=product&#038;p=4524"},"modified":"2022-06-16T09:25:36","modified_gmt":"2022-06-16T08:25:36","slug":"lait-pour-le-corps-unifiant-au-safran-himalaya-400lml","status":"publish","type":"product","link":"https:\/\/www.saphy.com\/healthcare-cosmetique\/produit\/lait-pour-le-corps-unifiant-au-safran-himalaya-400lml\/","title":{"rendered":"LAIT POUR LE CORPS UNIFIANT AU SAFRAN HIMALAYA 400LML"},"content":{"rendered":"<p>LAIT POUR LE CORPS UNIFIANT AU SAFRAN HIMALAYA 400LML<\/p>\n<p>Riche en plantes et en C\u00e9ramide v\u00e9g\u00e9tale Le lait corps unifiant au Safran Himalaya hydrate votre peau et uniformise .Le Safran illumine votre peau et aide \u00e0 pr\u00e9venir l&rsquo;apparition de taches .<br \/>\nLa gamme de lait corporel Himalaya Herbals utilise des c\u00e9ramides v\u00e9g\u00e9tales issues de son de riz qui procure 5 bienfaits \u00e0 votre corps :<br \/>\n5 bienfaits<br \/>\nAide \u00e0 assouplir votre peau<br \/>\nAide \u00e0 hydrater la peau<br \/>\nPr\u00e9serve l\u2019\u00e9quilibre hydrolipidique de la peau<br \/>\nAide \u00e0 rendre votre peau douce<br \/>\nAide \u00e0 raffermir votre peau<\/p>\n<p>Mode d&#8217;emploi:<br \/>\nAppliquez le lait corps au Safran sur tout le corps, en portant une attention particuli\u00e8re aux zones s\u00e8ches, en la massant lentement. \u00c0 utiliser de pr\u00e9f\u00e9rence apr\u00e8s le bain.<\/p>\n<p>Ingr\u00e9dients:<br \/>\nAqua, Glycerin, Isopropyl Myristate, Stearic Acid, Glyceryl Stearate, Glycol Stearate, Cetyl Alcohol, Niacinamide, Parfum, Cetyl Stearate, Phenoxyethanol, Caprylyl Glycol, Ethylhexylglycerin, Carbomer, Isostearyl Isostearate, Potassium Cetyl Phosphate, Stearamide AMP, Sodium Hydroxide, Titanium Dioxide, Tocopheryl Acetate, Crocus Sativus Stigma Extract, Oryza Sativa Bran Extract, Disodium EDTA, Hedychium Spicatum Extract, Alpinia Galanga Rhizome Extract, Hexyl cinnamal, Linalool, Butylphenyl methylpropional, Benzyl benzoate, Citronellol, Alpha-isomethyl ionone, Limonene<\/p>\n<p>&nbsp;<\/p>\n","protected":false},"excerpt":{"rendered":"<p>LAIT POUR LE CORPS UNIFIANT AU SAFRAN HIMALAYA 400LML Riche en plantes et en C\u00e9ramide v\u00e9g\u00e9tale Le lait corps unifiant au Safran Himalaya hydrate votre peau et uniformise .Le Safran illumine votre peau et aide \u00e0 pr\u00e9venir l&rsquo;apparition de taches . La gamme de lait corporel Himalaya Herbals utilise des c\u00e9ramides v\u00e9g\u00e9tales issues de son [&hellip;]<\/p>\n","protected":false},"featured_media":4525,"comment_status":"open","ping_status":"closed","template":"","meta":[],"_links":{"self":[{"href":"https:\/\/www.saphy.com\/healthcare-cosmetique\/wp-json\/wp\/v2\/product\/4524"}],"collection":[{"href":"https:\/\/www.saphy.com\/healthcare-cosmetique\/wp-json\/wp\/v2\/product"}],"about":[{"href":"https:\/\/www.saphy.com\/healthcare-cosmetique\/wp-json\/wp\/v2\/types\/product"}],"replies":[{"embeddable":true,"href":"https:\/\/www.saphy.com\/healthcare-cosmetique\/wp-json\/wp\/v2\/comments?post=4524"}],"wp:featuredmedia":[{"embeddable":true,"href":"https:\/\/www.saphy.com\/healthcare-cosmetique\/wp-json\/wp\/v2\/media\/4525"}],"wp:attachment":[{"href":"https:\/\/www.saphy.com\/healthcare-cosmetique\/wp-json\/wp\/v2\/media?parent=4524"}],"curies":[{"name":"wp","href":"https:\/\/api.w.org\/{rel}","templated":true}]}}