{"id":4526,"date":"2020-08-27T09:51:19","date_gmt":"2020-08-27T08:51:19","guid":{"rendered":"https:\/\/www.saphy.com\/healthcare-cosmetique\/?post_type=product&#038;p=4526"},"modified":"2022-03-03T13:14:57","modified_gmt":"2022-03-03T12:14:57","slug":"lait-rafraichissant-pour-le-corps-au-the-vert-et-a-laloe-vera-himalaya-400ml","status":"publish","type":"product","link":"https:\/\/www.saphy.com\/healthcare-cosmetique\/produit\/lait-rafraichissant-pour-le-corps-au-the-vert-et-a-laloe-vera-himalaya-400ml\/","title":{"rendered":"Lait rafraichissant pour le corps au Th\u00e9 Vert et \u00e0 l&rsquo;Aloe vera Himalaya 400ml"},"content":{"rendered":"<p>Lait rafraichissant pour le corps au Th\u00e9 Vert et \u00e0 l&rsquo;Aloe vera Himalaya 400ml<\/p>\n<p>Riche en plantes et en C\u00e9ramide v\u00e9g\u00e9tale Le lait pour le corps rafra\u00eechissant au th\u00e9 vert et \u00e0 l&rsquo;alo\u00e8s de Himalaya Herbals est un lait \u00e0 absorption rapide qui nourrit, hydrate et prot\u00e8ge votre peau contre la s\u00e9cheresse, la laissant douce, saine et fraiche. C&rsquo;est une lotion l\u00e9g\u00e8re, \u00e0 l&rsquo;Aloe Vera pour hydrater votre peau tandis que le th\u00e9 vert aide \u00e0 adoucir la peau, la laissant douce et lisse.<br \/>\nLa gamme de lait corporel Himalaya Herbals utilise des c\u00e9ramides v\u00e9g\u00e9tales issues de son de riz qui procure 5 bienfaits \u00e0 votre corps :<br \/>\n5 bienfaits<br \/>\nAide \u00e0 assouplir votre peau<br \/>\nAide \u00e0 hydrater la peau<br \/>\nPr\u00e9serve l&rsquo;\u00e9quilibre hydrolipidique de la peau<br \/>\nAide \u00e0 rendre votre peau douce<br \/>\nAide \u00e0 raffermir votre peau<\/p>\n<p>Mode d&#8217;emploi:<br \/>\nAppliquez le lait rafraichissant au Th\u00e9 vert et Aloe Vera sur tout le corps, en portant une attention particuli\u00e8re aux zones s\u00e8ches, en la massant lentement. \u00c0 utiliser de pr\u00e9f\u00e9rence apr\u00e8s le bain.<\/p>\n<p>Ingr\u00e9dients:<br \/>\nAqua, Glycerin, Isopropyl Myristate, Stearic Acid, Glyceryl Stearate, Glycol Stearate, Cetyl Alcohol, Parfum, Cetyl Stearate, Phenoxyethanol, Caprylyl Glycol, Ethylhexylglycerin, Carbomer, Isostearyl Isostearate, Potassium Cetyl Phosphate, Stearamide AMP, Sodium Hydroxide, Titanium Dioxide, Tocopheryl Acetate, Camellia Sinensis Leaf Extract, Disodium EDTA, Oryza Sativa Bran Extract, Aloe Barbadensis Leaf Extract, Limonene, Linalool, Benzyl salicylate, Butylphenyl methylpropional, Geraniol, Coumarin, Citral.<\/p>\n<p>&nbsp;<\/p>\n","protected":false},"excerpt":{"rendered":"<p>Lait rafraichissant pour le corps au Th\u00e9 Vert et \u00e0 l&rsquo;Aloe vera Himalaya 400ml Riche en plantes et en C\u00e9ramide v\u00e9g\u00e9tale Le lait pour le corps rafra\u00eechissant au th\u00e9 vert et \u00e0 l&rsquo;alo\u00e8s de Himalaya Herbals est un lait \u00e0 absorption rapide qui nourrit, hydrate et prot\u00e8ge votre peau contre la s\u00e9cheresse, la laissant douce, [&hellip;]<\/p>\n","protected":false},"featured_media":4527,"comment_status":"open","ping_status":"closed","template":"","meta":[],"_links":{"self":[{"href":"https:\/\/www.saphy.com\/healthcare-cosmetique\/wp-json\/wp\/v2\/product\/4526"}],"collection":[{"href":"https:\/\/www.saphy.com\/healthcare-cosmetique\/wp-json\/wp\/v2\/product"}],"about":[{"href":"https:\/\/www.saphy.com\/healthcare-cosmetique\/wp-json\/wp\/v2\/types\/product"}],"replies":[{"embeddable":true,"href":"https:\/\/www.saphy.com\/healthcare-cosmetique\/wp-json\/wp\/v2\/comments?post=4526"}],"wp:featuredmedia":[{"embeddable":true,"href":"https:\/\/www.saphy.com\/healthcare-cosmetique\/wp-json\/wp\/v2\/media\/4527"}],"wp:attachment":[{"href":"https:\/\/www.saphy.com\/healthcare-cosmetique\/wp-json\/wp\/v2\/media?parent=4526"}],"curies":[{"name":"wp","href":"https:\/\/api.w.org\/{rel}","templated":true}]}}