{"id":4528,"date":"2020-08-27T09:55:48","date_gmt":"2020-08-27T08:55:48","guid":{"rendered":"https:\/\/www.saphy.com\/healthcare-cosmetique\/?post_type=product&#038;p=4528"},"modified":"2022-08-17T12:05:40","modified_gmt":"2022-08-17T11:05:40","slug":"lait-corps-extra-nourrissant-a-lhuile-dolive-himalaya-400ml","status":"publish","type":"product","link":"https:\/\/www.saphy.com\/healthcare-cosmetique\/produit\/lait-corps-extra-nourrissant-a-lhuile-dolive-himalaya-400ml\/","title":{"rendered":"Lait corps extra nourrissant \u00e0 l\u2019huile d&rsquo;olive Himalaya 400ml"},"content":{"rendered":"<p>Lait corps extra nourrissant \u00e0 l\u2019huile d&rsquo;olive Himalaya 400ml<\/p>\n<p>Riche en plantes et en C\u00e9ramide v\u00e9g\u00e9tale Le lait pour le corps extra nourrissant Himalaya Herbals est enrichi en huile d&rsquo;olive qui nourrit intens\u00e9ment et prot\u00e8ge le film hydrolipidique de votre peau .Votre peau est douce et souple.<br \/>\nLa gamme de lait corporel Himalaya Herbals utilise des c\u00e9ramides v\u00e9g\u00e9tales issues de son de riz qui procure 5 bienfaits \u00e0 votre corps :<br \/>\nAide \u00e0 assouplir votre peau<br \/>\nAide \u00e0 hydrater la peau<br \/>\nPreserve l\u2019\u00e9quilibre hydrolipidique de la peau<br \/>\nAide \u00e0 rendre votre peau douce<br \/>\nAide \u00e0 raffermir votre peau<\/p>\n<p>Mode d&#8217;emploi:<br \/>\nAppliquez le lait pour le corps extra nourrissant \u00e0 l&rsquo;huile d&rsquo;olive sur tout le corps, en portant une attention particuli\u00e8re aux zones s\u00e8ches, en la massant lentement. \u00c0 utiliser de pr\u00e9f\u00e9rence apr\u00e8s le bain.<\/p>\n<p>Ingr\u00e9dients:<br \/>\nAqua, Glycerin, Stearic Acid, Isopropyl Myristate, Cera Microcristallina, Glycol Stearate, Glyceryl Stearate, Cetyl Alcohol, Dimethicone, Cetyl Stearate, Isostearyl Isostearate, Potassium Cetyl Phosphate, Phenoxyethanol, Caprylyl glycol, Ethylhexylglycerin, Stearamide AMP, Parfum, Triethanolamine, Tocopherol, Carbomer, Prunus Amygdalus Dulcis (Sweet Almond) Oil, Hydrogenated Vegetable Oil, Disodium EDTA, Oryza sativa (Rice) Bran Extract, Olea Europaea (Olive) Fruit Oil, D-Limonene, Linalool.<\/p>\n<p>&nbsp;<\/p>\n<p>&nbsp;<\/p>\n","protected":false},"excerpt":{"rendered":"<p>Lait corps extra nourrissant \u00e0 l\u2019huile d&rsquo;olive Himalaya 400ml Riche en plantes et en C\u00e9ramide v\u00e9g\u00e9tale Le lait pour le corps extra nourrissant Himalaya Herbals est enrichi en huile d&rsquo;olive qui nourrit intens\u00e9ment et prot\u00e8ge le film hydrolipidique de votre peau .Votre peau est douce et souple. La gamme de lait corporel Himalaya Herbals utilise [&hellip;]<\/p>\n","protected":false},"featured_media":4529,"comment_status":"open","ping_status":"closed","template":"","meta":[],"_links":{"self":[{"href":"https:\/\/www.saphy.com\/healthcare-cosmetique\/wp-json\/wp\/v2\/product\/4528"}],"collection":[{"href":"https:\/\/www.saphy.com\/healthcare-cosmetique\/wp-json\/wp\/v2\/product"}],"about":[{"href":"https:\/\/www.saphy.com\/healthcare-cosmetique\/wp-json\/wp\/v2\/types\/product"}],"replies":[{"embeddable":true,"href":"https:\/\/www.saphy.com\/healthcare-cosmetique\/wp-json\/wp\/v2\/comments?post=4528"}],"wp:featuredmedia":[{"embeddable":true,"href":"https:\/\/www.saphy.com\/healthcare-cosmetique\/wp-json\/wp\/v2\/media\/4529"}],"wp:attachment":[{"href":"https:\/\/www.saphy.com\/healthcare-cosmetique\/wp-json\/wp\/v2\/media?parent=4528"}],"curies":[{"name":"wp","href":"https:\/\/api.w.org\/{rel}","templated":true}]}}