{"id":4540,"date":"2020-09-09T15:17:49","date_gmt":"2020-09-09T14:17:49","guid":{"rendered":"https:\/\/www.saphy.com\/healthcare-cosmetique\/?post_type=product&#038;p=4540"},"modified":"2023-11-27T10:53:58","modified_gmt":"2023-11-27T09:53:58","slug":"really-good-hair-huile-pour-cheveux-fushi-100ml","status":"publish","type":"product","link":"https:\/\/www.saphy.com\/healthcare-cosmetique\/produit\/really-good-hair-huile-pour-cheveux-fushi-100ml\/","title":{"rendered":"Really good hair huile pour cheveux Fushi 100ml"},"content":{"rendered":"<p>Really good hair huile pour cheveux Fushi 100ml<\/p>\n<p>L\u2019huile de cheveux really good hair Fushi\u00a0 a \u00e9t\u00e9 formul\u00e9e avec un m\u00e9lange efficace et nutritif de cinq huiles nourrissantes et rajeunissantes. Il contient les huiles marocaines bien connues d\u2019argan et de noix de coco vierge connues pour leurs propri\u00e9t\u00e9s de renforcement et de lissage des cheveux. Ceci a \u00e9t\u00e9 m\u00e9lang\u00e9 avec l\u2019huile d\u2019avocat riche en vitamine E et l\u2019huile d\u2019amande douce pour reconstituer et restaurer l\u2019\u00e9clat et l\u2019humidit\u00e9. \u00c0 cela s\u2019ajoutent les puissantes herbes ayurv\u00e9diques triple infus\u00e9 Brahmi et Neem. Brahmi est riche en antioxydants et aide \u00e0 la croissance des cheveux et la d\u00e9coloration des cheveux. Brahmi est capable de nourrir les racines des cheveux et de promouvoir une croissance plus saine tandis que Neem favorisera un cuir chevelu plus sain et est extr\u00eamement b\u00e9n\u00e9fique pour l\u2019amincissement des cheveux. Parfum\u00e9 avec la magnifique huile essentielle de jasmin indien, l\u2019huile de cheveux vraiment bon est une superbe combinaison des meilleures huiles pour s\u2019assurer que vos cheveux sont laiss\u00e9s magnifiquement conditionn\u00e9s, plus sains et plus forts.<\/p>\n<p>&nbsp;<\/p>\n<p>Ingr\u00e9dients : Huile de graines de s\u00e9same biologique (Sesamum Indicum), S\u00e9rum brahmi biologique triple infus\u00e9 (Brahmi Herpestis), Huile de coco biologique (Cocos nucifera), Huile d\u2019avocat biologique (Persea americana), Huile d\u2019amande douce biologique (Prunus dulcis), Huile d\u2019argan marocaine biologique (Argonia spinosa), Neem (Azadirachta Indica), EO absolu de jasmin indien (Jasminum grandiflorum), vitamine E.<\/p>\n<p>Comment l&rsquo;utiliser ?\u00a0 Masser vos cheveux avec\u00a0 Really good hair Huile pour cheveux fushi\u00a0 et laisser poser\u00a0 toute la nuit, ce qui lui permet d\u2019aller au fond et nourrir vos cheveux \u00e0 partir des racines. Laver vos cheveux le lendemain matin et vos cheveux se sentiront plus doux et beaucoup plus hydrat\u00e9s alors. utiliser aussi g\u00e9n\u00e9reusement que vous avez besoin, en fonction de la s\u00e9cheresse des cheveux.<br \/>\n2 heures de traitement- Pour un massage de conditionnement plus intensif The Really Good Hair Oil dans votre cuir chevelu, puis envelopper vos cheveux avec une serviette \u00e0 la vapeur pendant au moins une demi-heure. Laver l\u2019huile de vos cheveux, vos cheveux se sentiront merveilleusement r\u00e9approvisionn\u00e9 et plus brillant.<\/p>\n","protected":false},"excerpt":{"rendered":"<p>Really good hair huile pour cheveux Fushi 100ml L\u2019huile de cheveux really good hair Fushi\u00a0 a \u00e9t\u00e9 formul\u00e9e avec un m\u00e9lange efficace et nutritif de cinq huiles nourrissantes et rajeunissantes. Il contient les huiles marocaines bien connues d\u2019argan et de noix de coco vierge connues pour leurs propri\u00e9t\u00e9s de renforcement et de lissage des cheveux. [&hellip;]<\/p>\n","protected":false},"featured_media":4541,"comment_status":"open","ping_status":"closed","template":"","meta":[],"_links":{"self":[{"href":"https:\/\/www.saphy.com\/healthcare-cosmetique\/wp-json\/wp\/v2\/product\/4540"}],"collection":[{"href":"https:\/\/www.saphy.com\/healthcare-cosmetique\/wp-json\/wp\/v2\/product"}],"about":[{"href":"https:\/\/www.saphy.com\/healthcare-cosmetique\/wp-json\/wp\/v2\/types\/product"}],"replies":[{"embeddable":true,"href":"https:\/\/www.saphy.com\/healthcare-cosmetique\/wp-json\/wp\/v2\/comments?post=4540"}],"wp:featuredmedia":[{"embeddable":true,"href":"https:\/\/www.saphy.com\/healthcare-cosmetique\/wp-json\/wp\/v2\/media\/4541"}],"wp:attachment":[{"href":"https:\/\/www.saphy.com\/healthcare-cosmetique\/wp-json\/wp\/v2\/media?parent=4540"}],"curies":[{"name":"wp","href":"https:\/\/api.w.org\/{rel}","templated":true}]}}