{"id":4564,"date":"2020-10-14T13:20:47","date_gmt":"2020-10-14T12:20:47","guid":{"rendered":"https:\/\/www.saphy.com\/healthcare-cosmetique\/?post_type=product&#038;p=4564"},"modified":"2022-08-17T12:05:22","modified_gmt":"2022-08-17T11:05:22","slug":"fresh-start-gel-nettoyant-visage-a-la-fraise-himalaya-herbals","status":"publish","type":"product","link":"https:\/\/www.saphy.com\/healthcare-cosmetique\/produit\/fresh-start-gel-nettoyant-visage-a-la-fraise-himalaya-herbals\/","title":{"rendered":"Fresh start Gel nettoyant visage \u00e0 la fraise Himalaya Herbals"},"content":{"rendered":"<p>Fresh start Gel nettoyant visage \u00e0 la fraise Himalaya Herbals<\/p>\n<p>&nbsp;<\/p>\n<p>Fresh start Gel nettoyant visage \u00e0 la fraise Himalaya Herbals est\u00a0 formul\u00e9 avec les bienfaits p\u00e9tillants\u00a0 de la fraise combin\u00e9e et \u00e0 des perles naturelles qui aident \u00e0 \u00e9liminer l&rsquo;exc\u00e8s de s\u00e9bum et qui nettoient en profondeur les pores de votre peau.<\/p>\n<h2 class=\"product-rich-descriptive-content-title\"><\/h2>\n<p>Il vous donne une fra\u00eecheur sans huile pendant des heures et rend votre visage doux, sain et frais.<br \/>\nAdieu les peaux grasses! Bonjour, visage frais!<\/p>\n<p class=\"product-rich-descriptive-content-title\">Mode d&#8217;emploi<\/p>\n<p>Il est recommand\u00e9 d&rsquo;appliquer\u00a0 Fresh start Gel nettoyant visage \u00e0 la fraise Himalaya Herbals sur un visage humide et masser. Faites mousser doucement en effectuant un mouvement circulaire. Lavez et s\u00e9chez en tapotant. Utilisez deux fois par jour.<\/p>\n<p>&nbsp;<\/p>\n<p>Ingr\u00e9dients : Aqua, Ammonium Lauryl Sulfate, Cocamidopropyl Betaine, Sodium Cocoyl Glycinate, Sorbitol, PEG-7 Glyceryl Cocoate, Glycerin, Acrylates \/ C10-30 Alkyl Acrylate Crosspolymer, Parfum, Benzoate de sodium, Phenoxyethanol, Polysorbate 20, Dioxide microcristallinique, Titanium , Acide salicylique, Citrus Limon [Citron] Huile de zeste, Acide citrique, Cellulose microcristalline &amp; Cl 77491 &amp; Cl 77492 &amp; Cl77499, Disodium EDTA, Guar Hydroxypropyltrimonium Chloride, Sodium Metabisulfite, Benzophenone-4, PEG-45, Emblica Officinalis Fruit Juice Powder Cl19140, limon\u00e8ne, Linalool.<\/p>\n","protected":false},"excerpt":{"rendered":"<p>Fresh start Gel nettoyant visage \u00e0 la fraise Himalaya Herbals &nbsp; Fresh start Gel nettoyant visage \u00e0 la fraise Himalaya Herbals est\u00a0 formul\u00e9 avec les bienfaits p\u00e9tillants\u00a0 de la fraise combin\u00e9e et \u00e0 des perles naturelles qui aident \u00e0 \u00e9liminer l&rsquo;exc\u00e8s de s\u00e9bum et qui nettoient en profondeur les pores de votre peau. Il vous [&hellip;]<\/p>\n","protected":false},"featured_media":4581,"comment_status":"open","ping_status":"closed","template":"","meta":[],"_links":{"self":[{"href":"https:\/\/www.saphy.com\/healthcare-cosmetique\/wp-json\/wp\/v2\/product\/4564"}],"collection":[{"href":"https:\/\/www.saphy.com\/healthcare-cosmetique\/wp-json\/wp\/v2\/product"}],"about":[{"href":"https:\/\/www.saphy.com\/healthcare-cosmetique\/wp-json\/wp\/v2\/types\/product"}],"replies":[{"embeddable":true,"href":"https:\/\/www.saphy.com\/healthcare-cosmetique\/wp-json\/wp\/v2\/comments?post=4564"}],"wp:featuredmedia":[{"embeddable":true,"href":"https:\/\/www.saphy.com\/healthcare-cosmetique\/wp-json\/wp\/v2\/media\/4581"}],"wp:attachment":[{"href":"https:\/\/www.saphy.com\/healthcare-cosmetique\/wp-json\/wp\/v2\/media?parent=4564"}],"curies":[{"name":"wp","href":"https:\/\/api.w.org\/{rel}","templated":true}]}}