{"id":4566,"date":"2020-10-14T13:26:26","date_gmt":"2020-10-14T12:26:26","guid":{"rendered":"https:\/\/www.saphy.com\/healthcare-cosmetique\/?post_type=product&#038;p=4566"},"modified":"2022-08-17T12:05:15","modified_gmt":"2022-08-17T11:05:15","slug":"fresh-start-gel-nettoyant-visage-au-citron-himalaya-herbals","status":"publish","type":"product","link":"https:\/\/www.saphy.com\/healthcare-cosmetique\/produit\/fresh-start-gel-nettoyant-visage-au-citron-himalaya-herbals\/","title":{"rendered":"Fresh start gel nettoyant visage au citron Himalaya Herbals"},"content":{"rendered":"<p>Fresh start gel nettoyant visage au citron Himalaya Herbals<\/p>\n<p>&nbsp;<\/p>\n<p>Fresh start gel nettoyant visage au citron Himalaya Herbals\u00a0 est une formulation sp\u00e9ciale riche en \u00e9clat de citron et en microgranules naturels\u00a0 s qui aident \u00e0 \u00e9liminer l&rsquo;exc\u00e8s de s\u00e9bum, la salet\u00e9 et les impuret\u00e9s.<\/p>\n<h2 class=\"product-rich-descriptive-content-title\">Indication<\/h2>\n<p>Il vous donne une fra\u00eecheur avec un effet matifi\u00e9 pendant des heures et rend votre visage doux, sain et frais.<br \/>\nAdieu les peaux grasses! Bonjour, visage frais!<\/p>\n<p class=\"product-rich-descriptive-content-title\">Mode d&#8217;emploi<\/p>\n<p>Il est recommand\u00e9 d&rsquo;appliquer le nettoyant pour le visage Fresh start gel nettoyant visage au citron Himalaya Herbals\u00a0 \u00a0sur un visage humide et masser. Faites mousser doucement en effectuant un mouvement circulaire. Lavez et s\u00e9chez en tapotant. Utilisez deux fois par jour.<\/p>\n<p class=\"product-rich-descriptive-content-title\">Composition<\/p>\n<p>Citron, groseille indienne.<\/p>\n<p>Aqua, Ammonium Lauryl Sulfate, Cocamidopropyl Betaine, Sodium Cocoyl Glycinate, Sorbitol, PEG-7 Glyceryl Cocoate, Glycerin, Acrylates \/ C10-30 Alkyl Acrylate Crosspolymer, Parfum, Benzoate de sodium, Phenoxyethanol, Polysorbate 20, Dioxide microcristallinique, Titanium , Acide salicylique, Citrus Limon [Citron] Huile de zeste, Acide citrique, Cellulose microcristalline &amp; Cl 77491 &amp; Cl 77492 &amp; Cl77499, Disodium EDTA, Guar Hydroxypropyltrimonium Chloride, Sodium Metabisulfite, Benzophenone-4, PEG-45, Emblica Officinalis Fruit Juice Powder Cl19140, limon\u00e8ne, Linalool.<\/p>\n","protected":false},"excerpt":{"rendered":"<p>Fresh start gel nettoyant visage au citron Himalaya Herbals &nbsp; Fresh start gel nettoyant visage au citron Himalaya Herbals\u00a0 est une formulation sp\u00e9ciale riche en \u00e9clat de citron et en microgranules naturels\u00a0 s qui aident \u00e0 \u00e9liminer l&rsquo;exc\u00e8s de s\u00e9bum, la salet\u00e9 et les impuret\u00e9s. Indication Il vous donne une fra\u00eecheur avec un effet matifi\u00e9 [&hellip;]<\/p>\n","protected":false},"featured_media":4567,"comment_status":"open","ping_status":"closed","template":"","meta":[],"_links":{"self":[{"href":"https:\/\/www.saphy.com\/healthcare-cosmetique\/wp-json\/wp\/v2\/product\/4566"}],"collection":[{"href":"https:\/\/www.saphy.com\/healthcare-cosmetique\/wp-json\/wp\/v2\/product"}],"about":[{"href":"https:\/\/www.saphy.com\/healthcare-cosmetique\/wp-json\/wp\/v2\/types\/product"}],"replies":[{"embeddable":true,"href":"https:\/\/www.saphy.com\/healthcare-cosmetique\/wp-json\/wp\/v2\/comments?post=4566"}],"wp:featuredmedia":[{"embeddable":true,"href":"https:\/\/www.saphy.com\/healthcare-cosmetique\/wp-json\/wp\/v2\/media\/4567"}],"wp:attachment":[{"href":"https:\/\/www.saphy.com\/healthcare-cosmetique\/wp-json\/wp\/v2\/media?parent=4566"}],"curies":[{"name":"wp","href":"https:\/\/api.w.org\/{rel}","templated":true}]}}