{"id":4617,"date":"2020-11-19T16:00:36","date_gmt":"2020-11-19T15:00:36","guid":{"rendered":"https:\/\/www.saphy.com\/healthcare-cosmetique\/?post_type=product&#038;p=4617"},"modified":"2023-11-27T11:39:48","modified_gmt":"2023-11-27T10:39:48","slug":"gel-apaisant-a-l-aloe-vera-yellow-rose-cosmetics-150ml","status":"publish","type":"product","link":"https:\/\/www.saphy.com\/healthcare-cosmetique\/produit\/gel-apaisant-a-l-aloe-vera-yellow-rose-cosmetics-150ml\/","title":{"rendered":"Gel apaisant \u00e0 l &lsquo;aloe vera Yellow rose cosmetics 150ml"},"content":{"rendered":"<pre id=\"tw-target-text\" class=\"tw-data-text tw-text-large XcVN5d tw-ta\" dir=\"ltr\" data-placeholder=\"Traduction\"><span lang=\"fr\">Gel apaisant et hydratant avec 86% de gel d'Aloe vera actif biologique, sp\u00e9cialement formul\u00e9 pour les peaux sensibles.\r\n\r\nCompl\u00e9ment id\u00e9al pour les soins de beaut\u00e9 hydratants et apaisants du visage et du corps. Calme, hydrate et laisse la peau fra\u00eeche et douce.\r\n\r\nConvient pour une utilisation apr\u00e8s un bain de soleil, un \u00e9quipement de beaut\u00e9 professionnel (laser), une \u00e9pilation, un nettoyage en profondeur, etc. Id\u00e9al pour le SPA.\r\n\r\nConvient \u00e0 tous les types de peau\r\n\r\nTest\u00e9 dermatologiquement sur peau sensible.\r\n\r\nUtilisation de ce produit:\r\n\r\nUtiliser quotidiennement appliquer sur une peau propre (visage et \/ ou corps) et masser doucement jusqu'\u00e0 absorption. Peut \u00e9galement \u00eatre utilis\u00e9 comme masque pour le visage et \/ ou le corps: appliquer une couche plus \u00e9paisse sur une peau propre, laisser le masque pendant 20 minutes puis retirer avec une \u00e9ponge et de l'eau.\r\n\r\nLes ingr\u00e9dients principaux:\r\n\r\ngel d'Aloe Vera Bio standardis\u00e9 (\u00e0 teneur standard en polysaccharides actifs), acide hyaluronique, un m\u00e9lange sp\u00e9cial d'extraits apaisants et antioxydants (Th\u00e9 Blanc, Camomille, Feuille d'Olivier, Centella, Calendula, Euphrasie, R\u00e9glisse, Balai de Boucher et Guimauve), Panth\u00e9nol et Allanto\u00efne .\r\n\r\nsolaire, solaire, apaise, apaisante, peau sensible, bio, naturelle, hydrate, hydratante, hydratante, masque, masques, hydratation, hydrate, hydratante, gel, calme, calmante, antioxydante, apr\u00e8s-soleil, apr\u00e8s soleil, tous types de peaux<\/span><\/pre>\n","protected":false},"excerpt":{"rendered":"<p>Gel apaisant et hydratant avec 86% de gel d&rsquo;Aloe vera actif biologique, sp\u00e9cialement formul\u00e9 pour les peaux sensibles. Compl\u00e9ment id\u00e9al pour les soins de beaut\u00e9 hydratants et apaisants du visage et du corps. Calme, hydrate et laisse la peau fra\u00eeche et douce. Convient pour une utilisation apr\u00e8s un bain de soleil, un \u00e9quipement de beaut\u00e9 [&hellip;]<\/p>\n","protected":false},"featured_media":4618,"comment_status":"open","ping_status":"closed","template":"","meta":[],"_links":{"self":[{"href":"https:\/\/www.saphy.com\/healthcare-cosmetique\/wp-json\/wp\/v2\/product\/4617"}],"collection":[{"href":"https:\/\/www.saphy.com\/healthcare-cosmetique\/wp-json\/wp\/v2\/product"}],"about":[{"href":"https:\/\/www.saphy.com\/healthcare-cosmetique\/wp-json\/wp\/v2\/types\/product"}],"replies":[{"embeddable":true,"href":"https:\/\/www.saphy.com\/healthcare-cosmetique\/wp-json\/wp\/v2\/comments?post=4617"}],"wp:featuredmedia":[{"embeddable":true,"href":"https:\/\/www.saphy.com\/healthcare-cosmetique\/wp-json\/wp\/v2\/media\/4618"}],"wp:attachment":[{"href":"https:\/\/www.saphy.com\/healthcare-cosmetique\/wp-json\/wp\/v2\/media?parent=4617"}],"curies":[{"name":"wp","href":"https:\/\/api.w.org\/{rel}","templated":true}]}}