{"id":4642,"date":"2020-12-02T16:33:18","date_gmt":"2020-12-02T15:33:18","guid":{"rendered":"https:\/\/www.saphy.com\/healthcare-cosmetique\/?post_type=product&#038;p=4642"},"modified":"2022-05-04T09:05:30","modified_gmt":"2022-05-04T08:05:30","slug":"lot-de-3-dentifrices-dental-cream-himalaya-herbals","status":"publish","type":"product","link":"https:\/\/www.saphy.com\/healthcare-cosmetique\/produit\/lot-de-3-dentifrices-dental-cream-himalaya-herbals\/","title":{"rendered":"LOT DE 3 DENTIFRICES DENTAL CREAM HIMALAYA HERBALS"},"content":{"rendered":"<p>LOT DE 3 DENTIFRICES DENTAL CREAM HIMALAYA HERBALS<\/p>\n<p>Dentifrice ayurvedique dental cream himalaya herbals<br \/>\nLe dentifrice ayurv\u00e9dique Himalaya Herbals est un dentifrice naturel, sp\u00e9cialement con\u00e7u pour les soins dentaires et d\u2019hygi\u00e8ne . Son action antibact\u00e9rienne et antioxydante combat les germes et les bact\u00e9ries responsables des caries dentaires, emp\u00eachant ainsi les maux de dents, la formation de plaque et la mauvaise haleine. Il stoppe le saignement des gencives, r\u00e9duit leur inflammation et gu\u00e9rit les plaies. Les cinq feuilles de gattilier poss\u00e8de de puissantes propri\u00e9t\u00e9s anti-inflammatoires et analg\u00e9siques. Le neem et la Grenade sont de puissants agents antimicrobiens. Diverses \u00e9tudes ont d\u00e9montr\u00e9 l\u2019efficacit\u00e9 des lilas indien, de Grenade et de Riccardo dans le traitement de divers troubles dentaires, notamment la mauvaise haleine. Spath fluor est une combinaison de chaux et de fluor naturel qui pr\u00e9vient les caries dentaires.<br \/>\nAction :Combat les bact\u00e9ries qui causent la carie dentaire et autres infections dentaires. Gu\u00e9rit les plaies et emp\u00eache la formation de plaques. Diminue l\u2019inflammation et procure un soulagement dans les affections inflammatoires douloureuses comme la parodontite, Abc\u00e8s dentaire et la gingivite. Prot\u00e8ge et renforce les gencives et les dents.<br \/>\nIndications :<br \/>\nInflammatoire dentaire, plaques dentaires ,gingivite ,parodontite halitose<br \/>\ningr\u00e9dients comprennent :<br \/>\nSpath fluor (Vaikranta bhasma)<br \/>\n(Carum copticum) Neem (Azadirachta indica) (alatum Xanthoxylum) Grenade (Punica granatum) ,(Acacia arabica) Triphala , gattilie<br \/>\nConseil d\u2019utilisation:<br \/>\nBrosser les dents avec de la cr\u00e8me dentaire, deux fois par jour.<br \/>\nIngr\u00e9dients: Aqua, Glycerin, Hydrated Silica, Sodium Lauryl Sulphate, Titanium Dioxide, Flavour, Xanthan Gum, Sodium Saccharin, Menthol, Punica Granatum Extract, Calcium Fluoride, Sodium Benzoate, Sodium Sulfite, Zanthoxylum Alatum Extract, Acacia Arabica Bark Extract, Embelia Ribes Fruit Extract, Melia Azadirachta Leaf Extract, Vitex Negundo Leaf Extract, Thymol, 2-Bromo-2-Nitropropane-1,3-Diol, Terminalia Chebula Fruit Extract, Terminalia Bellerica Fruit Extract, Emblica Officinalis Fruit Extract<br \/>\nAyurvedic toothpaste dental cream himalaya herbals<br \/>\nHimalaya Herbals Ayurvedic toothpaste is a natural toothpaste, specially designed for dental and hygiene purposes. Its antibacterial and antioxidant action fights the germs and bacteria responsible for dental caries, thus preventing toothache, plaque formation and bad breath. It stops the bleeding gums, reduces their inflammation and heals wounds. The five leaves of Chasteberry have powerful anti-inflammatory and analgesic properties. Neem and Grenada are potent antimicrobial agents. Various studies have demonstrated the effectiveness of Indian lilac, pomegranate and Riccardo in the treatment of various dental disorders, including bad breath. Fluorspar is a combination of lime and natural fluoride that prevents tooth decay.<br \/>\nAction: Fights bacteria that cause tooth decay and other dental infections. Heals wounds and prevents plaque formation. Reduces inflammation and provides relief in painful inflammatory conditions such as periodontitis, dental abscess and gingivitis. Protects and strengthens the gums and teeth.<br \/>\nIndications:<br \/>\nInflammatory dental, dental plaque, gingivitis, halitosis periodontitis<br \/>\ningredients include:<br \/>\nFluoric Spath (Vaikranta bhasma)<br \/>\n(Carum copticum) Neem (Azadirachta indica) (Alatum Xanthoxylum) Pomegranate (Punica granatum), (Acacia arabica) Triphala, Chaste tree<br \/>\nContains Fluoride (1450 ppm F)<br \/>\nUsing advice:<br \/>\nBrush teeth with dental cream twice a day.<\/p>\n<p>&nbsp;<\/p>\n","protected":false},"excerpt":{"rendered":"<p>LOT DE 3 DENTIFRICES DENTAL CREAM HIMALAYA HERBALS Dentifrice ayurvedique dental cream himalaya herbals Le dentifrice ayurv\u00e9dique Himalaya Herbals est un dentifrice naturel, sp\u00e9cialement con\u00e7u pour les soins dentaires et d\u2019hygi\u00e8ne . Son action antibact\u00e9rienne et antioxydante combat les germes et les bact\u00e9ries responsables des caries dentaires, emp\u00eachant ainsi les maux de dents, la formation [&hellip;]<\/p>\n","protected":false},"featured_media":4645,"comment_status":"open","ping_status":"closed","template":"","meta":[],"_links":{"self":[{"href":"https:\/\/www.saphy.com\/healthcare-cosmetique\/wp-json\/wp\/v2\/product\/4642"}],"collection":[{"href":"https:\/\/www.saphy.com\/healthcare-cosmetique\/wp-json\/wp\/v2\/product"}],"about":[{"href":"https:\/\/www.saphy.com\/healthcare-cosmetique\/wp-json\/wp\/v2\/types\/product"}],"replies":[{"embeddable":true,"href":"https:\/\/www.saphy.com\/healthcare-cosmetique\/wp-json\/wp\/v2\/comments?post=4642"}],"wp:featuredmedia":[{"embeddable":true,"href":"https:\/\/www.saphy.com\/healthcare-cosmetique\/wp-json\/wp\/v2\/media\/4645"}],"wp:attachment":[{"href":"https:\/\/www.saphy.com\/healthcare-cosmetique\/wp-json\/wp\/v2\/media?parent=4642"}],"curies":[{"name":"wp","href":"https:\/\/api.w.org\/{rel}","templated":true}]}}