{"id":4648,"date":"2020-12-02T17:03:50","date_gmt":"2020-12-02T16:03:50","guid":{"rendered":"https:\/\/www.saphy.com\/healthcare-cosmetique\/?post_type=product&#038;p=4648"},"modified":"2025-01-16T13:05:28","modified_gmt":"2025-01-16T12:05:28","slug":"lot-de-3-dentifrices-himalaya-botanique","status":"publish","type":"product","link":"https:\/\/www.saphy.com\/healthcare-cosmetique\/produit\/lot-de-3-dentifrices-himalaya-botanique\/","title":{"rendered":"LOT DE 3 DENTIFRICES HIMALAYA BOTANIQUE"},"content":{"rendered":"<p>LOT DE 3 DENTIFRICES HIMALAYA BOTANIQUE<\/p>\n<p>Le Dentifrice Complete care Menthe Poivr\u00e9e botanique by Himalaya est une formule organique au gout d\u00e9licieux ,sans fluor, sans carragh\u00e9nane, sans SLS et sans gluten qui nettoie les dents, r\u00e9duit la plaque, blanchit les dents sans d\u00e9coloration chimique et pr\u00e9serve la sant\u00e9 de vos gencives .<\/p>\n<p>&nbsp;<\/p>\n<p>Le dentifrice Complete care \u00e0 la cannelle botanique by Himalaya est une formule organique au gout d\u00e9licieux ,sans fluor, sans carragh\u00e9nane, sans SLS et sans gluten qui nettoie les dents, r\u00e9duit la plaque, blanchit les dents sans d\u00e9coloration chimique et pr\u00e9serve la sant\u00e9 de vos gencives.<\/p>\n<p>Le pouvoir blanchissant avec une explosion de fra\u00eecheur de menthe . Dentifrice soin complet blanchissant menthe douce saisit les enzymes des plantes de brom\u00e9line et de papa\u00efne, et les combine avec le pouvoir du neem, du xylitol et le pouvoir de rafraichissant de la feuille de menthe poivr\u00e9e pour nous donner un sourire de confiance.<\/p>\n<p>&nbsp;<\/p>\n","protected":false},"excerpt":{"rendered":"<p>LOT DE 3 DENTIFRICES HIMALAYA BOTANIQUE Le Dentifrice Complete care Menthe Poivr\u00e9e botanique by Himalaya est une formule organique au gout d\u00e9licieux ,sans fluor, sans carragh\u00e9nane, sans SLS et sans gluten qui nettoie les dents, r\u00e9duit la plaque, blanchit les dents sans d\u00e9coloration chimique et pr\u00e9serve la sant\u00e9 de vos gencives . &nbsp; Le dentifrice [&hellip;]<\/p>\n","protected":false},"featured_media":4649,"comment_status":"open","ping_status":"closed","template":"","meta":[],"_links":{"self":[{"href":"https:\/\/www.saphy.com\/healthcare-cosmetique\/wp-json\/wp\/v2\/product\/4648"}],"collection":[{"href":"https:\/\/www.saphy.com\/healthcare-cosmetique\/wp-json\/wp\/v2\/product"}],"about":[{"href":"https:\/\/www.saphy.com\/healthcare-cosmetique\/wp-json\/wp\/v2\/types\/product"}],"replies":[{"embeddable":true,"href":"https:\/\/www.saphy.com\/healthcare-cosmetique\/wp-json\/wp\/v2\/comments?post=4648"}],"wp:featuredmedia":[{"embeddable":true,"href":"https:\/\/www.saphy.com\/healthcare-cosmetique\/wp-json\/wp\/v2\/media\/4649"}],"wp:attachment":[{"href":"https:\/\/www.saphy.com\/healthcare-cosmetique\/wp-json\/wp\/v2\/media?parent=4648"}],"curies":[{"name":"wp","href":"https:\/\/api.w.org\/{rel}","templated":true}]}}