{"id":4655,"date":"2020-12-02T17:15:31","date_gmt":"2020-12-02T16:15:31","guid":{"rendered":"https:\/\/www.saphy.com\/healthcare-cosmetique\/?post_type=product&#038;p=4655"},"modified":"2025-01-16T13:05:05","modified_gmt":"2025-01-16T12:05:05","slug":"lot-de-4-savons-purifiant-au-neem-et-curcuma","status":"publish","type":"product","link":"https:\/\/www.saphy.com\/healthcare-cosmetique\/produit\/lot-de-4-savons-purifiant-au-neem-et-curcuma\/","title":{"rendered":"LOT DE 4 SAVONS PURIFIANT AU NEEM ET CURCUMA"},"content":{"rendered":"<p>LOT DE 4 SAVONS PURIFIANT AU NEEM ET CURCUMA<\/p>\n<p>&nbsp;<\/p>\n<p>Depuis 1930, Himalaya puise et exploite pour vous les tr\u00e9sors de la m\u00e9decine ayurv\u00e9dique vieille de 5000 ans ! Des recherches approfondies sur les plantes du monde entier ont \u00e9t\u00e9 men\u00e9es par ses experts. Celles-ci ont abouti \u00e0 une s\u00e9lection d\u2019ingr\u00e9dients enti\u00e8rement naturels dont les bienfaits sont av\u00e9r\u00e9s sur la sant\u00e9 et la beaut\u00e9 Himalaya a su combiner cet immense savoir traditionnel avec les techniques modernes afin de cr\u00e9er les combinaisons parfaitement adapt\u00e9es aux besoins de l\u2019homme contemporain. Gr\u00e2ce \u00e0 l\u2019engagement de plus de 2000 collaborateurs, dont une \u00e9quipe de 100 chercheurs, Himalaya Herbals est une soci\u00e9t\u00e9 pl\u00e9biscit\u00e9e dans plus de 90 pays \u00e0 travers le monde et de plus de 100.000 m\u00e9decins y prescrivent nos produits.<br \/>\nUn savon purifiant id\u00e9al pour les peaux grasses et \/ou \u00e0 probl\u00e8mes. La combinaison du Neem herbe reconnue pour ses propri\u00e9t\u00e9s purifiantes et antibact\u00e9riennes et du curcuma antiseptique et anti inflammatoire naturel lutte efficacement contre les boutons et les points noirs, pr\u00e9vient leurs apparitions et \u00e9limine les bact\u00e9ries responsables de l\u2019acn\u00e9.<br \/>\nS\u2019utilise sur le visage et \/ou le corps.<br \/>\n4X75g<\/p>\n<p>&nbsp;<\/p>\n<p>&nbsp;<\/p>\n","protected":false},"excerpt":{"rendered":"<p>LOT DE 4 SAVONS PURIFIANT AU NEEM ET CURCUMA &nbsp; Depuis 1930, Himalaya puise et exploite pour vous les tr\u00e9sors de la m\u00e9decine ayurv\u00e9dique vieille de 5000 ans ! Des recherches approfondies sur les plantes du monde entier ont \u00e9t\u00e9 men\u00e9es par ses experts. Celles-ci ont abouti \u00e0 une s\u00e9lection d\u2019ingr\u00e9dients enti\u00e8rement naturels dont les [&hellip;]<\/p>\n","protected":false},"featured_media":4656,"comment_status":"open","ping_status":"closed","template":"","meta":[],"_links":{"self":[{"href":"https:\/\/www.saphy.com\/healthcare-cosmetique\/wp-json\/wp\/v2\/product\/4655"}],"collection":[{"href":"https:\/\/www.saphy.com\/healthcare-cosmetique\/wp-json\/wp\/v2\/product"}],"about":[{"href":"https:\/\/www.saphy.com\/healthcare-cosmetique\/wp-json\/wp\/v2\/types\/product"}],"replies":[{"embeddable":true,"href":"https:\/\/www.saphy.com\/healthcare-cosmetique\/wp-json\/wp\/v2\/comments?post=4655"}],"wp:featuredmedia":[{"embeddable":true,"href":"https:\/\/www.saphy.com\/healthcare-cosmetique\/wp-json\/wp\/v2\/media\/4656"}],"wp:attachment":[{"href":"https:\/\/www.saphy.com\/healthcare-cosmetique\/wp-json\/wp\/v2\/media?parent=4655"}],"curies":[{"name":"wp","href":"https:\/\/api.w.org\/{rel}","templated":true}]}}