{"id":4697,"date":"2021-01-13T16:24:28","date_gmt":"2021-01-13T15:24:28","guid":{"rendered":"https:\/\/www.saphy.com\/healthcare-cosmetique\/?post_type=product&#038;p=4697"},"modified":"2021-10-27T13:16:27","modified_gmt":"2021-10-27T12:16:27","slug":"shampooing-revitalisant-hyalurvedic-gyada-cosmetics","status":"publish","type":"product","link":"https:\/\/www.saphy.com\/healthcare-cosmetique\/produit\/shampooing-revitalisant-hyalurvedic-gyada-cosmetics\/","title":{"rendered":"SHAMPOOING  REVITALISANT HYALURVEDIC  GYADA COSMETICS"},"content":{"rendered":"<p>SHAMPOOING REVITALISANT HYALURVEDIC GYADA COSMETICS<\/p>\n<p>Les bienfaits des herbes ayurv\u00e9diques combin\u00e9s avec le complexe capillaire 3D innovant: les mol\u00e9cules d&rsquo;acide hyaluronique \u00e0 PM faible et \u00e9lev\u00e9e cr\u00e9ent une barri\u00e8re sur la tige du cheveu, r\u00e9duisant les frisottis et apportant hydratation et protection \u00e0 la fibre capillaire. Les extraits de plantes ayurv\u00e9diques sont id\u00e9aux pour donner brillance, d\u00e9m\u00ealage, volume et douceur aux cheveux.<\/p>\n<p>Le shampooing revitalisant\u00a0 Hyalurvedic\u00a0 Gyada Cosmetics est riche en\u00a0 Amla, Althea et Cassia (Henn\u00e9 neutre) et est id\u00e9al pour les cheveux secs, cr\u00e9pus et cassants gr\u00e2ce aux propri\u00e9t\u00e9s revitalisantes, gainantes\u00a0 et antioxydantes de l&rsquo;Amla et gr\u00e2ce \u00e0 l&rsquo;action hydratante de l&rsquo;Altea\u00a0 pour rendre les cheveux doux et volumineux. Enfin, Cassia renforce la tige capillaire, donnant aux cheveux un aspect sain et lumineux.<\/p>\n<p>Le shampooing revitalisant\u00a0 Hyalurvedic \u00a0et garanti SANS BHA-BHT-COLORANT-EDTA-PEG-PARABEN-SANS PETROLE-SLES-SLS-SILICONE.<\/p>\n<ul class=\"feature-list\">\n<li>Pour les cheveux secs, fris\u00e9s et cassants<\/li>\n<li>Hydratation en profondeur<\/li>\n<li>Renforce et prot\u00e8ge<\/li>\n<\/ul>\n<p>Ingr\u00e9dients :<\/p>\n<p>Aloe barbadensis leaf juice (*), Aqua, Ammonium lauryl sulfate, Coco-glucoside, Cocamidopropyl betaine, Cassia italica leaf extract, Guar hydroxypropyltrimonium chloride, Phyllanthus emblica fruit extract, Althaea officinalis root extract, Hydrolyzed hyaluronic acid, Sodium hyaluronate, Sodium PCA, Tocopherol, Parfum, Glyceryl oleate, Benzyl alcohol, Citric acid, Tetrasodium glutamate diacetate, Benzoic acid, Dehydroacetic acid, Linalool, d-Limonene, Hexyl cinnamal, Maltodextrin, Phenoxyethanol, Lactic acid, Sodium benzoate, Geraniol, Citronellol, Potassium sorbate.<\/p>\n<p>(*) from Organic Agriculture<\/p>\n<p>200ml<\/p>\n","protected":false},"excerpt":{"rendered":"<p>SHAMPOOING REVITALISANT HYALURVEDIC GYADA COSMETICS Les bienfaits des herbes ayurv\u00e9diques combin\u00e9s avec le complexe capillaire 3D innovant: les mol\u00e9cules d&rsquo;acide hyaluronique \u00e0 PM faible et \u00e9lev\u00e9e cr\u00e9ent une barri\u00e8re sur la tige du cheveu, r\u00e9duisant les frisottis et apportant hydratation et protection \u00e0 la fibre capillaire. Les extraits de plantes ayurv\u00e9diques sont id\u00e9aux pour donner [&hellip;]<\/p>\n","protected":false},"featured_media":4698,"comment_status":"open","ping_status":"closed","template":"","meta":[],"_links":{"self":[{"href":"https:\/\/www.saphy.com\/healthcare-cosmetique\/wp-json\/wp\/v2\/product\/4697"}],"collection":[{"href":"https:\/\/www.saphy.com\/healthcare-cosmetique\/wp-json\/wp\/v2\/product"}],"about":[{"href":"https:\/\/www.saphy.com\/healthcare-cosmetique\/wp-json\/wp\/v2\/types\/product"}],"replies":[{"embeddable":true,"href":"https:\/\/www.saphy.com\/healthcare-cosmetique\/wp-json\/wp\/v2\/comments?post=4697"}],"wp:featuredmedia":[{"embeddable":true,"href":"https:\/\/www.saphy.com\/healthcare-cosmetique\/wp-json\/wp\/v2\/media\/4698"}],"wp:attachment":[{"href":"https:\/\/www.saphy.com\/healthcare-cosmetique\/wp-json\/wp\/v2\/media?parent=4697"}],"curies":[{"name":"wp","href":"https:\/\/api.w.org\/{rel}","templated":true}]}}