{"id":4709,"date":"2021-01-15T12:58:41","date_gmt":"2021-01-15T11:58:41","guid":{"rendered":"https:\/\/www.saphy.com\/healthcare-cosmetique\/?post_type=product&#038;p=4709"},"modified":"2021-10-27T13:15:13","modified_gmt":"2021-10-27T12:15:13","slug":"protecteur-thermique-pour-cheveux-a-la-spiruline-gyada-cosmetics","status":"publish","type":"product","link":"https:\/\/www.saphy.com\/healthcare-cosmetique\/produit\/protecteur-thermique-pour-cheveux-a-la-spiruline-gyada-cosmetics\/","title":{"rendered":"PROTECTEUR THERMIQUE POUR CHEVEUX A LA SPIRULINE GYADA COSMETICS"},"content":{"rendered":"<p>PROTECTEUR THERMIQUE POUR CHEVEUX A LA SPIRULINE GYADA COSMETICS<\/p>\n<p>le protecteur thermique pour cheveux \u00e0 la spiruline Gyada cosmetics renferme un principe actif innovant obtenu \u00e0 partir de ch\u00e2taignes bio italiennes qui permet de construire un film protecteur sur les cheveux et de maintenir une meilleure hydratation m\u00eame lorsque les cheveux sont soumis \u00e0 des traitements tr\u00e8s stressants (S\u00e8che-cheveux ou Lisseur) et aux facteurs externes (eau de la piscine, soleil, vent, eau de mer). Il contient \u00e9galement de la Spiruline, de l&rsquo;Avoine, de la Pr\u00eale et du Ginseng aux propri\u00e9t\u00e9s fortifiantes.<\/p>\n<p>Vous allez l&rsquo; adorer parce que:<\/p>\n<p>&#8211; c&rsquo;est un protecteur thermique capable de redonner de la vigueur aux plus fragiles, stress\u00e9s et ayant tendance \u00e0 s&rsquo;amincir;<\/p>\n<p>&#8211; il est formul\u00e9 avec AQ-SAVE: un actif innovant obtenu \u00e0 partir de ch\u00e2taignes bio italiennes qui permet de cr\u00e9er un film protecteur sur les cheveux, maintenant une meilleure hydratation m\u00eame lorsque les cheveux sont soumis \u00e0 des traitements tr\u00e8s stressants (chaleur du s\u00e8che-cheveux) et facteurs de plein air (piscine, soleil, vent, mer).<\/p>\n<p>&#8211; comme tous les produits de la \u00ab\u00a0Spirulina Collection\u00a0\u00bb, il contient un m\u00e9lange de substances fonctionnelles sp\u00e9cifiques pour renforcer les cheveux \u00e0 base de: SPIRULINE: microalgue riche en vitamines, acides amin\u00e9s essentiels, sels min\u00e9raux (magn\u00e9sium, potassium, phosphore) et oligo-\u00e9l\u00e9ments (fer, cuivre, mangan\u00e8se) essentiels \u00e0 la croissance de nos cheveux;<\/p>\n<p>AVOINE: poss\u00e8de des propri\u00e9t\u00e9s hydratantes et adoucissantes, renforce la fibre capillaire et apaise le cuir chevelu;<\/p>\n<p>GINSENG: favorise la circulation sanguine dans le cuir chevelu et l&rsquo;apport nutritionnel aux follicules pileux, stimulant ainsi la repousse des cheveux;<\/p>\n<p>EQUISETO: tr\u00e8s riche en sels min\u00e9raux qui pr\u00e9viennent la chute des cheveux et favorisent la repousse des cheveux;<\/p>\n<p>ARGININE ET VALINE: acides amin\u00e9s fondamentaux pour la croissance des cheveux;<\/p>\n<p>NIACINAMIDE: c&rsquo;est la Vitamine PP, fondamentale pour son action antioxydante, revitalisante et s\u00e9bor\u00e9gulatrice. Aide \u00e0 r\u00e9duire la perte de cheveux;<\/p>\n<p>PROT\u00c9INES HYDROLYS\u00c9ES DE BL\u00c9 ET DE SOYA: elles ont une action filmog\u00e8ne et protectrice sur la tige capillaire;<\/p>\n<p>&#8211; la formule est enti\u00e8rement naturelle et certifi\u00e9e biologique par AIAB; &#8211; il est formul\u00e9 sans alcool, colorants ou conservateurs, parabens, silicones ou vaseline. Il est \u00e9galement VEGAN, CRUELTY FREE et NICKEL TESTED<\/p>\n<p>&nbsp;<\/p>\n<p>Comment l&rsquo;utiliser ? Appliquer sur cheveux humides ou secs.<\/p>\n<p>L&rsquo;utilisation en combinaison des autres produits avec Spirulina Gyada Cosmetics contribue \u00e0 am\u00e9liorer l&rsquo;effet de renforcement.<\/p>\n<p>ingr\u00e9dients : Aqua, Propanediol, Hydrolyzed chestnut extract (*), Hydrolyzed wheat protein, Glycine soja protein, Equisetum arvense extract (*), Panax ginseng root extract (*), Avena sativa leaf\/stalk extract (*), Spirulina maxima powder, Sodium PCA, Lysine hydrochloride, Arginine HCl, Biotin, Niacinamide, Valine, Stearyl alcohol, Sodium dehydroacetate, Potassium sorbate, Guar hydroxypropyltrimonium chloride, Distearoylethyl hydroxyethylmonium methosulfate, Cetearyl alcohol, Tetrasodium glutamate diacetate, Sodium benzoate, Benzyl alcohol, Parfum, Cetyl alcohol, Citric acid.<\/p>\n<p>(*) from Organic Agricolture<\/p>\n","protected":false},"excerpt":{"rendered":"<p>PROTECTEUR THERMIQUE POUR CHEVEUX A LA SPIRULINE GYADA COSMETICS le protecteur thermique pour cheveux \u00e0 la spiruline Gyada cosmetics renferme un principe actif innovant obtenu \u00e0 partir de ch\u00e2taignes bio italiennes qui permet de construire un film protecteur sur les cheveux et de maintenir une meilleure hydratation m\u00eame lorsque les cheveux sont soumis \u00e0 des [&hellip;]<\/p>\n","protected":false},"featured_media":4710,"comment_status":"open","ping_status":"closed","template":"","meta":[],"_links":{"self":[{"href":"https:\/\/www.saphy.com\/healthcare-cosmetique\/wp-json\/wp\/v2\/product\/4709"}],"collection":[{"href":"https:\/\/www.saphy.com\/healthcare-cosmetique\/wp-json\/wp\/v2\/product"}],"about":[{"href":"https:\/\/www.saphy.com\/healthcare-cosmetique\/wp-json\/wp\/v2\/types\/product"}],"replies":[{"embeddable":true,"href":"https:\/\/www.saphy.com\/healthcare-cosmetique\/wp-json\/wp\/v2\/comments?post=4709"}],"wp:featuredmedia":[{"embeddable":true,"href":"https:\/\/www.saphy.com\/healthcare-cosmetique\/wp-json\/wp\/v2\/media\/4710"}],"wp:attachment":[{"href":"https:\/\/www.saphy.com\/healthcare-cosmetique\/wp-json\/wp\/v2\/media?parent=4709"}],"curies":[{"name":"wp","href":"https:\/\/api.w.org\/{rel}","templated":true}]}}