{"id":4711,"date":"2021-01-15T13:07:37","date_gmt":"2021-01-15T12:07:37","guid":{"rendered":"https:\/\/www.saphy.com\/healthcare-cosmetique\/?post_type=product&#038;p=4711"},"modified":"2024-09-30T11:00:25","modified_gmt":"2024-09-30T10:00:25","slug":"masque-pour-cheveux-en-tissu-revitalisant-eclat-gyada-cosmetics","status":"publish","type":"product","link":"https:\/\/www.saphy.com\/healthcare-cosmetique\/produit\/masque-pour-cheveux-en-tissu-revitalisant-eclat-gyada-cosmetics\/","title":{"rendered":"MASQUE POUR CHEVEUX EN TISSU REVITALISANT ECLAT GYADA COSMETICS"},"content":{"rendered":"<p>Le masque pour cheveux en tissu revitalisant Gyada cosmetics est enrichi en\u00a0 beurre de Murumuru et en acides amin\u00e9s. Pour les cheveux secs et ab\u00eem\u00e9s,<\/p>\n<p>Le masque pour cheveux en tissu revitalisant Gyada cosmetics est un traitement en profondeur\u00a0 capable de donner un r\u00e9sultat professionnel; le bonnet sp\u00e9cial \u00e0 effet vapeur d\u00e9veloppe la chaleur, favorisant l&rsquo;absorption de ses principes actifs dans la fibre capillaire.<\/p>\n<p>Il contient du beurre de murumuru, de l&rsquo;arginine, de la glutamine, de l&rsquo;huile de lin et des extraits v\u00e9g\u00e9taux de guarana et de mauve, id\u00e9al pour am\u00e9liorer l&rsquo;apparence des cheveux secs et ab\u00eem\u00e9s.<\/p>\n<pre class=\"tw-data-text tw-text-large XcVN5d tw-ta\" dir=\"ltr\" data-placeholder=\"Traduction\"><span lang=\"fr\">\u00a0<\/span><\/pre>\n<p>Vous tomberez amoureux des Masques Gyada Hair Sheet d\u00e8s la premi\u00e8re application!<\/p>\n<p>Ils sont un traitement am\u00e9lior\u00e9 capable de donner un r\u00e9sultat professionnel \u00e0 vos cheveux.<\/p>\n<p>Vous les adorerez parce que:<\/p>\n<p>&#8211; c&rsquo;est un soin professionnel Nourrissant et Restructurant;<\/p>\n<p>&#8211; en 15\/30 minutes vous b\u00e9n\u00e9ficierez d&rsquo;un soin professionnel \u00e0 domicile comme chez le coiffeur;<\/p>\n<p>&#8211; le capuchon \u00e0 effet thermique sp\u00e9cial d\u00e9veloppe de la chaleur lors de l&rsquo;application du masque, cr\u00e9ant un environnement humide-vaporeux qui favorise l&rsquo;absorption de ses principes actifs dans la fibre capillaire;<\/p>\n<p>&#8211; PAS DE D\u00c9CHETS: Capuchon facilement lavable et r\u00e9utilisable \u00e0 utiliser pour am\u00e9liorer l&rsquo;application de vos autres masques capillaires pr\u00e9f\u00e9r\u00e9s.<\/p>\n<p>&#8211; le capuchon est facilement lavable \u00e0 l&rsquo;eau;<\/p>\n<p>&#8211; vous ressentirez imm\u00e9diatement la diff\u00e9rence par rapport \u00e0 un masque capillaire habituel;<\/p>\n<p>&#8211; la formule est enti\u00e8rement naturelle et certifi\u00e9e biologique par AIAB;<\/p>\n<p>&#8211; il est formul\u00e9 sans alcool, colorants ou conservateurs, parabens, silicones ou vaseline. Il est \u00e9galement VEGAN, CRUELTY FREE et NICKEL TESTED<\/p>\n<pre class=\"tw-data-text tw-text-large XcVN5d tw-ta\" dir=\"ltr\" data-placeholder=\"Traduction\"><\/pre>\n<p>Suivez ces 5 \u00e9tapes simples pour appliquer au mieux le masque capillaire Gyada:<\/p>\n<p>&#8211; \u00c9tape 1:<\/p>\n<p>Apr\u00e8s le shampooing, cheveux mouill\u00e9s et essor\u00e9s, appliquez le bonnet avec la fermeture sur le front. Retirez l&rsquo;adh\u00e9sif de la languette et fermez-le fermement sur le front pour am\u00e9liorer le d\u00e9veloppement de la chaleur.<\/p>\n<p>&#8211; \u00c9tape 2:<\/p>\n<p>Massez doucement les cheveux pour r\u00e9partir le masque sur l&rsquo;ensemble des cheveux.<\/p>\n<p>&#8211; \u00c9tape 3:<\/p>\n<p>Laisser agir 15 minutes.<\/p>\n<p>Il est recommand\u00e9 de laisser le masque encore plus longtemps: entre 15 et 30 minutes.<\/p>\n<p>&#8211; \u00c9tape 4:<\/p>\n<p>Retirez le capuchon, rincez et proc\u00e9dez au coiffage.<\/p>\n<p>&#8211; \u00c9tape 5:<\/p>\n<p>Les cheveux para\u00eetront plus sains et revigor\u00e9s. Profitez du r\u00e9sultat!<\/p>\n<p>Apr\u00e8s application, ne jetez pas le bouchon! Lavez-le \u00e0 l&rsquo;eau ti\u00e8de et laissez-le s\u00e9cher. Vous pourrez le r\u00e9utiliser plus tard avec d&rsquo;autres masques capillaires pour profiter de son effet Thermo-Steam.<\/p>\n<p>Liste des ingr\u00e9dients :<\/p>\n<p>Aqua, Behenamidopropyl dimethylamine, Cetearyl alcohol, Propanediol, Lactic acid, Prunus amygdalus dulcis oil, Astrocaryum murumuru seed butter, Malva sylvestris leaf extract (*), Citrus aurantium dulcis extract, Paullinia cupana extract, Linum usitatissimum oil, Arginine, Glutamine, Panthenol, Lecithin, Sodium PCA, Glycerin, Tocopherol, Ascorbyl palmitate, Benzyl alcohol, Limonene, Heptyl undecylenate, Guar hydroxypropyltrimonium chloride, Tetrasodium glutamate diacetate, Benzoic acid, Dehydroacetic acid, Linalool, Citral, Citric acid.<\/p>\n<p>(*) from Organic Agricolture<\/p>\n","protected":false},"excerpt":{"rendered":"<p>Le masque pour cheveux en tissu revitalisant Gyada cosmetics est enrichi en\u00a0 beurre de Murumuru et en acides amin\u00e9s. Pour les cheveux secs et ab\u00eem\u00e9s, Le masque pour cheveux en tissu revitalisant Gyada cosmetics est un traitement en profondeur\u00a0 capable de donner un r\u00e9sultat professionnel; le bonnet sp\u00e9cial \u00e0 effet vapeur d\u00e9veloppe la chaleur, favorisant [&hellip;]<\/p>\n","protected":false},"featured_media":4716,"comment_status":"open","ping_status":"closed","template":"","meta":[],"_links":{"self":[{"href":"https:\/\/www.saphy.com\/healthcare-cosmetique\/wp-json\/wp\/v2\/product\/4711"}],"collection":[{"href":"https:\/\/www.saphy.com\/healthcare-cosmetique\/wp-json\/wp\/v2\/product"}],"about":[{"href":"https:\/\/www.saphy.com\/healthcare-cosmetique\/wp-json\/wp\/v2\/types\/product"}],"replies":[{"embeddable":true,"href":"https:\/\/www.saphy.com\/healthcare-cosmetique\/wp-json\/wp\/v2\/comments?post=4711"}],"wp:featuredmedia":[{"embeddable":true,"href":"https:\/\/www.saphy.com\/healthcare-cosmetique\/wp-json\/wp\/v2\/media\/4716"}],"wp:attachment":[{"href":"https:\/\/www.saphy.com\/healthcare-cosmetique\/wp-json\/wp\/v2\/media?parent=4711"}],"curies":[{"name":"wp","href":"https:\/\/api.w.org\/{rel}","templated":true}]}}