{"id":4726,"date":"2021-02-02T10:53:06","date_gmt":"2021-02-02T09:53:06","guid":{"rendered":"https:\/\/www.saphy.com\/healthcare-cosmetique\/?post_type=product&#038;p=4726"},"modified":"2021-11-15T16:14:56","modified_gmt":"2021-11-15T15:14:56","slug":"patch-hydratant-pour-les-yeux-n1-gyada-cosmetics","status":"publish","type":"product","link":"https:\/\/www.saphy.com\/healthcare-cosmetique\/produit\/patch-hydratant-pour-les-yeux-n1-gyada-cosmetics\/","title":{"rendered":"PATCH HYDRATANT POUR LES YEUX N\u00b01  GYADA COSMETICS"},"content":{"rendered":"<p>PATCH HYDRATANT POUR LES YEUX N\u00b01 GYADA COSMETICS<\/p>\n<p>Pour tous les types de contours des yeux. 100% cellulose naturelle.<\/p>\n<p>Complexe hydratant, hexapeptide de type botox, acide hyaluronique, mauve.<br \/>\nPatchs pour les yeux &#8211; 100% cellulose naturelle. Patchs oculaires jetables en cellulose naturelle avec des ingr\u00e9dients naturels et biologiques.<br \/>\nId\u00e9al pour tous les types de peau et tous les \u00e2ges. Formul\u00e9 avec des ingr\u00e9dients qui aident \u00e0 maintenir une bonne hydratation de la peau et \u00e0 r\u00e9duire les petites rides d&rsquo;expression.<\/p>\n<p>&nbsp;<\/p>\n<p>Vous allez adorer parce que:<\/p>\n<p>&#8211; ils sont sp\u00e9cifiques pour un effet hydratant et lissant;<\/p>\n<p>&#8211; ce sont 2 patchs oculaires totalement naturels qui donneront \u00e0 vos yeux un traitement sp\u00e9cial;<\/p>\n<p>&#8211; les patchs sont en cellulose 100% naturelle;<\/p>\n<p>&#8211; vous ressentirez imm\u00e9diatement la diff\u00e9rence par rapport \u00e0 un cosm\u00e9tique normal;<\/p>\n<p>&#8211; ils donnent une merveilleuse sensation de fra\u00eecheur sur le contour des yeux;<\/p>\n<p>&#8211; la formule est enti\u00e8rement naturelle et certifi\u00e9e biologique par AIAB;<\/p>\n<p>&#8211; il est formul\u00e9 sans alcool, colorants ou conservateurs, parabens, silicones ou vaseline. Il est \u00e9galement VEGAN, CRUELTY FREE et NICKEL TESTED<\/p>\n<p>&nbsp;<\/p>\n<p>Comment utiliser les patchs pour les yeux Gyada?<\/p>\n<p>&#8211; ouvrez les patchs et placez-les sur tout le contour des yeux<\/p>\n<p>&#8211; laisser agir au moins 15 minutes (ou plus);<\/p>\n<p>&#8211; retirer les patchs et laisser absorber le produit r\u00e9siduel par un l\u00e9ger massage jusqu&rsquo;\u00e0 absorption compl\u00e8te.<\/p>\n<p>Profitez du r\u00e9sultat!<\/p>\n<p>&nbsp;<\/p>\n<p>INGR\u00c9DIENTS (INCI)<br \/>\nAqua, Propanediol, Glyc\u00e9rine, Glucomannane, Hyaluronate de sodium, Palmitoyl hexapeptide-19, Gomme de caesalpinia spinosa hydrolys\u00e9e, Peau de tomate hydrolys\u00e9e, Extrait de feuille de Malva sylvestris (*), Lactate de sodium, PCA de sodium, Fructose, Glycine, Niacinamide, Urine acide, diac\u00e9tate de glutamate t\u00e9trasodique, \u00e9thylhexylglyc\u00e9rine, gomme de Caesalpinia spinosa, benzoate de sodium, sorbate de potassium, alcool benzylique, ph\u00e9noxy\u00e9thanol.<\/p>\n<p>* issu de l&rsquo;agriculture biologique<\/p>\n<p>&nbsp;<\/p>\n","protected":false},"excerpt":{"rendered":"<p>PATCH HYDRATANT POUR LES YEUX N\u00b01 GYADA COSMETICS Pour tous les types de contours des yeux. 100% cellulose naturelle. Complexe hydratant, hexapeptide de type botox, acide hyaluronique, mauve. Patchs pour les yeux &#8211; 100% cellulose naturelle. Patchs oculaires jetables en cellulose naturelle avec des ingr\u00e9dients naturels et biologiques. Id\u00e9al pour tous les types de peau [&hellip;]<\/p>\n","protected":false},"featured_media":4727,"comment_status":"open","ping_status":"closed","template":"","meta":[],"_links":{"self":[{"href":"https:\/\/www.saphy.com\/healthcare-cosmetique\/wp-json\/wp\/v2\/product\/4726"}],"collection":[{"href":"https:\/\/www.saphy.com\/healthcare-cosmetique\/wp-json\/wp\/v2\/product"}],"about":[{"href":"https:\/\/www.saphy.com\/healthcare-cosmetique\/wp-json\/wp\/v2\/types\/product"}],"replies":[{"embeddable":true,"href":"https:\/\/www.saphy.com\/healthcare-cosmetique\/wp-json\/wp\/v2\/comments?post=4726"}],"wp:featuredmedia":[{"embeddable":true,"href":"https:\/\/www.saphy.com\/healthcare-cosmetique\/wp-json\/wp\/v2\/media\/4727"}],"wp:attachment":[{"href":"https:\/\/www.saphy.com\/healthcare-cosmetique\/wp-json\/wp\/v2\/media?parent=4726"}],"curies":[{"name":"wp","href":"https:\/\/api.w.org\/{rel}","templated":true}]}}