{"id":4731,"date":"2021-02-02T11:49:18","date_gmt":"2021-02-02T10:49:18","guid":{"rendered":"https:\/\/www.saphy.com\/healthcare-cosmetique\/?post_type=product&#038;p=4731"},"modified":"2021-11-15T16:14:27","modified_gmt":"2021-11-15T15:14:27","slug":"patch-pour-les-levres-volumisant-gyada-cosmetics","status":"publish","type":"product","link":"https:\/\/www.saphy.com\/healthcare-cosmetique\/produit\/patch-pour-les-levres-volumisant-gyada-cosmetics\/","title":{"rendered":"PATCH POUR LES LEVRES  VOLUMISANT   GYADA COSMETICS"},"content":{"rendered":"<p>PATCH POUR LES LEVRES VOLUMISANT GYADA COSMETICS<\/p>\n<p>Certifi\u00e9 bio<\/p>\n<p>Pour tous types de l\u00e8vres. 100% cellulose naturelle.<\/p>\n<p>Patch pour les l\u00e8vres\u00a0 &#8211; cellulose 100% naturelle &#8211; avec des ingr\u00e9dients naturels et biologiques.\u00a0 Id\u00e9al pour tous types de l\u00e8vres comme traitement anti-\u00e2ge \u00e0 effet volumateur. Formul\u00e9 avec des ingr\u00e9dients qui aident \u00e0 donner du volume et de la fermet\u00e9 aux l\u00e8vres.<\/p>\n<p>Vous allez adorer parce que:<\/p>\n<p>&#8211; il est sp\u00e9cifiquement con\u00e7u pour un effet volumateur et repulpant;<\/p>\n<p>&#8211; c&rsquo;est un patch pour les l\u00e8vres totalement naturel qui permet \u00e0 vos l\u00e8vres un traitement intense ;<\/p>\n<p>&#8211; le patch est en cellulose 100% naturelle;<\/p>\n<p>&#8211; vous ressentirez imm\u00e9diatement la diff\u00e9rence par rapport \u00e0 une cosm\u00e9tique classique;<\/p>\n<p>&#8211; il donne une merveilleuse sensation de fra\u00eecheur au niveau des l\u00e8vres;<\/p>\n<p>&#8211; la formule est enti\u00e8rement naturelle et certifi\u00e9e biologique par AIAB;<\/p>\n<p>&#8211; il est formul\u00e9 sans alcool, colorants ou conservateurs, parabens, silicones ou vaseline. Il est \u00e9galement VEGAN, CRUELTY FREE et NICKEL TESTED<\/p>\n<p><em>Comment utiliser le patch pour les l\u00e8vres Gyada?<\/em><\/p>\n<p>&#8211; ouvrez le patch pour les l\u00e8vres et placez-les sur toute la zone des l\u00e8vres;<\/p>\n<p>&#8211; laisser agir au moins 15 minutes (ou plus);<\/p>\n<p>&#8211; retirer le patch et laisser absorber le produit r\u00e9siduel avec un l\u00e9ger massage jusqu&rsquo;\u00e0 absorption compl\u00e8te.<\/p>\n<p>Profitez du r\u00e9sultat!<\/p>\n<p>Liste des ingr\u00e9dients :<\/p>\n<p>Aqua, Propanediol, Glyc\u00e9rine, Palmitoyl hexapeptide-19, Hyaluronate de sodium, Extrait de Lythrum salicaria, B\u00e9ta\u00efne, Extrait de racine de Pueraria lobata, Extrait de graine de Trigonella foenum-graecum (*), Maltodextrine, Gomme xanthane, Glutamate t\u00e9trasodique diac\u00e9tate, Diac\u00e9tate de benz\u00e8ne \u00e9thyl\u00e8ne , Sorbate de potassium, acide sorbique.<\/p>\n<p>* issu de l&rsquo;agriculture biologique<\/p>\n","protected":false},"excerpt":{"rendered":"<p>PATCH POUR LES LEVRES VOLUMISANT GYADA COSMETICS Certifi\u00e9 bio Pour tous types de l\u00e8vres. 100% cellulose naturelle. Patch pour les l\u00e8vres\u00a0 &#8211; cellulose 100% naturelle &#8211; avec des ingr\u00e9dients naturels et biologiques.\u00a0 Id\u00e9al pour tous types de l\u00e8vres comme traitement anti-\u00e2ge \u00e0 effet volumateur. Formul\u00e9 avec des ingr\u00e9dients qui aident \u00e0 donner du volume et [&hellip;]<\/p>\n","protected":false},"featured_media":4732,"comment_status":"open","ping_status":"closed","template":"","meta":[],"_links":{"self":[{"href":"https:\/\/www.saphy.com\/healthcare-cosmetique\/wp-json\/wp\/v2\/product\/4731"}],"collection":[{"href":"https:\/\/www.saphy.com\/healthcare-cosmetique\/wp-json\/wp\/v2\/product"}],"about":[{"href":"https:\/\/www.saphy.com\/healthcare-cosmetique\/wp-json\/wp\/v2\/types\/product"}],"replies":[{"embeddable":true,"href":"https:\/\/www.saphy.com\/healthcare-cosmetique\/wp-json\/wp\/v2\/comments?post=4731"}],"wp:featuredmedia":[{"embeddable":true,"href":"https:\/\/www.saphy.com\/healthcare-cosmetique\/wp-json\/wp\/v2\/media\/4732"}],"wp:attachment":[{"href":"https:\/\/www.saphy.com\/healthcare-cosmetique\/wp-json\/wp\/v2\/media?parent=4731"}],"curies":[{"name":"wp","href":"https:\/\/api.w.org\/{rel}","templated":true}]}}