{"id":4741,"date":"2021-02-09T16:24:24","date_gmt":"2021-02-09T15:24:24","guid":{"rendered":"https:\/\/www.saphy.com\/healthcare-cosmetique\/?post_type=product&#038;p=4741"},"modified":"2021-11-05T13:44:35","modified_gmt":"2021-11-05T12:44:35","slug":"huile-anticellulite-really-good-bio-fushi-100ml","status":"publish","type":"product","link":"https:\/\/www.saphy.com\/healthcare-cosmetique\/produit\/huile-anticellulite-really-good-bio-fushi-100ml\/","title":{"rendered":"HUILE ANTICELLULITE REALLY GOOD BIO FUSHI 100ML"},"content":{"rendered":"<p>HUILE ANTICELLULITE REALLY GOOD BIO FUSHI 100ML<\/p>\n<p>L\u2019huile anticellulite really good Bio Fushi\u00a0 aide \u00e0 r\u00e9duire l\u2019apparence de la cellulite, stimule la circulation et favorise une peau plus lisse.<\/p>\n<p>Elle a \u00e9t\u00e9 formul\u00e9 avec un puissant m\u00e9lange d\u2019ingr\u00e9dients tr\u00e8s efficaces, stimulants et am\u00e9liorant la circulation. Gotu Kola, l\u2019une des herbes ayurv\u00e9diques les plus renomm\u00e9es et connue pour ses superbes bienfaits circulatoires, a \u00e9t\u00e9 triplement infus\u00e9 pour fournir une triple force. Ceci a \u00e9t\u00e9 combin\u00e9 avec l\u2019huile de grain de caf\u00e9 vert stimulante et diur\u00e9tique, l\u2019huile de Wheatgerm riche en vitamines et nourrissante, la vitamine E, le bouleau sucr\u00e9 d\u00e9toxifiant et l\u2019huile essentielle de pamplemousse nettoyant. Fabriqu\u00e9 avec plus de 85% d\u2019ingr\u00e9dients biologiques, et exempt de paraffine, BHT, Benzyl Salicylate parfums artificiels et les couleurs. Un produit 100% naturel .<\/p>\n<p>&nbsp;<\/p>\n<p>Liste des ingr\u00e9dients: Sesamum Indicum (Organic Sesame Seed Oil), Hydrocotyle Asiatica (Triple infused Organic Gotu Kola Serum), Corylus Avellana (Organic Hazelnut), Coffea arabica (Green Coffee), Simmondsia Chinensis (Organic Jojoba Oil), Triticum Vulgare (Organic Wheatgerm), Citrus paradisi (Grapefruit), Betula lenta (Sweet Birch), Tocopheryl acetate (Vitamin E), *Limonene, *Linalool, *Citral<br \/>\n* Components Of Essential Oils<br \/>\n98.75% ingr\u00e9dients issu de l&rsquo;agriculuture bio<\/p>\n<p>Certifi\u00e9 V\u00e9gan<\/p>\n","protected":false},"excerpt":{"rendered":"<p>HUILE ANTICELLULITE REALLY GOOD BIO FUSHI 100ML L\u2019huile anticellulite really good Bio Fushi\u00a0 aide \u00e0 r\u00e9duire l\u2019apparence de la cellulite, stimule la circulation et favorise une peau plus lisse. Elle a \u00e9t\u00e9 formul\u00e9 avec un puissant m\u00e9lange d\u2019ingr\u00e9dients tr\u00e8s efficaces, stimulants et am\u00e9liorant la circulation. Gotu Kola, l\u2019une des herbes ayurv\u00e9diques les plus renomm\u00e9es et [&hellip;]<\/p>\n","protected":false},"featured_media":4742,"comment_status":"open","ping_status":"closed","template":"","meta":[],"_links":{"self":[{"href":"https:\/\/www.saphy.com\/healthcare-cosmetique\/wp-json\/wp\/v2\/product\/4741"}],"collection":[{"href":"https:\/\/www.saphy.com\/healthcare-cosmetique\/wp-json\/wp\/v2\/product"}],"about":[{"href":"https:\/\/www.saphy.com\/healthcare-cosmetique\/wp-json\/wp\/v2\/types\/product"}],"replies":[{"embeddable":true,"href":"https:\/\/www.saphy.com\/healthcare-cosmetique\/wp-json\/wp\/v2\/comments?post=4741"}],"wp:featuredmedia":[{"embeddable":true,"href":"https:\/\/www.saphy.com\/healthcare-cosmetique\/wp-json\/wp\/v2\/media\/4742"}],"wp:attachment":[{"href":"https:\/\/www.saphy.com\/healthcare-cosmetique\/wp-json\/wp\/v2\/media?parent=4741"}],"curies":[{"name":"wp","href":"https:\/\/api.w.org\/{rel}","templated":true}]}}