{"id":4754,"date":"2021-02-25T16:05:04","date_gmt":"2021-02-25T15:05:04","guid":{"rendered":"https:\/\/www.saphy.com\/healthcare-cosmetique\/?post_type=product&#038;p=4754"},"modified":"2021-10-27T13:12:39","modified_gmt":"2021-10-27T12:12:39","slug":"exfoliant-pour-le-visage-bois-de-santal-et-ylang-ylang-125ml","status":"publish","type":"product","link":"https:\/\/www.saphy.com\/healthcare-cosmetique\/produit\/exfoliant-pour-le-visage-bois-de-santal-et-ylang-ylang-125ml\/","title":{"rendered":"Gommage pour le visage  Bois de santal et Ylang Ylang 125ml"},"content":{"rendered":"<p>Exfoliant pour le visage Bois de santal et Ylang Ylang 125ml<\/p>\n<p><b>Nettoyage et exfoliation en douceur pour les peaux s\u00e8ches et sensibles<\/b><\/p>\n<p>Nettoyez en profondeur avec le gommage visage au bois de santal, rempli de poudre de tige de bambou et de poudre de lave volcanique Perlite, pour \u00e9liminer en douceur les cellules mortes et les impuret\u00e9s. L&rsquo;huile de palme exotique d&rsquo;Amazonie Babassu, l&rsquo;huile de jojoba riche en acides gras pr\u00e9cieux, ainsi que les beurres de cacao et de karit\u00e9 aident \u00e0 pr\u00e9server une hydratation pr\u00e9cieuse et \u00e0 laisser la peau douce et soyeuse. Le somptueux m\u00e9lange d&rsquo;huiles essentielles pr\u00e9cieuses de jasmin, gingembre, lavande, ylang ylang, bois de c\u00e8dre, patchouli, bois de santal et encens laisse la peau et les sens en harmonie.<\/p>\n<p>&nbsp;<\/p>\n<p>PRINCIPAUX ACTIFS ET HUILES ESSENTIELLES<\/p>\n<p>Extrait de fleur de jasmin, extrait de gingembre, extrait de varech<\/p>\n<p>Bois de santal, encens, patchouli, ylang ylang, babassu de lavande et huiles de jojoba<\/p>\n<p>INGREDIENTS<\/p>\n<p>Aqua (eau), alcool c\u00e9t\u00e9arylique, glyc\u00e9rine*, palmitate d&rsquo;isopropyle, huile de graines d&rsquo;Orbignya Oleifera (Babassu), poudre de tige de Bambusa Arundinacea (bambou), triglyc\u00e9ride caprylique\/caprique, st\u00e9arate de glyc\u00e9ryle SE, st\u00e9arate de glyc\u00e9ryle, perlite, ph\u00e9noxy\u00e9thanol,\u00a0 Carbomer, \u00e9thylhexylglyc\u00e9rine, st\u00e9aroyl glutamate de sodium, huile de Lavandula Angustifolia (lavande), huile d&rsquo;olive (v\u00e9g\u00e9tale), huile de feuilles de Rosmarinus Officinalis (romarin), huile de graines de Simmondsia Chinensis (jojoba), beurre de graines de Theobroma Cacao (cacao), Jus de feuille d&rsquo;Aloe Barbadensis***, hydroxyde de sodium, huile de bois de Santalum Spicata (santal), huile de bois de Cedrus Atlantica, huile de Boswellia Carterii (encens), huile de feuilles de ch\u00eane de Pogostemon (patchouli), huile de Salvia Sclarea (sclar\u00e9e), Huile de fleur de Cananga Odorata (Ylang Ylang ), extrait de fleur de Jasminum Grandiflorum (Jasmin), extrait de racine de Zingiber Officinale (Gingembre), extrait de Fucus Vesiculosus (varech), sel de Maris (sel de mer), sorbate de potassium, benzoate de sodium, acide citrique, linalol**. *Origine v\u00e9g\u00e9tale,<\/p>\n<p>**D\u00e9riv\u00e9 naturel des huiles essentielles, ***Organique<\/p>\n<p>Comment l&rsquo;utiliser?<\/p>\n<p>Appliquer l&rsquo;exfoliant pour le visage au bois de santal sur une peau nettoy\u00e9e et humidifi\u00e9e et masser en mouvements circulaires. Rincer \u00e0 l&rsquo;eau ti\u00e8de et utiliser deux fois par semaine pour de meilleurs r\u00e9sultats. \u00c9vitez tout contact avec les yeux et la bouche.<\/p>\n","protected":false},"excerpt":{"rendered":"<p>Exfoliant pour le visage Bois de santal et Ylang Ylang 125ml Nettoyage et exfoliation en douceur pour les peaux s\u00e8ches et sensibles Nettoyez en profondeur avec le gommage visage au bois de santal, rempli de poudre de tige de bambou et de poudre de lave volcanique Perlite, pour \u00e9liminer en douceur les cellules mortes et [&hellip;]<\/p>\n","protected":false},"featured_media":4755,"comment_status":"open","ping_status":"closed","template":"","meta":[],"_links":{"self":[{"href":"https:\/\/www.saphy.com\/healthcare-cosmetique\/wp-json\/wp\/v2\/product\/4754"}],"collection":[{"href":"https:\/\/www.saphy.com\/healthcare-cosmetique\/wp-json\/wp\/v2\/product"}],"about":[{"href":"https:\/\/www.saphy.com\/healthcare-cosmetique\/wp-json\/wp\/v2\/types\/product"}],"replies":[{"embeddable":true,"href":"https:\/\/www.saphy.com\/healthcare-cosmetique\/wp-json\/wp\/v2\/comments?post=4754"}],"wp:featuredmedia":[{"embeddable":true,"href":"https:\/\/www.saphy.com\/healthcare-cosmetique\/wp-json\/wp\/v2\/media\/4755"}],"wp:attachment":[{"href":"https:\/\/www.saphy.com\/healthcare-cosmetique\/wp-json\/wp\/v2\/media?parent=4754"}],"curies":[{"name":"wp","href":"https:\/\/api.w.org\/{rel}","templated":true}]}}