{"id":4756,"date":"2021-02-25T16:17:01","date_gmt":"2021-02-25T15:17:01","guid":{"rendered":"https:\/\/www.saphy.com\/healthcare-cosmetique\/?post_type=product&#038;p=4756"},"modified":"2024-04-02T10:11:53","modified_gmt":"2024-04-02T09:11:53","slug":"masque-visage-bois-de-santal-et-argile-rose-100-ml","status":"publish","type":"product","link":"https:\/\/www.saphy.com\/healthcare-cosmetique\/produit\/masque-visage-bois-de-santal-et-argile-rose-100-ml\/","title":{"rendered":"Masque visage  Bois de santal et argile rose 100 ml"},"content":{"rendered":"<p>Masque visage Bois de santal et argile rose 100 ml<\/p>\n<p><b>Hydratation <\/b><b>en douceur pour les peaux s\u00e8ches et sensibles<\/b><\/p>\n<p>Un masque riche en kaolin pour nettoyer la peau en profondeur et \u00e9vacuer les impuret\u00e9s et la salet\u00e9. Un bel \u00e9quilibre de glyc\u00e9rine pour maintenir une hydratation \u00e9quilibr\u00e9e et des huiles de babassu, d&rsquo;avocat et de jojoba pour sceller l&rsquo;hydratation et la douceur. L&rsquo;\u00e9quilibre unique de l&rsquo;acide hyaluronique et du beurre de karit\u00e9 laisse une peau somptueuse et soyeuse, dorlot\u00e9e par l&rsquo;huile s\u00e9duisante et sacr\u00e9e du bois de santal.<\/p>\n<p>&nbsp;<\/p>\n<p>PRINCIPAUX ACTIFS ET HUILES ESSENTIELLES<\/p>\n<p>Kaolin (argile rose), hyaluronate de sodium (acide hyaluronique), extrait de racine de Zingiber Officinale (gingembre)<\/p>\n<p>Huiles de graines de santal, Orbignya Oleifera (Babussa), Persea Gratissima (Avocat) &amp; Simmondsia Chinensis (Jojoba)<\/p>\n<p>INGREDIENTS<\/p>\n<p>Aqua (eau), Kaolin (argile rose), Glyceryl Stearate SE, Glyc\u00e9rine* d&rsquo;alcool c\u00e9t\u00e9arylique, beurre de Butyrospermum Parkii (karit\u00e9), huile d&rsquo;olive (v\u00e9g\u00e9tale), huile de graines d&rsquo;Orbignya Oleifera (Babussa), huile d&rsquo;avocat Persea Gratissima, Phenoxyethanol, huile de graines de Simmondsia Chinensis (Jojoba), Gomme de xanthane, \u00e9thylhexylglyc\u00e9rine, parfum (fragrance), acide citrique, hyaluronate de sodium (acide hyaluronique), extrait de racine de Zingiber Officinale (gingembre), huile de Santalum Spicata (bois de santal), sorbate de potassium, benzoate de sodium, alpha-isom\u00e9thyl ionone**. *Origine v\u00e9g\u00e9tale, **D\u00e9riv\u00e9 naturel d&rsquo;huiles essentielles.<\/p>\n<pre class=\"tw-data-text tw-text-large XcVN5d tw-ta\" dir=\"ltr\" data-placeholder=\"Traduction\"><\/pre>\n<p>Comment l&rsquo;utiliser?<\/p>\n<p>Appliquez une couche \u00e9paisse de masque facial au bois de santal sur une peau fra\u00eechement nettoy\u00e9e et laissez agir 20 minutes. \u00c9vitez tout contact avec les yeux et la bouche. Rincer \u00e0 l&rsquo;eau ti\u00e8de et utiliser 1 \u00e0 2 fois par semaine pour de meilleurs r\u00e9sultats.<\/p>\n","protected":false},"excerpt":{"rendered":"<p>Masque visage Bois de santal et argile rose 100 ml Hydratation en douceur pour les peaux s\u00e8ches et sensibles Un masque riche en kaolin pour nettoyer la peau en profondeur et \u00e9vacuer les impuret\u00e9s et la salet\u00e9. Un bel \u00e9quilibre de glyc\u00e9rine pour maintenir une hydratation \u00e9quilibr\u00e9e et des huiles de babassu, d&rsquo;avocat et de [&hellip;]<\/p>\n","protected":false},"featured_media":4758,"comment_status":"open","ping_status":"closed","template":"","meta":[],"_links":{"self":[{"href":"https:\/\/www.saphy.com\/healthcare-cosmetique\/wp-json\/wp\/v2\/product\/4756"}],"collection":[{"href":"https:\/\/www.saphy.com\/healthcare-cosmetique\/wp-json\/wp\/v2\/product"}],"about":[{"href":"https:\/\/www.saphy.com\/healthcare-cosmetique\/wp-json\/wp\/v2\/types\/product"}],"replies":[{"embeddable":true,"href":"https:\/\/www.saphy.com\/healthcare-cosmetique\/wp-json\/wp\/v2\/comments?post=4756"}],"wp:featuredmedia":[{"embeddable":true,"href":"https:\/\/www.saphy.com\/healthcare-cosmetique\/wp-json\/wp\/v2\/media\/4758"}],"wp:attachment":[{"href":"https:\/\/www.saphy.com\/healthcare-cosmetique\/wp-json\/wp\/v2\/media?parent=4756"}],"curies":[{"name":"wp","href":"https:\/\/api.w.org\/{rel}","templated":true}]}}