{"id":4759,"date":"2021-02-25T16:22:54","date_gmt":"2021-02-25T15:22:54","guid":{"rendered":"https:\/\/www.saphy.com\/healthcare-cosmetique\/?post_type=product&#038;p=4759"},"modified":"2021-10-27T13:12:06","modified_gmt":"2021-10-27T12:12:06","slug":"creme-pour-le-visage-bois-de-santal-et-beurre-de-cacao-100ml-ayumi-cosmetics","status":"publish","type":"product","link":"https:\/\/www.saphy.com\/healthcare-cosmetique\/produit\/creme-pour-le-visage-bois-de-santal-et-beurre-de-cacao-100ml-ayumi-cosmetics\/","title":{"rendered":"Cr\u00e8me pour le visage Bois de santal et beurre de cacao 100ml Ayumi cosmetics"},"content":{"rendered":"<p>Cr\u00e8me pour le visage Bois de santal et beurre de cacao 100ml Ayumi cosmetics<\/p>\n<p><b>Hydratant et revitalisant pour les peaux s\u00e8ches et sensibles<\/b><\/p>\n<p>Une cr\u00e8me pour chouchouter, caresser et aimer votre peau d&rsquo;une belle douceur \u00e0 l&rsquo;aide de varech et d&rsquo;alo\u00e8s bio.\u00a0 Cette luxueuse friandise pleine d&rsquo;huiles essentielles pr\u00e9cieuses contient du bois de santal, de l&rsquo;encens, de la sauge et du patchouli, du jasmin sensuel, du sari et de la lavande apaisants, ainsi que de l&rsquo;ylang ylang somptueux, pour submerger la peau et les sens d&rsquo;une douceur souple. Le beurre de cacao exotique d&rsquo;Amazonie, les huiles de palmier de Babassu et de Jojoba aident \u00e0 pr\u00e9server une hydratation pr\u00e9cieuse pour laisser votre peau au paradis.<\/p>\n<p>PRINCIPAUX ACTIFS ET HUILES ESSENTIELLES<\/p>\n<p>Extrait de gingembre, extrait de varech<\/p>\n<p>Huile de bois de santal, huile de jasmin, huile de patchouli, ylang ylang, huile de lavande, huile de babassu, huile de jojoba<\/p>\n<p>INGREDIENTS<\/p>\n<p>Aqua (eau), alcool c\u00e9t\u00e9arylique, triglyc\u00e9ride caprylique\/caprique, glyc\u00e9rine*, huile d&rsquo;olive (v\u00e9g\u00e9tale), myristate d&rsquo;isopropyle, st\u00e9arate de glyc\u00e9ryle SE, st\u00e9arate de glyc\u00e9ryle, isom\u00e9rat de saccharide, \u00e9thylhexylglyc\u00e9rine, polyacrylate de sodium, st\u00e9aroyl glutamate de sodium, Huile de graines d&rsquo;Orbignya Oleifera (Babassu), huile de feuilles de Pogostemon Cablin (Patchouli), huile de graines de Simmondsia Chinensis (Jojoba), beurre de graines de Theobroma Cacao (Cacao), jus de feuilles d&rsquo;Aloe Barbadensis (Aloe Vera biologique)***, huile de feuilles de Rosmarinus Officinalis (Romarin), Huile de bois de santal (Santalum Spicatum), huile de lavande (Lavandula Angustifolia), hydroxyde de sodium, huile de fleur de Cananga Odorata (Ylang Ylang), huile d&rsquo;encens (Boswellia Carterii), extrait de fleur de jasmin (Jasmin Officinale), huile de sauge sclar\u00e9e (Salvia Sclarea), Extrait de racine de Zingiber Officinale (gingembre), extrait de Fucus Vesiculosus (varech), sel de Maris (sel de mer), acide citrique, ph\u00e9noxy\u00e9thanol, sorbate de potassium, benzoate de sodium, linalol**, benzoate de benzyle**, farnesol**, limon\u00e8ne**, salicylate de benzyle**. *Origine v\u00e9g\u00e9tale,<\/p>\n<p>**D\u00e9riv\u00e9 naturel des huiles essentielles, ***Organique.<\/p>\n<p>Comment utiliser la\u00a0 Cr\u00e8me pour le visage Bois de santal et beurre de cacao 100ml Ayumi cosmetics ?<\/p>\n<p>Appliquez la cr\u00e8me pour le visage au bois de santal sur une peau fra\u00eechement nettoy\u00e9e et massez en mouvements circulaires pour stimuler la peau. \u00c9vitez tout contact avec les yeux et la bouche.<\/p>\n","protected":false},"excerpt":{"rendered":"<p>Cr\u00e8me pour le visage Bois de santal et beurre de cacao 100ml Ayumi cosmetics Hydratant et revitalisant pour les peaux s\u00e8ches et sensibles Une cr\u00e8me pour chouchouter, caresser et aimer votre peau d&rsquo;une belle douceur \u00e0 l&rsquo;aide de varech et d&rsquo;alo\u00e8s bio.\u00a0 Cette luxueuse friandise pleine d&rsquo;huiles essentielles pr\u00e9cieuses contient du bois de santal, de [&hellip;]<\/p>\n","protected":false},"featured_media":4760,"comment_status":"open","ping_status":"closed","template":"","meta":[],"_links":{"self":[{"href":"https:\/\/www.saphy.com\/healthcare-cosmetique\/wp-json\/wp\/v2\/product\/4759"}],"collection":[{"href":"https:\/\/www.saphy.com\/healthcare-cosmetique\/wp-json\/wp\/v2\/product"}],"about":[{"href":"https:\/\/www.saphy.com\/healthcare-cosmetique\/wp-json\/wp\/v2\/types\/product"}],"replies":[{"embeddable":true,"href":"https:\/\/www.saphy.com\/healthcare-cosmetique\/wp-json\/wp\/v2\/comments?post=4759"}],"wp:featuredmedia":[{"embeddable":true,"href":"https:\/\/www.saphy.com\/healthcare-cosmetique\/wp-json\/wp\/v2\/media\/4760"}],"wp:attachment":[{"href":"https:\/\/www.saphy.com\/healthcare-cosmetique\/wp-json\/wp\/v2\/media?parent=4759"}],"curies":[{"name":"wp","href":"https:\/\/api.w.org\/{rel}","templated":true}]}}