{"id":4761,"date":"2021-02-25T16:32:34","date_gmt":"2021-02-25T15:32:34","guid":{"rendered":"https:\/\/www.saphy.com\/healthcare-cosmetique\/?post_type=product&#038;p=4761"},"modified":"2021-02-25T16:32:34","modified_gmt":"2021-02-25T15:32:34","slug":"lotion-tonique-visage-bois-de-santal-et-aloe-vera-150ml-ayumi-cosmetics","status":"publish","type":"product","link":"https:\/\/www.saphy.com\/healthcare-cosmetique\/produit\/lotion-tonique-visage-bois-de-santal-et-aloe-vera-150ml-ayumi-cosmetics\/","title":{"rendered":"Lotion  Tonique visage Bois de santal et Aloe Vera 150ml Ayumi Cosmetics"},"content":{"rendered":"<p>Lotion Tonique visage Bois de santal et Aloe Vera 150ml Ayumi Cosmetics<\/p>\n<p>Un m\u00e9lange simple d&rsquo;actifs \u00e9prouv\u00e9s et de substances naturelles respect\u00e9es pour conserver un teint d\u00e9licat et une douceur naturelle. La glyc\u00e9rine, dont les qualit\u00e9s de fixation de l&rsquo;eau ont \u00e9t\u00e9 prouv\u00e9es, associ\u00e9e \u00e0 l&rsquo;hyaluronate de sodium et aux extraits d&rsquo;avoine, aide \u00e0 maintenir la peau hydrat\u00e9e et rafra\u00eechie par une pr\u00e9cieuse hydratation tout en laissant la peau sensuellement soyeuse. L&rsquo;Aloe vera biologique est respect\u00e9 pour ses propri\u00e9t\u00e9s rafra\u00eechissantes et apaisantes pour la peau, tandis que l&rsquo;acide lactique et l&rsquo;\u00e9corce de saule tonifient la peau en douceur, favorisant la formation de nouvelles cellules cutan\u00e9es. Un murmure de pr\u00e9cieux bois de santal et de calendula joue le r\u00f4le de gardien des peaux les plus d\u00e9licates et les plus sensibles.<\/p>\n<p>MODE D&rsquo;EMPLOI<\/p>\n<p>A utiliser quotidiennement matin et soir. Appliquer g\u00e9n\u00e9reusement sur un coton et passer doucement sur le visage et le cou. Pour des r\u00e9sultats optimaux, utilisez apr\u00e8s le nettoyage avec un nettoyant ou un gommage pour le visage \u00e0 base d&rsquo;ayumi et faites suivre d&rsquo;un hydratant de jour ou de nuit de la gamme ayumi.\u00a0 Ce produit peut \u00e9galement \u00eatre utilis\u00e9 pour rafra\u00eechir votre peau pendant la journ\u00e9e.<\/p>\n<p>PRINCIPAUX ACTIFS ET HUILES ESSENTIELLES<\/p>\n<p>Glyc\u00e9rine, acide lactique, jus de feuilles d&rsquo;alo\u00e8s Barbadensis biologique, hyaluronate de sodium, huile d&rsquo;album de santal (bois de santal), extrait de fleur de souci, extraits de grains d&rsquo;avoine, extrait d&rsquo;\u00e9corce de saule.<\/p>\n<p>INGR\u00c9DIENTS<\/p>\n<p>Aqua (eau), glyc\u00e9rine*, polysorbate 20, acide lactique, hydroxyde de sodium, ph\u00e9noxy\u00e9thanol, alcool benzylique, extrait d&rsquo;\u00e9corce de Salix Alba (saule), jus de feuille d&rsquo;Aloe Barbadensis biologique en poudre, parfum (fragrance), acide d\u00e9hydroac\u00e9tique, Extrait de fleur de Calendula Officinalis, hyaluronate de sodium, extrait de grain d&rsquo;Avena Sativa (avoine), extrait de farine d&rsquo;Avena Sativa (avoine), phosphate d&rsquo;ascorbyle de sodium, sorbate de potassium, benzoate de sodium, huile de santal (bois de santal). *Origine v\u00e9g\u00e9tale,<\/p>\n<p>***Organique.<\/p>\n<p>Comment utiliser la Lotion Tonique visage Bois de santal et Aloe Vera 150ml Ayumi Cosmetics?<\/p>\n<p>Utiliser quotidiennement matin et soir. Appliquer g\u00e9n\u00e9reusement sur du coton et balayer doucement sur le visage et le cou. Pour des r\u00e9sultats optimaux, utilisez apr\u00e8s le nettoyage avec un nettoyant pour le visage Ayumi ou un gommage visage et suivez avec une cr\u00e8me hydratante de jour ou de nuit de la gamme Ayumi. Ce produit peut \u00e9galement \u00eatre utilis\u00e9 pour rafra\u00eechir votre peau pendant la journ\u00e9e.<\/p>\n","protected":false},"excerpt":{"rendered":"<p>Lotion Tonique visage Bois de santal et Aloe Vera 150ml Ayumi Cosmetics Un m\u00e9lange simple d&rsquo;actifs \u00e9prouv\u00e9s et de substances naturelles respect\u00e9es pour conserver un teint d\u00e9licat et une douceur naturelle. La glyc\u00e9rine, dont les qualit\u00e9s de fixation de l&rsquo;eau ont \u00e9t\u00e9 prouv\u00e9es, associ\u00e9e \u00e0 l&rsquo;hyaluronate de sodium et aux extraits d&rsquo;avoine, aide \u00e0 maintenir [&hellip;]<\/p>\n","protected":false},"featured_media":4762,"comment_status":"open","ping_status":"closed","template":"","meta":[],"_links":{"self":[{"href":"https:\/\/www.saphy.com\/healthcare-cosmetique\/wp-json\/wp\/v2\/product\/4761"}],"collection":[{"href":"https:\/\/www.saphy.com\/healthcare-cosmetique\/wp-json\/wp\/v2\/product"}],"about":[{"href":"https:\/\/www.saphy.com\/healthcare-cosmetique\/wp-json\/wp\/v2\/types\/product"}],"replies":[{"embeddable":true,"href":"https:\/\/www.saphy.com\/healthcare-cosmetique\/wp-json\/wp\/v2\/comments?post=4761"}],"wp:featuredmedia":[{"embeddable":true,"href":"https:\/\/www.saphy.com\/healthcare-cosmetique\/wp-json\/wp\/v2\/media\/4762"}],"wp:attachment":[{"href":"https:\/\/www.saphy.com\/healthcare-cosmetique\/wp-json\/wp\/v2\/media?parent=4761"}],"curies":[{"name":"wp","href":"https:\/\/api.w.org\/{rel}","templated":true}]}}