{"id":4763,"date":"2021-02-25T16:37:25","date_gmt":"2021-02-25T15:37:25","guid":{"rendered":"https:\/\/www.saphy.com\/healthcare-cosmetique\/?post_type=product&#038;p=4763"},"modified":"2021-10-27T13:11:46","modified_gmt":"2021-10-27T12:11:46","slug":"gel-douche-bois-de-santal-et-ylang-ylang-250ml-ayumi-cosmetics","status":"publish","type":"product","link":"https:\/\/www.saphy.com\/healthcare-cosmetique\/produit\/gel-douche-bois-de-santal-et-ylang-ylang-250ml-ayumi-cosmetics\/","title":{"rendered":"Gel douche Bois de santal et Ylang Ylang 250ml Ayumi cosmetics"},"content":{"rendered":"<p>Gel douche Bois de santal et Ylang Ylang 250ml Ayumi cosmetics<\/p>\n<p><b>Nettoyer et apaiser les peaux s\u00e8ches et sensibles<\/b><\/p>\n<p>Gel douche sacr\u00e9 au bois de santal pour nettoyer la peau en douceur sans la priver de sa pr\u00e9cieuse hydratation. Les huiles exotiques de Babassu d&rsquo;Amazonie et de Jojoba caressant donnent une douceur soyeuse aux peaux les plus sensibles. Cette luxueuse friandise pleine d&rsquo;huiles essentielles pr\u00e9cieuses contient du santal sensuel et s\u00e9duisant, de la lavande apaisante, du patchouli pr\u00e9vocateur et un baiser de somptueux Ylang Ylang teint\u00e9 de cannelle pour inonder la peau et la sentir d&rsquo;une douceur souple et sensuelle.<\/p>\n<p>MODE D&rsquo;EMPLOI<\/p>\n<p>Appliquez le gel douche Bois de santal et Ylang Ylang sur la peau humide et rincez \u00e0 l&rsquo;eau chaude.\u00a0 Utilisez quotidiennement pour une sensation de fra\u00eecheur qui dure toute la journ\u00e9e.<\/p>\n<p>ACTIFS CL\u00c9S &amp; HUILES ESSENTIELLES<\/p>\n<p>Graine de Piper Nigrum (poivre noir), racine de Zingiber Officinale (gingembre), fleur de Jasminum Grandiflorum et extrait d&rsquo;\u00e9corce de Cinnamomum Zeylanicum (cannelle)<\/p>\n<p>Cananga Odorata (Ylang Ylang) Fleur, Pogostemon Cablin (Patchouli) Feuille, Lavandula Angustifolia (Lavande), Simmondsia Chinensis (Jojoba) Graine, Orbignya Oleifera (Babussa) Graine &amp; Santalum Spicatum (Bois de santal) Huiles de bois<\/p>\n<p>INGREDIENTS<\/p>\n<p>Aqua (eau), lauryl sulfate d&rsquo;ammonium, coco-glucoside, cocamidopropyl b\u00e9ta\u00efne, copolym\u00e8re d&rsquo;acrylates, parfum (fragrance), glyc\u00e9ryl ol\u00e9ate, glyc\u00e9rine*, laurylsulfosuccinate disodique, huile de fleur de Cananga Odorata (Ylang Ylang), huile de feuille de ch\u00eane pogostemon (patchouli), Huile de Lavandula Angustifolia (Lavande), Huile de graines de Simmondsia Chinensis (Jojoba), Huile de graines d&rsquo;Orbignya Oleifera (Babussa), Huile de bois de Santalum Spicatum (Santal), Extrait de graines de Piper Nigrum (Poivre noir), Extrait de racine de Zingiber Officinale (Gingembre), Extrait de fleur de Jasminum Grandiflorum (Jasmin). , Cinnamomum Zeylanicum (Cannelle) Extrait d&rsquo;\u00e9corce, Chlorure de sodium, Acide citrique, Sorbate de potassium, Benzoate de sodium, Linalol**, Alpha-Isom\u00e9thyl Ionone**. *Origine v\u00e9g\u00e9tale,<\/p>\n<p>**D\u00e9riv\u00e9 naturel des huiles essentielles.<\/p>\n<p>Comment utiliser le Gel douche Bois de santal et Ylang Ylang 250ml Ayumi cosmetics?<\/p>\n<p>Appliquer le Gel douche au bois de santal sur la peau humide et masser en mouvements circulaires. Rincer \u00e0 l&rsquo;eau ti\u00e8de. Utiliser quotidiennement.<\/p>\n","protected":false},"excerpt":{"rendered":"<p>Gel douche Bois de santal et Ylang Ylang 250ml Ayumi cosmetics Nettoyer et apaiser les peaux s\u00e8ches et sensibles Gel douche sacr\u00e9 au bois de santal pour nettoyer la peau en douceur sans la priver de sa pr\u00e9cieuse hydratation. Les huiles exotiques de Babassu d&rsquo;Amazonie et de Jojoba caressant donnent une douceur soyeuse aux peaux [&hellip;]<\/p>\n","protected":false},"featured_media":4764,"comment_status":"open","ping_status":"closed","template":"","meta":[],"_links":{"self":[{"href":"https:\/\/www.saphy.com\/healthcare-cosmetique\/wp-json\/wp\/v2\/product\/4763"}],"collection":[{"href":"https:\/\/www.saphy.com\/healthcare-cosmetique\/wp-json\/wp\/v2\/product"}],"about":[{"href":"https:\/\/www.saphy.com\/healthcare-cosmetique\/wp-json\/wp\/v2\/types\/product"}],"replies":[{"embeddable":true,"href":"https:\/\/www.saphy.com\/healthcare-cosmetique\/wp-json\/wp\/v2\/comments?post=4763"}],"wp:featuredmedia":[{"embeddable":true,"href":"https:\/\/www.saphy.com\/healthcare-cosmetique\/wp-json\/wp\/v2\/media\/4764"}],"wp:attachment":[{"href":"https:\/\/www.saphy.com\/healthcare-cosmetique\/wp-json\/wp\/v2\/media?parent=4763"}],"curies":[{"name":"wp","href":"https:\/\/api.w.org\/{rel}","templated":true}]}}