{"id":4765,"date":"2021-02-25T16:43:13","date_gmt":"2021-02-25T15:43:13","guid":{"rendered":"https:\/\/www.saphy.com\/healthcare-cosmetique\/?post_type=product&#038;p=4765"},"modified":"2021-10-27T13:11:30","modified_gmt":"2021-10-27T12:11:30","slug":"gommage-pour-le-corps-bois-de-santal-et-ylang-ylang-200ml","status":"publish","type":"product","link":"https:\/\/www.saphy.com\/healthcare-cosmetique\/produit\/gommage-pour-le-corps-bois-de-santal-et-ylang-ylang-200ml\/","title":{"rendered":"Gommage pour le corps Bois de santal et Ylang Ylang 200ml"},"content":{"rendered":"<p>Gommage pour le corps Bois de santal et Ylang Ylang 200ml<\/p>\n<p><b>Nettoyage et exfoliation en douceur pour les peaux s\u00e8ches et sensibles<\/b><\/p>\n<p>Une lotion sensuelle pour chouchouter, caresser et aimer sa peau d&rsquo;une belle douceur avec de l&rsquo;hamam\u00e9lis apaisant et calmant. Les huiles exotiques de Babassu d&rsquo;Amazonie et de Jojoba caressant nourrissent une peau douce et soyeuse pour les plus sensibles. Cette luxueuse friandise pleine d&rsquo;huiles essentielles pr\u00e9cieuses contient du bois de santal sensuel et s\u00e9duisant, de la lavande apaisante, du patchouli pr\u00e9vocateur et un baiser de somptueux Ylang Ylang teint\u00e9 d&rsquo;une tentation de cannelle et de gingembre pour inonder la peau et les sens d&rsquo;une douceur souple et sensuelle.<\/p>\n<p>MODE D&rsquo;EMPLOI<\/p>\n<p>Appliquez le gommage corporel au bois de santal sur la peau humide et massez en mouvements circulaires.\u00a0 Rincez \u00e0 l&rsquo;eau ti\u00e8de et utilisez deux fois par semaine pour un r\u00e9sultat optimal.<\/p>\n<p>PRINCIPAUX ACTIFS ET HUILES ESSENTIELLES<\/p>\n<p>Extrait de graines de Piper Nigrum (poivre noir), extrait de racine de Zingiber Officinale (gingembre), extrait de fleur de Jasminum Grandiflorum, extrait d&rsquo;\u00e9corce de Cinnamomum Zeylanicum (cannelle)<\/p>\n<p>Cananga Odorata (Ylang Ylang) Fleur, Pogostemon Cablin ((Patchouli) Feuille, Lavandula Angustifolia (Lavande), Simmondsia Chinensis (Jojoba) Graine, Orbignya Oleifera (Babussa) Graine &amp; Santalum Spicatum (Bois de santal) Huile de bois<\/p>\n<p>INGREDIENTS<\/p>\n<p>Aqua (eau), triglyc\u00e9ride caprylique\/caprique, glyc\u00e9rine*, carbonate de dicaprylyle, alcool d\u00e9natur\u00e9.., Hamamelis Virginiana (hamam\u00e9lis), eau, alcool c\u00e9t\u00e9arylique, st\u00e9arate de glyc\u00e9ryle, parfum (fragrance), dim\u00e9thicone, alcool, polyacrylate de sodium, glutamate de st\u00e9aroyle de sodium, \u00e9thylhexylglyc\u00e9rine, huile de graines d&rsquo;Orbignya Oleifera (Babussa), huile de feuilles de ch\u00eane de Pogostemon (patchouli), huile de graines de Simmondsia Chinensis (jojoba),\u00a0 Huile de fleur de Cananga Odorata (Ylang Ylang), huile de Lavandula Angustifolia (Lavande), hydroxyde de sodium, acide citrique, huile de bois de Santalum Spicatum (Santal), extrait de graines de Piper Nigrum (poivre noir), extrait de racine de Zingiber Officinale (Gingembre), extrait de fleur de Jasminum Grandiflorum (Jasmin). , Cinnamomum Zeylanicum (Cannelle) Extrait d&rsquo;\u00e9corce, Ph\u00e9noxy\u00e9thanol, Sorbate de potassium, Benzoate de sodium, Linalol**, Alpha-Isom\u00e9thyl Ionone**, Limon\u00e8ne**, Benzoate de benzyle**, Salicylate de benzyle**, Farnesol**, G\u00e9raniol**. *Origine v\u00e9g\u00e9tale, **D\u00e9riv\u00e9 naturel des huiles essentielles.<\/p>\n<p>Comment utiliser le Gommage pour le corps Bois de santal et Ylang Ylang 200ml?<\/p>\n<p>Appliquer l&rsquo;exfoliant corporel au bois de santal sur la peau humidifi\u00e9e et masser en mouvements circulaires. Rincer \u00e0 l&rsquo;eau ti\u00e8de et utiliser deux fois par semaine pour de meilleurs r\u00e9sultats.<\/p>\n<p>&nbsp;<\/p>\n","protected":false},"excerpt":{"rendered":"<p>Gommage pour le corps Bois de santal et Ylang Ylang 200ml Nettoyage et exfoliation en douceur pour les peaux s\u00e8ches et sensibles Une lotion sensuelle pour chouchouter, caresser et aimer sa peau d&rsquo;une belle douceur avec de l&rsquo;hamam\u00e9lis apaisant et calmant. Les huiles exotiques de Babassu d&rsquo;Amazonie et de Jojoba caressant nourrissent une peau douce [&hellip;]<\/p>\n","protected":false},"featured_media":4766,"comment_status":"open","ping_status":"closed","template":"","meta":[],"_links":{"self":[{"href":"https:\/\/www.saphy.com\/healthcare-cosmetique\/wp-json\/wp\/v2\/product\/4765"}],"collection":[{"href":"https:\/\/www.saphy.com\/healthcare-cosmetique\/wp-json\/wp\/v2\/product"}],"about":[{"href":"https:\/\/www.saphy.com\/healthcare-cosmetique\/wp-json\/wp\/v2\/types\/product"}],"replies":[{"embeddable":true,"href":"https:\/\/www.saphy.com\/healthcare-cosmetique\/wp-json\/wp\/v2\/comments?post=4765"}],"wp:featuredmedia":[{"embeddable":true,"href":"https:\/\/www.saphy.com\/healthcare-cosmetique\/wp-json\/wp\/v2\/media\/4766"}],"wp:attachment":[{"href":"https:\/\/www.saphy.com\/healthcare-cosmetique\/wp-json\/wp\/v2\/media?parent=4765"}],"curies":[{"name":"wp","href":"https:\/\/api.w.org\/{rel}","templated":true}]}}