{"id":4769,"date":"2021-03-05T10:58:45","date_gmt":"2021-03-05T09:58:45","guid":{"rendered":"https:\/\/www.saphy.com\/healthcare-cosmetique\/?post_type=product&#038;p=4769"},"modified":"2021-10-27T13:11:07","modified_gmt":"2021-10-27T12:11:07","slug":"nettoyant-visage-curcuma-bergamote-ayumi-cosmetics-150-ml","status":"publish","type":"product","link":"https:\/\/www.saphy.com\/healthcare-cosmetique\/produit\/nettoyant-visage-curcuma-bergamote-ayumi-cosmetics-150-ml\/","title":{"rendered":"NETTOYANT  VISAGE CURCUMA  &#038; BERGAMOTE  AYUMI COSMETICS 150 ml"},"content":{"rendered":"<p>Nettoyant Visage Curcuma &amp; Bergamote 150 ml<\/p>\n<p>Nettoyant et exaltant<\/p>\n<p>Pour les peaux mixtes et \u00e0 imperfections<\/p>\n<p>Nettoyez les impuret\u00e9s avec notre nettoyant rafra\u00eechissant pour le visage au curcuma, sp\u00e9cialement formul\u00e9 avec du curcuma et de l\u2019extrait de papaye pour rehausser l\u2019\u00e9clat naturel de la peau. Infus\u00e9 d&rsquo;extrait d&rsquo;Amla, d&rsquo;huile de mandarine et d&rsquo;huile d&rsquo;argan, ce nettoyant pour le visage \u00e9nergisant aide \u00e0 \u00e9lever les sens avec une explosion d&rsquo;ingr\u00e9dients revigorants et aimants pour la peau.<\/p>\n<p>MODE D&rsquo;EMPLOI<\/p>\n<p>Appliquer le nettoyant pour le visage au curcuma sur la peau humidifi\u00e9e et masser en mouvements circulaires. Rincer \u00e0 l&rsquo;eau ti\u00e8de et r\u00e9p\u00e9ter le processus de nettoyage pour de meilleurs r\u00e9sultats. utiliser deux fois par jour pour de meilleurs r\u00e9sultats.<\/p>\n<p>PRINCIPAUX ACTIFS ET HUILES ESSENTIELLES<\/p>\n<p>Extrait de curcuma, extrait de papaye, extrait d&rsquo;amla, vitamine C<\/p>\n<p>Huile de citron, huile de bergamote, huile d&rsquo;eucalyptus, huile de citronnelle, huile de mandarine, huile d&rsquo;argan<\/p>\n<p>INGR\u00c9DIENTS<\/p>\n<p>Aqua (Eau), Cocamidopropyl Betaine, Lauryl Glucoside, Disodium Laureth, Sulfosuccinate, Sodium Chloride, Isostearamide MIPA, Coco-Glucoside, Glyceryl Oleate, Glyceryl Laurate, Sodium Benzoate, Phenoxyethanol, Hydroxypropyl Guar, Hydroxyamrusamurantium Chlorure Huile, acide citrique, huile de zeste de Citrus Nobilis (mandarine), glyc\u00e9rine *, huile de noyau d&rsquo;arganier (argan) spinosa ***, huile de zeste de citron limon (citron), phosphate d&rsquo;ascorbyle de sodium, huile de cymbopogon Schoenanthus, huile de feuille d&rsquo;eucalyptus globulus, carica Extrait de fruit de papaye (papaye), extrait de racine de curcuma longa (curcuma), extrait de Phyllanthus Emblica, sorbate de potassium, citral **, limon\u00e8ne **, linalol **. * Origine v\u00e9g\u00e9tale,<\/p>\n<p>** Naturellement d\u00e9riv\u00e9 d&rsquo;huiles essentielles, *** Bio.<\/p>\n","protected":false},"excerpt":{"rendered":"<p>Nettoyant Visage Curcuma &amp; Bergamote 150 ml Nettoyant et exaltant Pour les peaux mixtes et \u00e0 imperfections Nettoyez les impuret\u00e9s avec notre nettoyant rafra\u00eechissant pour le visage au curcuma, sp\u00e9cialement formul\u00e9 avec du curcuma et de l\u2019extrait de papaye pour rehausser l\u2019\u00e9clat naturel de la peau. Infus\u00e9 d&rsquo;extrait d&rsquo;Amla, d&rsquo;huile de mandarine et d&rsquo;huile d&rsquo;argan, [&hellip;]<\/p>\n","protected":false},"featured_media":4771,"comment_status":"open","ping_status":"closed","template":"","meta":[],"_links":{"self":[{"href":"https:\/\/www.saphy.com\/healthcare-cosmetique\/wp-json\/wp\/v2\/product\/4769"}],"collection":[{"href":"https:\/\/www.saphy.com\/healthcare-cosmetique\/wp-json\/wp\/v2\/product"}],"about":[{"href":"https:\/\/www.saphy.com\/healthcare-cosmetique\/wp-json\/wp\/v2\/types\/product"}],"replies":[{"embeddable":true,"href":"https:\/\/www.saphy.com\/healthcare-cosmetique\/wp-json\/wp\/v2\/comments?post=4769"}],"wp:featuredmedia":[{"embeddable":true,"href":"https:\/\/www.saphy.com\/healthcare-cosmetique\/wp-json\/wp\/v2\/media\/4771"}],"wp:attachment":[{"href":"https:\/\/www.saphy.com\/healthcare-cosmetique\/wp-json\/wp\/v2\/media?parent=4769"}],"curies":[{"name":"wp","href":"https:\/\/api.w.org\/{rel}","templated":true}]}}