{"id":4772,"date":"2021-03-05T11:07:49","date_gmt":"2021-03-05T10:07:49","guid":{"rendered":"https:\/\/www.saphy.com\/healthcare-cosmetique\/?post_type=product&#038;p=4772"},"modified":"2024-04-02T10:10:34","modified_gmt":"2024-04-02T09:10:34","slug":"gommage-visage-curcuma-bergamote-125-ml-ayumi-cosmetics","status":"publish","type":"product","link":"https:\/\/www.saphy.com\/healthcare-cosmetique\/produit\/gommage-visage-curcuma-bergamote-125-ml-ayumi-cosmetics\/","title":{"rendered":"GOMMAGE  VISAGE CURCUMA &#038; BERGAMOTE  125 ml AYUMI COSMETICS"},"content":{"rendered":"<p>Gommage Visage Curcuma &amp; Bergamote 125 ml<\/p>\n<p>Nettoyage en profondeur et exfoliation pour les peaux mixtes et \u00e0 imperfections<\/p>\n<p>Nettoyez en profondeur avec notre gommage au curcuma pour le visage, rempli de poudre de bambou exfoliante pour \u00e9liminer en douceur les cellules mortes et les impuret\u00e9s de la peau. Cette formulation unique est infus\u00e9e d&rsquo;extrait de papaye revigorant, d&rsquo;huile d&rsquo;avocat, de beurre de karit\u00e9, d&rsquo;huile d&rsquo;argan biologique et d&rsquo;huile de bergamote pour laisser votre peau propre, lisse et douce.<\/p>\n<p>MODE D&rsquo;EMPLOI<\/p>\n<p>Appliquez le gommage au curcuma sur la peau nettoy\u00e9e et humidifi\u00e9e et massez en mouvements circulaires. Rincer \u00e0 l&rsquo;eau ti\u00e8de et utiliser deux fois par semaine pour de meilleurs r\u00e9sultats. \u00c9vitez tout contact avec les yeux et la bouche.<\/p>\n<p>PRINCIPAUX ACTIFS ET HUILES ESSENTIELLES<\/p>\n<p>Extrait de curcuma, beurre de karit\u00e9, vitamine C, extrait de papaye, extrait d&rsquo;amla, poudre de bambou<\/p>\n<p>Huile de mandarine, huile de citronnelle, huile de bergamote, huile d&rsquo;eucalyptus, huile de citron, huile d&rsquo;argan, huile d&rsquo;avocat, huile de soja<\/p>\n<p>INGR\u00c9DIENTS<\/p>\n<p>Aqua (Eau), Cocamidopropyl Betaine, Lauryl Glucoside, Disodium Laureth, Sulfosuccinate, Sodium Chloride, Isostearamide MIPA, Coco-Glucoside, Glyceryl Oleate, Glyceryl Laurate, Sodium Benzoate, Phenoxyethanol, Hydroxypropyl Guar, Hydroxyamrusamurantium Chlorure Huile, acide citrique, huile de zeste de Citrus Nobilis (mandarine), glyc\u00e9rine, huile de noyau d&rsquo;arganier (argan) Spinosa, huile de zeste de citron limon (citron), phosphate d&rsquo;ascorbyle de sodium, huile de cymbopogon schoenanthus, huile de feuille d&rsquo;eucalyptus globulus, carica papaye (papaye) Extrait de fruit, extrait de racine de curcuma longa (curcuma), extrait de Phyllanthus Emblica, sorbate de potassium, citral, limon\u00e8ne, linalol.<\/p>\n<h3 class=\"margin-none\">Comment utiliser le Gommage Visage Curcuma &amp; Bergamote 125 ml<\/h3>\n<p class=\"margin-bottom-none\">Appliquer le gommage au curcuma sur la peau nettoy\u00e9e et humidifi\u00e9e et masser en mouvements circulaires.\u00a0Rincer \u00e0 l&rsquo;eau ti\u00e8de et utiliser deux fois par semaine pour de meilleurs r\u00e9sultats.\u00a0\u00c9vitez tout contact avec les yeux et la bouche.<\/p>\n","protected":false},"excerpt":{"rendered":"<p>Gommage Visage Curcuma &amp; Bergamote 125 ml Nettoyage en profondeur et exfoliation pour les peaux mixtes et \u00e0 imperfections Nettoyez en profondeur avec notre gommage au curcuma pour le visage, rempli de poudre de bambou exfoliante pour \u00e9liminer en douceur les cellules mortes et les impuret\u00e9s de la peau. Cette formulation unique est infus\u00e9e d&rsquo;extrait [&hellip;]<\/p>\n","protected":false},"featured_media":4773,"comment_status":"open","ping_status":"closed","template":"","meta":[],"_links":{"self":[{"href":"https:\/\/www.saphy.com\/healthcare-cosmetique\/wp-json\/wp\/v2\/product\/4772"}],"collection":[{"href":"https:\/\/www.saphy.com\/healthcare-cosmetique\/wp-json\/wp\/v2\/product"}],"about":[{"href":"https:\/\/www.saphy.com\/healthcare-cosmetique\/wp-json\/wp\/v2\/types\/product"}],"replies":[{"embeddable":true,"href":"https:\/\/www.saphy.com\/healthcare-cosmetique\/wp-json\/wp\/v2\/comments?post=4772"}],"wp:featuredmedia":[{"embeddable":true,"href":"https:\/\/www.saphy.com\/healthcare-cosmetique\/wp-json\/wp\/v2\/media\/4773"}],"wp:attachment":[{"href":"https:\/\/www.saphy.com\/healthcare-cosmetique\/wp-json\/wp\/v2\/media?parent=4772"}],"curies":[{"name":"wp","href":"https:\/\/api.w.org\/{rel}","templated":true}]}}