{"id":4774,"date":"2021-03-05T11:19:02","date_gmt":"2021-03-05T10:19:02","guid":{"rendered":"https:\/\/www.saphy.com\/healthcare-cosmetique\/?post_type=product&#038;p=4774"},"modified":"2021-10-27T13:10:41","modified_gmt":"2021-10-27T12:10:41","slug":"masque-visage-curcuma-bergamote-100-ml-ayumi-cosmetics","status":"publish","type":"product","link":"https:\/\/www.saphy.com\/healthcare-cosmetique\/produit\/masque-visage-curcuma-bergamote-100-ml-ayumi-cosmetics\/","title":{"rendered":"MASQUE VISAGE CURCUMA  &#038; BERGAMOTE  100 ml AYUMI COSMETICS"},"content":{"rendered":"<p>MASQUE VISAGE CURCUMA &amp; BERGAMOTE 100 ml AYUMI COSMETICS<\/p>\n<p>Nourrissant et \u00e9quilibrant<\/p>\n<p>Pour les peaux mixtes et \u00e0 imperfections<\/p>\n<p>Nourrissez votre peau avec notre masque facial au curcuma, une formule avanc\u00e9e pour aider \u00e0 raviver l&rsquo;\u00e9clat de la peau et \u00e0 \u00e9quilibrer le teint. Avec de l&rsquo;argile de kaolin pour \u00e9liminer les impuret\u00e9s, et de la papaye et de l&rsquo;huile d&rsquo;argan biologique pour sublimer le teint et am\u00e9liorer la texture de la peau, votre peau retrouvera une sensation de souplesse, d&rsquo;\u00e9nergie et de conditionnement.<\/p>\n<p>MODE D&rsquo;EMPLOI<br \/>\nAppliquez une couche \u00e9paisse de masque au curcuma sur la peau fra\u00eechement nettoy\u00e9e et laissez agir 20 minutes. \u00c9vitez tout contact avec les yeux et la bouche. Rincer \u00e0 l&rsquo;eau ti\u00e8de et utiliser 1 \u00e0 2 fois par semaine pour de meilleurs r\u00e9sultats.<br \/>\nPRINCIPAUX ACTIFS ET HUILES ESSENTIELLES<br \/>\nGlyc\u00e9rine, kaolin, extrait d&rsquo;amla, extrait de curcuma, vitamine C, extrait de papaye huile de bergamote, huile d&rsquo;eucalyptus, huile de citron, huile de mandarine, huile de citronnelle, huile d&rsquo;argan<br \/>\nINGR\u00c9DIENTS<br \/>\nAqua (eau), kaolin, st\u00e9arate de glyc\u00e9ryle SE, alcool c\u00e9t\u00e9arylique, glyc\u00e9rine *, ph\u00e9noxy\u00e9thanol, gomme de xanthane, \u00e9thylhexylglyc\u00e9rine, huile de fruit Citrus Aurantium Bergamia (bergamote), Citrus Nobilis (mandarine) huile de pelure, huile d&rsquo;arganier (arganier) spinosa noyau **, acide citrique, extrait de racine de curcuma longa (curcuma), huile de zeste de citron limon (citron), huile de cymbopogon schoenanthus, huile de feuille d&rsquo;eucalyptus globulus, phosphate d&rsquo;ascorbyle de sodium, extrait de fruit de carica papaye (papaye), extrait de Phyllanthus Emblica, sorbate de potassium, Benzoate de sodium, Citral **, Limon\u00e8ne **, Linalool **. * Origine v\u00e9g\u00e9tale, ** Naturellement d\u00e9riv\u00e9e d&rsquo;huiles essentielles, *** Biologique.<\/p>\n<h3 class=\"margin-none\">Comment utiliser le MASQUE VISAGE CURCUMA &amp; BERGAMOTE 100 ml AYUMI COSMETICS ?<\/h3>\n<p class=\"margin-bottom-none\">Appliquez une couche \u00e9paisse de masque au curcuma sur la peau fra\u00eechement nettoy\u00e9e et laissez agir 20 minutes.\u00a0\u00c9vitez tout contact avec les yeux et la bouche.\u00a0Rincer \u00e0 l&rsquo;eau ti\u00e8de et utiliser 1 \u00e0 2 fois par semaine pour de meilleurs r\u00e9sultats.<\/p>\n","protected":false},"excerpt":{"rendered":"<p>MASQUE VISAGE CURCUMA &amp; BERGAMOTE 100 ml AYUMI COSMETICS Nourrissant et \u00e9quilibrant Pour les peaux mixtes et \u00e0 imperfections Nourrissez votre peau avec notre masque facial au curcuma, une formule avanc\u00e9e pour aider \u00e0 raviver l&rsquo;\u00e9clat de la peau et \u00e0 \u00e9quilibrer le teint. Avec de l&rsquo;argile de kaolin pour \u00e9liminer les impuret\u00e9s, et de [&hellip;]<\/p>\n","protected":false},"featured_media":4775,"comment_status":"open","ping_status":"closed","template":"","meta":[],"_links":{"self":[{"href":"https:\/\/www.saphy.com\/healthcare-cosmetique\/wp-json\/wp\/v2\/product\/4774"}],"collection":[{"href":"https:\/\/www.saphy.com\/healthcare-cosmetique\/wp-json\/wp\/v2\/product"}],"about":[{"href":"https:\/\/www.saphy.com\/healthcare-cosmetique\/wp-json\/wp\/v2\/types\/product"}],"replies":[{"embeddable":true,"href":"https:\/\/www.saphy.com\/healthcare-cosmetique\/wp-json\/wp\/v2\/comments?post=4774"}],"wp:featuredmedia":[{"embeddable":true,"href":"https:\/\/www.saphy.com\/healthcare-cosmetique\/wp-json\/wp\/v2\/media\/4775"}],"wp:attachment":[{"href":"https:\/\/www.saphy.com\/healthcare-cosmetique\/wp-json\/wp\/v2\/media?parent=4774"}],"curies":[{"name":"wp","href":"https:\/\/api.w.org\/{rel}","templated":true}]}}