{"id":4776,"date":"2021-03-05T11:30:33","date_gmt":"2021-03-05T10:30:33","guid":{"rendered":"https:\/\/www.saphy.com\/healthcare-cosmetique\/?post_type=product&#038;p=4776"},"modified":"2021-10-27T13:10:22","modified_gmt":"2021-10-27T12:10:22","slug":"creme-visage-au-curcuma-et-beurre-de-karite-100-ml-ayumi-cosmetics","status":"publish","type":"product","link":"https:\/\/www.saphy.com\/healthcare-cosmetique\/produit\/creme-visage-au-curcuma-et-beurre-de-karite-100-ml-ayumi-cosmetics\/","title":{"rendered":"Cr\u00e8me Visage au Curcuma et beurre de karit\u00e9  100 ml AYUMI COSMETICS"},"content":{"rendered":"<p>Cr\u00e8me Visage au Curcuma et beurre de karit\u00e9 100 ml AYUMI COSMETICS<\/p>\n<p>Hydratant et Nourrissant<\/p>\n<p>Pour les peaux mixtes et \u00e0 imperfections<\/p>\n<p>Bloquez l&rsquo;hydratation avec notre cr\u00e8me pour le visage au curcuma, remplie d&rsquo;huile d&rsquo;argan biologique et de curcuma Tego, qui nourrit et enveloppe la peau d&rsquo;un voile de douceur. Infus\u00e9e d&rsquo;ingr\u00e9dients exotiques d&rsquo;extrait de curcuma, de beurre de karit\u00e9 et d&rsquo;huile de mandarine, cette formulation cr\u00e9meuse fond dans la peau pour soutenir un teint ultra lisse et lumineux.<\/p>\n<p>MODE D&rsquo;EMPLOI<\/p>\n<p>Appliquez la cr\u00e8me pour le visage au curcuma sur une peau fra\u00eechement nettoy\u00e9e et massez en mouvements circulaires pour stimuler. \u00c9vitez tout contact avec les yeux et la bouche.<\/p>\n<p>PRINCIPAUX ACTIFS ET HUILES ESSENTIELLES<\/p>\n<p>Glyc\u00e9rine, beurre de karit\u00e9, extrait de curcuma, vitamine C, extrait de papaye, extrait peptidique, extrait d&rsquo;amla<\/p>\n<p>Huile de bergamote, huile de citron, huile d&rsquo;eucalyptus, huile de mandarine, huile de citronnelle, huile d&rsquo;argan, huile raffin\u00e9e de Kukui, huile de tournesol<\/p>\n<p>INGR\u00c9DIENTS<\/p>\n<p>Aqua (eau), alcool c\u00e9t\u00e9arylique, glyc\u00e9rine *, palmitate d&rsquo;isopropyle, huile de graine d&rsquo;Helianthus Annuus (tournesol), st\u00e9arate de glyc\u00e9ryle SE, st\u00e9arate de glyc\u00e9ryle, ph\u00e9noxy\u00e9thanol, triglyc\u00e9ride caprylique \/ caprique (d\u00e9riv\u00e9 de la noix de coco), huile de fruit de Citrus Aurantium Bergamia (Bergamlycine) , Polyacrylate de sodium, st\u00e9aroyl glutamate de sodium, huile d&rsquo;\u00e9corce de Citrus Nobilis (mandarine), huile de graine d&rsquo;Aleurites Moluccana (kukui), huile de noyau d&rsquo;arganier (argan) Spinosa ***, beurre de Butyrospermum Parkii (karit\u00e9), huile d&rsquo;\u00e9corce d&rsquo;agrumes limon (citron) , Extrait de racine de curcuma longa (curcuma), phosphate d&rsquo;ascorbyle de sodium, huile de cymbopogon schoenanthus (citronnelle), huile de feuille d&rsquo;eucalyptus globulus, hydroxyde de sodium, extrait de fruit de carica papaya (papaye), extrait de Phyllanthus Emblica, sorbate de potassium, t\u00e9trapeptide-30, citral * *, Limon\u00e8ne **, Linalool **.<\/p>\n<p>* Origine v\u00e9g\u00e9tale, ** Naturellement d\u00e9riv\u00e9e d&rsquo;huiles essentielles, *** Biologique.<\/p>\n<h3 class=\"margin-none\"><span>Comment utiliser la Cr\u00e8me Visage au Curcuma et beurre de karit\u00e9 100 ml AYUMI COSMETICS<\/span><\/h3>\n<h1 class=\"product_title entry-title\"><\/h1>\n","protected":false},"excerpt":{"rendered":"<p>Cr\u00e8me Visage au Curcuma et beurre de karit\u00e9 100 ml AYUMI COSMETICS Hydratant et Nourrissant Pour les peaux mixtes et \u00e0 imperfections Bloquez l&rsquo;hydratation avec notre cr\u00e8me pour le visage au curcuma, remplie d&rsquo;huile d&rsquo;argan biologique et de curcuma Tego, qui nourrit et enveloppe la peau d&rsquo;un voile de douceur. Infus\u00e9e d&rsquo;ingr\u00e9dients exotiques d&rsquo;extrait de [&hellip;]<\/p>\n","protected":false},"featured_media":4777,"comment_status":"open","ping_status":"closed","template":"","meta":[],"_links":{"self":[{"href":"https:\/\/www.saphy.com\/healthcare-cosmetique\/wp-json\/wp\/v2\/product\/4776"}],"collection":[{"href":"https:\/\/www.saphy.com\/healthcare-cosmetique\/wp-json\/wp\/v2\/product"}],"about":[{"href":"https:\/\/www.saphy.com\/healthcare-cosmetique\/wp-json\/wp\/v2\/types\/product"}],"replies":[{"embeddable":true,"href":"https:\/\/www.saphy.com\/healthcare-cosmetique\/wp-json\/wp\/v2\/comments?post=4776"}],"wp:featuredmedia":[{"embeddable":true,"href":"https:\/\/www.saphy.com\/healthcare-cosmetique\/wp-json\/wp\/v2\/media\/4777"}],"wp:attachment":[{"href":"https:\/\/www.saphy.com\/healthcare-cosmetique\/wp-json\/wp\/v2\/media?parent=4776"}],"curies":[{"name":"wp","href":"https:\/\/api.w.org\/{rel}","templated":true}]}}