{"id":4778,"date":"2021-03-05T11:38:36","date_gmt":"2021-03-05T10:38:36","guid":{"rendered":"https:\/\/www.saphy.com\/healthcare-cosmetique\/?post_type=product&#038;p=4778"},"modified":"2021-10-27T13:09:16","modified_gmt":"2021-10-27T12:09:16","slug":"lotion-tonique-eclat-au-curcuma-papaye-ayumi-cosmetics","status":"publish","type":"product","link":"https:\/\/www.saphy.com\/healthcare-cosmetique\/produit\/lotion-tonique-eclat-au-curcuma-papaye-ayumi-cosmetics\/","title":{"rendered":"Lotion tonique \u00e9clat au Curcuma &#038; Papaye Ayumi Cosmetics"},"content":{"rendered":"<p>Lotion tonique \u00e9clat au Curcuma &amp; Papaye Ayumi Cosmetics<\/p>\n<p>Un m\u00e9lange d&rsquo;ingr\u00e9dients actifs prouv\u00e9s et de produits naturels\u00a0 qui favorise un teint frais et un \u00e9clat naturel. La glyc\u00e9rine, utilis\u00e9e par des g\u00e9n\u00e9rations pour ses qualit\u00e9s de r\u00e9tention d&rsquo;eau, aide \u00e0 maintenir la peau hydrat\u00e9e. L&rsquo;aloe vera est respect\u00e9 pour ses propri\u00e9t\u00e9s rafra\u00eechissantes et apaisantes pour la peau, tandis que l&rsquo;acide glycolique favorise tranquillement la formation de nouvelles cellules cutan\u00e9es tout en tonifiant la peau en douceur. Une d\u00e9licate infusion de plantes traditionnelles &#8211; curcuma, papaye et amla &#8211; caresse la peau avec ses soins sensibles.<\/p>\n<h3 class=\"margin-none\">Actifs cl\u00e9s<\/h3>\n<ul class=\"padding-none is-unstyled\">\n<li>glyc\u00e9rine<\/li>\n<li>Acide glycolique<\/li>\n<li>Jus de feuille d&rsquo;alo\u00e8s biologique<\/li>\n<li>Extrait de curcuma<\/li>\n<li>Extrait de papaye<\/li>\n<li>Extrait d&rsquo;Amla<\/li>\n<\/ul>\n<h3 class=\"margin-none\">Ingr\u00e9dients complets<\/h3>\n<p>Aqua (eau), glyc\u00e9rine *, polysorbate 20, acide glycolique, hydroxyde de sodium, ph\u00e9noxy\u00e9thanol, alcool benzylique, parfum (parfum), jus de feuille d&rsquo;aloe barbadensis ***, acide d\u00e9shydroac\u00e9tique, extrait de racine de curcuma longa (curcuma), carica papaya (papaye) ) Extrait de fruit, extrait de Phyllanthus Emblica (Amla), sorbate de potassium, benzoate de sodium, benzoate de benzyle **, salicylate de benzyle **, citral **, citronellol **, coumarine **, hexyl cinnamal, limon\u00e8ne **, linalol **.<br \/>\n* Origine v\u00e9g\u00e9tale, ** Naturellement d\u00e9riv\u00e9e d&rsquo;huiles essentielles, *** Biologique.<\/p>\n<h3 class=\"margin-none\">Comment utiliser la Lotion tonique \u00e9clat au Curcuma &amp; Papaye Ayumi Cosmetics<\/h3>\n<p class=\"margin-bottom-none\">Utiliser quotidiennement matin et soir.\u00a0Appliquer g\u00e9n\u00e9reusement sur du coton et balayer doucement sur le visage et le cou.\u00a0Pour des r\u00e9sultats optimaux, utiliser apr\u00e8s le nettoyage avec un nettoyant pour le visage Ayumi ou un gommage du visage et suivre avec une cr\u00e8me hydratante de jour ou de nuit de la gamme Ayumi.\u00a0Ce produit peut \u00e9galement \u00eatre utilis\u00e9 pour rafra\u00eechir votre peau pendant la journ\u00e9e.<\/p>\n","protected":false},"excerpt":{"rendered":"<p>Lotion tonique \u00e9clat au Curcuma &amp; Papaye Ayumi Cosmetics Un m\u00e9lange d&rsquo;ingr\u00e9dients actifs prouv\u00e9s et de produits naturels\u00a0 qui favorise un teint frais et un \u00e9clat naturel. La glyc\u00e9rine, utilis\u00e9e par des g\u00e9n\u00e9rations pour ses qualit\u00e9s de r\u00e9tention d&rsquo;eau, aide \u00e0 maintenir la peau hydrat\u00e9e. L&rsquo;aloe vera est respect\u00e9 pour ses propri\u00e9t\u00e9s rafra\u00eechissantes et apaisantes [&hellip;]<\/p>\n","protected":false},"featured_media":4779,"comment_status":"open","ping_status":"closed","template":"","meta":[],"_links":{"self":[{"href":"https:\/\/www.saphy.com\/healthcare-cosmetique\/wp-json\/wp\/v2\/product\/4778"}],"collection":[{"href":"https:\/\/www.saphy.com\/healthcare-cosmetique\/wp-json\/wp\/v2\/product"}],"about":[{"href":"https:\/\/www.saphy.com\/healthcare-cosmetique\/wp-json\/wp\/v2\/types\/product"}],"replies":[{"embeddable":true,"href":"https:\/\/www.saphy.com\/healthcare-cosmetique\/wp-json\/wp\/v2\/comments?post=4778"}],"wp:featuredmedia":[{"embeddable":true,"href":"https:\/\/www.saphy.com\/healthcare-cosmetique\/wp-json\/wp\/v2\/media\/4779"}],"wp:attachment":[{"href":"https:\/\/www.saphy.com\/healthcare-cosmetique\/wp-json\/wp\/v2\/media?parent=4778"}],"curies":[{"name":"wp","href":"https:\/\/api.w.org\/{rel}","templated":true}]}}