{"id":4781,"date":"2021-03-05T11:45:24","date_gmt":"2021-03-05T10:45:24","guid":{"rendered":"https:\/\/www.saphy.com\/healthcare-cosmetique\/?post_type=product&#038;p=4781"},"modified":"2021-10-27T13:08:53","modified_gmt":"2021-10-27T12:08:53","slug":"gel-douche-huile-de-curcuma-et-argan-ayumi-cosmetics-250ml","status":"publish","type":"product","link":"https:\/\/www.saphy.com\/healthcare-cosmetique\/produit\/gel-douche-huile-de-curcuma-et-argan-ayumi-cosmetics-250ml\/","title":{"rendered":"GEL DOUCHE HUILE DE CURCUMA ET ARGAN AYUMI COSMETICS 250ML"},"content":{"rendered":"<p>GEL DOUCHE HUILE DE CURCUMA ET ARGAN AYUMI COSMETICS 250ML<\/p>\n<p>Nettoyant et stimulant<\/p>\n<p>Pour les peaux mixtes et \u00e0 imperfections<\/p>\n<p>Nettoyez votre peau avec notre gel douche zest\u00e9 au curcuma, \u00e0 la texture luxueuse et au parfum enchanteur. Avec cette formulation unique et \u00e9nergisante d&rsquo;extrait de curcuma, d&rsquo;extrait d&rsquo;amla, d&rsquo;huile de mandarine, d&rsquo;extrait de papaye et d&rsquo;huile d&rsquo;argan biologique, votre peau sera profond\u00e9ment nettoy\u00e9e, rafra\u00eechie et prot\u00e9g\u00e9e.<\/p>\n<p>MODE D&rsquo;EMPLOI<\/p>\n<p>Appliquer le GEL DOUCHE HUILE DE CURCUMA ET ARGAN AYUMI COSMETICS 250ML sur peau humide et masser en mouvements circulaires. Rincer \u00e0 l&rsquo;eau ti\u00e8de. Utiliser quotidiennement.<\/p>\n<p>PRINCIPAUX ACTIFS ET HUILES ESSENTIELLES<\/p>\n<p>Extrait de curcuma, extrait de papaye, extrait d&rsquo;amla<\/p>\n<p>Vitamine C, huile d&rsquo;argan, huile de mandarine, huile de citronnelle, huile d&rsquo;eucalyptus, huile de citron<\/p>\n<p>INGR\u00c9DIENTS<\/p>\n<p>Aqua (Eau), Glyc\u00e9rine *, Lauryl Sulfate d&rsquo;ammonium, Coco-Glucoside, Extrait de Carica Papaya Fruit (Papaye), Polysorbate 20, Cocamidopropyl Betaine, Acrylates Copolymer, Parfum (Fragrance), Glyceryl Oleate, Sodium Chloride, Glyceryl Laurate, Sodium Hydroxide, \u00c9thylhexylglyc\u00e9rine, huile de noyau d&rsquo;arganier (Argan) Spinosa ***, phosphate d&rsquo;ascorbyle de sodium, huile de feuille d&rsquo;eucalyptus globulus, huile de zeste d&rsquo;agrumes limon (citron), huile d&rsquo;\u00e9corce de Citrus Nobilis (mandarine), huile de cymbopogon Schoeanthus, extrait de racine de curcuma longa (curcuma) , Extrait de Phyllanthus Emblica, ph\u00e9noxy\u00e9thanol, benzoate de sodium, sorbate de potassium, limon\u00e8ne **, linalol **, hexyl cinnamal **, benzoate de benzyle **, salicylate de benzyle **, citral **, cintronellol **. * Origine v\u00e9g\u00e9tale,<\/p>\n<p>** Naturellement d\u00e9riv\u00e9 d&rsquo;huiles essentielles, *** Bio.<\/p>\n<p>&nbsp;<\/p>\n","protected":false},"excerpt":{"rendered":"<p>GEL DOUCHE HUILE DE CURCUMA ET ARGAN AYUMI COSMETICS 250ML Nettoyant et stimulant Pour les peaux mixtes et \u00e0 imperfections Nettoyez votre peau avec notre gel douche zest\u00e9 au curcuma, \u00e0 la texture luxueuse et au parfum enchanteur. Avec cette formulation unique et \u00e9nergisante d&rsquo;extrait de curcuma, d&rsquo;extrait d&rsquo;amla, d&rsquo;huile de mandarine, d&rsquo;extrait de papaye [&hellip;]<\/p>\n","protected":false},"featured_media":4782,"comment_status":"open","ping_status":"closed","template":"","meta":[],"_links":{"self":[{"href":"https:\/\/www.saphy.com\/healthcare-cosmetique\/wp-json\/wp\/v2\/product\/4781"}],"collection":[{"href":"https:\/\/www.saphy.com\/healthcare-cosmetique\/wp-json\/wp\/v2\/product"}],"about":[{"href":"https:\/\/www.saphy.com\/healthcare-cosmetique\/wp-json\/wp\/v2\/types\/product"}],"replies":[{"embeddable":true,"href":"https:\/\/www.saphy.com\/healthcare-cosmetique\/wp-json\/wp\/v2\/comments?post=4781"}],"wp:featuredmedia":[{"embeddable":true,"href":"https:\/\/www.saphy.com\/healthcare-cosmetique\/wp-json\/wp\/v2\/media\/4782"}],"wp:attachment":[{"href":"https:\/\/www.saphy.com\/healthcare-cosmetique\/wp-json\/wp\/v2\/media?parent=4781"}],"curies":[{"name":"wp","href":"https:\/\/api.w.org\/{rel}","templated":true}]}}